{"id":692631,"date":"2025-08-27T14:07:43","date_gmt":"2025-08-27T11:07:43","guid":{"rendered":"https:\/\/roveyayinevi.com.tr\/index.php\/urun\/kara-mizah-antolojisi\/"},"modified":"2026-04-16T02:02:36","modified_gmt":"2026-04-15T23:02:36","slug":"kara-mizah-antolojisi","status":"publish","type":"product","link":"https:\/\/roveyayinevi.com.tr\/index.php\/urun\/kara-mizah-antolojisi\/","title":{"rendered":"Kara Mizah Antolojisi"},"content":{"rendered":"<p>G\u00fcl\u00fcnecek bir \u015fey yok, oysa g\u00fcl\u00fcyoruz. \u00dcstelik: G\u00fcl\u00fcyoruz, ama can\u0131m\u0131z\u0131 ac\u0131t\u0131yor g\u00fclmek. B\u00fct\u00fcn renklerden g\u00fcl\u00fcyoruz, bir de siyah, simsiyah bir g\u00fcl\u00fc\u015f\u00fcm\u00fcz var. Andr\u00e9 Breton, Kara Mizah\u0131 &#8220;ayd\u0131n ki\u015finin tekl\u00fcks\u00fc&#8221; say\u0131yor. Hayat\u0131nda ba\u015fka hi\u00e7bir l\u00fckse yer a\u00e7mam\u0131\u015f insanlar i\u00e7in bu sert, amans\u0131z s\u00f6z ya\u011fmuru \u00f6nemli bir s\u0131\u011f\u0131nak.Enis Batur&#8217;un haz\u0131rlad\u0131\u011f\u0131, D\u00fcnya Edebiyat\u0131ndan ve T\u00fcrk Edebiyat\u0131ndan en g\u00f6z\u00fcpek \u00f6rnekleri bir araya getiren Kara Mizah Antolojisi, y\u0131llara meydan okuyan bir kaynak. Kara Mizah: Kanl\u0131 bir kristal.  <\/p>\n","protected":false},"excerpt":{"rendered":"<p>G\u00fcl\u00fcnecek bir \u015fey yok, oysa g\u00fcl\u00fcyoruz. \u00dcstelik: G\u00fcl\u00fcyoruz, ama can\u0131m\u0131z\u0131 ac\u0131t\u0131yor g\u00fclmek. B\u00fct\u00fcn renklerden g\u00fcl\u00fcyoruz, bir de siyah, simsiyah bir g\u00fcl\u00fc\u015f\u00fcm\u00fcz var. Andr\u00e9 Breton, Kara Mizah\u0131<span class=\"excerpt-hellip\"> [\u2026]<\/span><\/p>\n","protected":false},"featured_media":0,"template":"","meta":{"_monsterinsights_skip_tracking":false,"_monsterinsights_sitenote_active":false,"_monsterinsights_sitenote_note":"","_monsterinsights_sitenote_category":0},"product_brand":[],"product_cat":[12477,12364],"product_tag":[],"class_list":{"0":"post-692631","1":"product","2":"type-product","3":"status-publish","5":"product_cat-eglence-mizah","6":"product_cat-genel-konular","7":"pa_cilt-ciltsiz","8":"pa_tur-kitap","9":"pa_yayinevi-sel-yayincilik","10":"pa_yazar-enis-batur","12":"first","13":"instock","14":"sale","15":"shipping-taxable","16":"purchasable","17":"product-type-simple"},"_links":{"self":[{"href":"https:\/\/roveyayinevi.com.tr\/index.php\/wp-json\/wp\/v2\/product\/692631","targetHints":{"allow":["GET"]}}],"collection":[{"href":"https:\/\/roveyayinevi.com.tr\/index.php\/wp-json\/wp\/v2\/product"}],"about":[{"href":"https:\/\/roveyayinevi.com.tr\/index.php\/wp-json\/wp\/v2\/types\/product"}],"wp:attachment":[{"href":"https:\/\/roveyayinevi.com.tr\/index.php\/wp-json\/wp\/v2\/media?parent=692631"}],"wp:term":[{"taxonomy":"product_brand","embeddable":true,"href":"https:\/\/roveyayinevi.com.tr\/index.php\/wp-json\/wp\/v2\/product_brand?post=692631"},{"taxonomy":"product_cat","embeddable":true,"href":"https:\/\/roveyayinevi.com.tr\/index.php\/wp-json\/wp\/v2\/product_cat?post=692631"},{"taxonomy":"product_tag","embeddable":true,"href":"https:\/\/roveyayinevi.com.tr\/index.php\/wp-json\/wp\/v2\/product_tag?post=692631"}],"curies":[{"name":"wp","href":"https:\/\/api.w.org\/{rel}","templated":true}]}}