{"id":692630,"date":"2025-08-27T14:07:42","date_gmt":"2025-08-27T11:07:42","guid":{"rendered":"https:\/\/roveyayinevi.com.tr\/index.php\/urun\/yemek-sosyolojisi\/"},"modified":"2026-04-16T02:02:36","modified_gmt":"2026-04-15T23:02:36","slug":"yemek-sosyolojisi","status":"publish","type":"product","link":"https:\/\/roveyayinevi.com.tr\/index.php\/urun\/yemek-sosyolojisi\/","title":{"rendered":"Yemek Sosyolojisi"},"content":{"rendered":"<p>Sosyoloji nedir? Sorusunun cevab\u0131n\u0131 vermek kolay olarak g\u00f6r\u00fclse de olduk\u00e7a zordur. Bu zorluk, kavram\u0131n ifade bulaca\u011f\u0131 somutlamalar\u0131 yapman\u0131n g\u00fc\u00e7l\u00fc\u011f\u00fcnden kaynaklanmaktad\u0131r. Bu durum sosyolojinin di\u011fer sosyal disiplinlerle olan ili\u015fkilerine de yans\u0131maktad\u0131r. Bu da sosyolojinin \u00e7al\u0131\u015fma alan\u0131n\u0131n s\u0131n\u0131rlar\u0131n\u0131 \u00e7izmeyi zorla\u015ft\u0131rmaktad\u0131r. \u0130\u00e7inde ya\u015fad\u0131\u011f\u0131m\u0131z d\u00f6nemde k\u00fclt\u00fcrel \u00e7al\u0131\u015fmalar alan\u0131n\u0131n a\u00e7\u0131lmas\u0131yla sorun k\u0131smen \u00e7\u00f6z\u00fclm\u00fc\u015f gibi g\u00f6r\u00fclmektedir. Ancak bu durum belki de sosyolojinin kendine  ait olan\u0131 korumas\u0131n\u0131 zorla\u015ft\u0131racakt\u0131r.  Bu eser, sosyolojiyi ve \u00e7al\u0131\u015fma alan\u0131n\u0131 yemek ve mutfak \u00fczerinden tan\u0131mlama \u00e7abas\u0131d\u0131r. Yemek ve mutfak \u00fczerinden sosyoloji yapmaya \u00e7al\u0131\u015fmak, besinlerin yeti\u015ftikleri fiziksel \u00e7evreden farkl\u0131 olarak k\u00fclt\u00fcrel alana ta\u015f\u0131nmas\u0131n\u0131 ama\u00e7lamaktad\u0131r. Bu \u00e7al\u0131\u015fman\u0131n T\u00fcrk yemek sosyolojisi alan\u0131n\u0131n olu\u015fmas\u0131na katk\u0131 yapmas\u0131 dile\u011fiyle.   <\/p>\n","protected":false},"excerpt":{"rendered":"<p>Sosyoloji nedir? Sorusunun cevab\u0131n\u0131 vermek kolay olarak g\u00f6r\u00fclse de olduk\u00e7a zordur. Bu zorluk, kavram\u0131n ifade bulaca\u011f\u0131 somutlamalar\u0131 yapman\u0131n g\u00fc\u00e7l\u00fc\u011f\u00fcnden kaynaklanmaktad\u0131r. Bu durum sosyolojinin di\u011fer sosyal disiplinlerle<span class=\"excerpt-hellip\"> [\u2026]<\/span><\/p>\n","protected":false},"featured_media":0,"template":"","meta":{"_monsterinsights_skip_tracking":false,"_monsterinsights_sitenote_active":false,"_monsterinsights_sitenote_note":"","_monsterinsights_sitenote_category":0},"product_brand":[],"product_cat":[12325,12324],"product_tag":[],"class_list":{"0":"post-692630","1":"product","2":"type-product","3":"status-publish","5":"product_cat-diger-sosyoloji","6":"product_cat-sosyoloji","7":"pa_cilt-ciltsiz","8":"pa_tur-kitap","9":"pa_yayinevi-phoenix-yayinevi","10":"pa_yazar-hayati-besirli","12":"first","13":"instock","14":"sale","15":"shipping-taxable","16":"purchasable","17":"product-type-simple"},"_links":{"self":[{"href":"https:\/\/roveyayinevi.com.tr\/index.php\/wp-json\/wp\/v2\/product\/692630","targetHints":{"allow":["GET"]}}],"collection":[{"href":"https:\/\/roveyayinevi.com.tr\/index.php\/wp-json\/wp\/v2\/product"}],"about":[{"href":"https:\/\/roveyayinevi.com.tr\/index.php\/wp-json\/wp\/v2\/types\/product"}],"wp:attachment":[{"href":"https:\/\/roveyayinevi.com.tr\/index.php\/wp-json\/wp\/v2\/media?parent=692630"}],"wp:term":[{"taxonomy":"product_brand","embeddable":true,"href":"https:\/\/roveyayinevi.com.tr\/index.php\/wp-json\/wp\/v2\/product_brand?post=692630"},{"taxonomy":"product_cat","embeddable":true,"href":"https:\/\/roveyayinevi.com.tr\/index.php\/wp-json\/wp\/v2\/product_cat?post=692630"},{"taxonomy":"product_tag","embeddable":true,"href":"https:\/\/roveyayinevi.com.tr\/index.php\/wp-json\/wp\/v2\/product_tag?post=692630"}],"curies":[{"name":"wp","href":"https:\/\/api.w.org\/{rel}","templated":true}]}}