{"id":692627,"date":"2025-08-27T14:07:42","date_gmt":"2025-08-27T11:07:42","guid":{"rendered":"https:\/\/roveyayinevi.com.tr\/index.php\/urun\/dusman-kazanmak-sanati\/"},"modified":"2026-04-16T02:02:36","modified_gmt":"2026-04-15T23:02:36","slug":"dusman-kazanmak-sanati","status":"publish","type":"product","link":"https:\/\/roveyayinevi.com.tr\/index.php\/urun\/dusman-kazanmak-sanati\/","title":{"rendered":"D\u00fc\u015fman Kazanmak Sanat\u0131"},"content":{"rendered":"<p>Elinizdeki kitap Tar\u0131k Bu\u011fra\u2019 n\u0131n T\u00fcrk Edebiyat\u0131 ile T\u00fcrk\u00e7e \u00fczerindeki d\u00fc\u015f\u00fcnce ve g\u00f6r\u00fc\u015flerini vermektedir. Yaz\u0131lar\u0131 yay\u0131mland\u0131klar\u0131 tarihlere dikkat ederek okuyacak olanlar, Bu\u011fra\u2019 n\u0131n meseleleri bulan, onlar\u0131 tart\u0131\u015fmaya B\u00fct\u00fcn al\u00e7akg\u00f6n\u00fcll\u00fcl\u00fc\u011f\u00fcme, kadir k\u0131ymet bilme \u00e7abalar\u0131ma ra\u011fmen kendini be\u011fenmi\u015f say\u0131ld\u0131m ve y\u0131\u011f\u0131nla d\u00fc\u015fman kazand\u0131m. Sevdi\u011fim \u00fc\u00e7 patrondan birisi, rahmetli Ali Naci Karacan bile, gazetesindeki yaz\u0131lar\u0131m y\u00fcz\u00fcnden bana; \u201cHerkesi kendine d\u00fc\u015fman yap\u0131yor, b\u00fct\u00fcn kap\u0131lar\u0131 kapat\u0131yorsun,\u201d demi\u015ftir. Ama kap\u0131 arayan kim? Ger\u00e7e\u011fi ben, ya\u015fad\u0131\u011f\u0131m ortamda, d\u00fc\u015fman kazanma sanat\u0131 olarak g\u00f6rd\u00fcm: D\u00fc\u015f\u00fcnce i\u00e7in, kanaat i\u00e7in d\u00fc\u015fman kazanmak al\u0131nyaz\u0131s\u0131 gibi bir \u015feydi. Yazarl\u0131\u011f\u0131m buna g\u00f6re bi\u00e7imlendi ve buna g\u00f6re s\u00fcrd\u00fc. Buna g\u00f6re de s\u00fcrecek. Kitaba \u201cD\u00fc\u015fman Kazanmak Sanat\u0131\u201d ad\u0131n\u0131 veri\u015fim, ayn\u0131 ba\u015fl\u0131\u011f\u0131 ta\u015f\u0131yan yaz\u0131m y\u00fcz\u00fcnden de\u011fil, as\u0131l bunun i\u00e7indir: B\u00fct\u00fcn\u00fcyle yazarl\u0131\u011f\u0131m\u0131 simgeledi\u011fi i\u00e7indir. Bunun b\u00f6yle oldu\u011funu bu kitap yeterince g\u00f6stermektedir san\u0131yorum. Ama bu kitab\u0131n g\u00f6stermedi\u011fi ve g\u00f6steremeyece\u011fi, bunun i\u00e7in de benim s\u00f6ylemem gereken bir ger\u00e7ek daha var; s\u00f6z\u00fcm\u00fc onunla bitireyim: Bu yol, bu tutum, bu ilke bana dostluklar\u0131n en sa\u011flamlar\u0131n\u0131, sevgilerin en ar\u0131nm\u0131\u015flar\u0131n\u0131 da kazand\u0131rd\u0131. O kadar ve \u00f6ylesine ki, ben art\u0131k en iyi dost kazanma sanat\u0131n\u0131n d\u00fc\u015fman kazanma sanat\u0131n\u0131 \u00f6\u011frenmek ve uygulamak oldu\u011funa inan\u0131yorum. Belki zor, belki \u00e7etin ve ac\u0131larla y\u00fckl\u00fc bir yol; ama ger\u00e7ek dostluklar edinmenin ve onlara l\u00e2y\u0131k olman\u0131n g\u00fczel yolu! Deneyen birisi, \u00f6zellikle gen\u00e7lere s\u00f6yl\u00fcyor: Deneyin. De\u011fer.<\/p>\n","protected":false},"excerpt":{"rendered":"<p>Elinizdeki kitap Tar\u0131k Bu\u011fra\u2019 n\u0131n T\u00fcrk Edebiyat\u0131 ile T\u00fcrk\u00e7e \u00fczerindeki d\u00fc\u015f\u00fcnce ve g\u00f6r\u00fc\u015flerini vermektedir. Yaz\u0131lar\u0131 yay\u0131mland\u0131klar\u0131 tarihlere dikkat ederek okuyacak olanlar, Bu\u011fra\u2019 n\u0131n meseleleri bulan, onlar\u0131<span class=\"excerpt-hellip\"> [\u2026]<\/span><\/p>\n","protected":false},"featured_media":0,"template":"","meta":{"_monsterinsights_skip_tracking":false,"_monsterinsights_sitenote_active":false,"_monsterinsights_sitenote_note":"","_monsterinsights_sitenote_category":0},"product_brand":[],"product_cat":[12777,12291],"product_tag":[],"class_list":{"0":"post-692627","1":"product","2":"type-product","3":"status-publish","5":"product_cat-deneme","6":"product_cat-edebiyat","7":"pa_cilt-ciltsiz","8":"pa_tur-kitap","9":"pa_yayinevi-otuken-nesriyat","10":"pa_yazar-tarik-bugra","12":"first","13":"instock","14":"sale","15":"shipping-taxable","16":"purchasable","17":"product-type-simple"},"_links":{"self":[{"href":"https:\/\/roveyayinevi.com.tr\/index.php\/wp-json\/wp\/v2\/product\/692627","targetHints":{"allow":["GET"]}}],"collection":[{"href":"https:\/\/roveyayinevi.com.tr\/index.php\/wp-json\/wp\/v2\/product"}],"about":[{"href":"https:\/\/roveyayinevi.com.tr\/index.php\/wp-json\/wp\/v2\/types\/product"}],"wp:attachment":[{"href":"https:\/\/roveyayinevi.com.tr\/index.php\/wp-json\/wp\/v2\/media?parent=692627"}],"wp:term":[{"taxonomy":"product_brand","embeddable":true,"href":"https:\/\/roveyayinevi.com.tr\/index.php\/wp-json\/wp\/v2\/product_brand?post=692627"},{"taxonomy":"product_cat","embeddable":true,"href":"https:\/\/roveyayinevi.com.tr\/index.php\/wp-json\/wp\/v2\/product_cat?post=692627"},{"taxonomy":"product_tag","embeddable":true,"href":"https:\/\/roveyayinevi.com.tr\/index.php\/wp-json\/wp\/v2\/product_tag?post=692627"}],"curies":[{"name":"wp","href":"https:\/\/api.w.org\/{rel}","templated":true}]}}