{"id":692623,"date":"2025-08-27T14:07:41","date_gmt":"2025-08-27T11:07:41","guid":{"rendered":"https:\/\/roveyayinevi.com.tr\/index.php\/urun\/modernite-nasil-unutturur\/"},"modified":"2025-11-22T02:24:21","modified_gmt":"2025-11-21T23:24:21","slug":"modernite-nasil-unutturur","status":"publish","type":"product","link":"https:\/\/roveyayinevi.com.tr\/index.php\/urun\/modernite-nasil-unutturur\/","title":{"rendered":"Modernite Nas\u0131l Unutturur"},"content":{"rendered":"<p>MODERN\u0130TE NASIL UNUTTURUR Olaylar\u0131, yerleri ve \u015feyleri neden unuturuz? Modernite hat\u0131rlama yetimizi nas\u0131l etkiler? Connerton modern toplumun belle\u011fimizi nas\u0131l a\u015f\u0131nd\u0131rd\u0131\u011f\u0131n\u0131 ele al\u0131yor: \u0130nsan\u00fcst\u00fc h\u0131z, \u00f6\u011frenilemeyecek denli b\u00fcy\u00fck megakentler, emek s\u00fcreciyle ba\u011f\u0131 kopmu\u015f t\u00fcketicilik, nas\u0131l ve kimin \u00fcretti\u011fini bilmedi\u011fimiz nesneler, kent mimarisinin k\u0131sa \u00f6mr\u00fc, ge\u00e7ici i\u015fler, s\u00fcrekli maruz kal\u0131nan g\u00f6r\u00fcnt\u00fc bombard\u0131man\u0131, toplumsal ili\u015fkilerin bulan\u0131kla\u015fmas\u0131\u2026 S\u00f6z konusu olan bellek yitimi de\u011fil ki\u015fisel an\u0131 ve al\u0131\u015fkanl\u0131k bile edinememek. Sherlock Holmes&#8217;un Watson&#8217;a s\u00fcrekli olarak dedi\u011fi gibi: &#8220;G\u00f6r\u00fcyorsun ama g\u00f6zlemlemiyorsun.&#8221; A\u015fina oldu\u011fumuz toplumsal ili\u015fkilerle \u00f6r\u00fclm\u00fc\u015f bir ya\u015fam ve \u00e7al\u0131\u015fma deneyiminin m\u00fcmk\u00fcn olmad\u0131\u011f\u0131 modern d\u00fcnyada hayat\u0131n \u00f6l\u00e7\u00fcs\u00fc insan de\u011fildir. Bu bellek yitiminin yol a\u00e7t\u0131\u011f\u0131 tedirginli\u011fe, ge\u00e7mi\u015f zaman modalar\u0131na ya da an\u0131tlara duyulan tuhaf bir ilgi e\u015flik ediyor ve bu ilgi nostalji tacirleri taraf\u0131ndan s\u00f6m\u00fcr\u00fcl\u00fcyor. Belle\u011fimizi, \u00e7a\u011f\u0131m\u0131z\u0131 ku\u015fatan kolektif amneziden kurtarman\u0131n yolu ise nostalji a\u015fk\u0131 ya da an\u0131 ya\u015fama sarho\u015flu\u011fundan de\u011fil modern kapitalizmin unutturdu\u011funu hat\u0131rlamaktan ge\u00e7iyor.<\/p>\n","protected":false},"excerpt":{"rendered":"<p>MODERN\u0130TE NASIL UNUTTURUR Olaylar\u0131, yerleri ve \u015feyleri neden unuturuz? Modernite hat\u0131rlama yetimizi nas\u0131l etkiler? Connerton modern toplumun belle\u011fimizi nas\u0131l a\u015f\u0131nd\u0131rd\u0131\u011f\u0131n\u0131 ele al\u0131yor: \u0130nsan\u00fcst\u00fc h\u0131z, \u00f6\u011frenilemeyecek denli<span class=\"excerpt-hellip\"> [\u2026]<\/span><\/p>\n","protected":false},"featured_media":0,"template":"","meta":{"_monsterinsights_skip_tracking":false,"_monsterinsights_sitenote_active":false,"_monsterinsights_sitenote_note":"","_monsterinsights_sitenote_category":0},"product_brand":[],"product_cat":[12767,12324],"product_tag":[],"class_list":{"0":"post-692623","1":"product","2":"type-product","3":"status-publish","5":"product_cat-kentlesme-modernlesme","6":"product_cat-sosyoloji","7":"pa_cilt-ciltsiz","8":"pa_tur-kitap","9":"pa_yayinevi-sel-yayincilik","10":"pa_yazar-paul-connerton","12":"first","13":"instock","14":"sale","15":"shipping-taxable","16":"purchasable","17":"product-type-simple"},"_links":{"self":[{"href":"https:\/\/roveyayinevi.com.tr\/index.php\/wp-json\/wp\/v2\/product\/692623","targetHints":{"allow":["GET"]}}],"collection":[{"href":"https:\/\/roveyayinevi.com.tr\/index.php\/wp-json\/wp\/v2\/product"}],"about":[{"href":"https:\/\/roveyayinevi.com.tr\/index.php\/wp-json\/wp\/v2\/types\/product"}],"wp:attachment":[{"href":"https:\/\/roveyayinevi.com.tr\/index.php\/wp-json\/wp\/v2\/media?parent=692623"}],"wp:term":[{"taxonomy":"product_brand","embeddable":true,"href":"https:\/\/roveyayinevi.com.tr\/index.php\/wp-json\/wp\/v2\/product_brand?post=692623"},{"taxonomy":"product_cat","embeddable":true,"href":"https:\/\/roveyayinevi.com.tr\/index.php\/wp-json\/wp\/v2\/product_cat?post=692623"},{"taxonomy":"product_tag","embeddable":true,"href":"https:\/\/roveyayinevi.com.tr\/index.php\/wp-json\/wp\/v2\/product_tag?post=692623"}],"curies":[{"name":"wp","href":"https:\/\/api.w.org\/{rel}","templated":true}]}}