{"id":692622,"date":"2025-08-27T14:07:41","date_gmt":"2025-08-27T11:07:41","guid":{"rendered":"https:\/\/roveyayinevi.com.tr\/index.php\/urun\/dunya-nufusunun-iktisat-tarihi\/"},"modified":"2026-04-16T02:02:36","modified_gmt":"2026-04-15T23:02:36","slug":"dunya-nufusunun-iktisat-tarihi","status":"publish","type":"product","link":"https:\/\/roveyayinevi.com.tr\/index.php\/urun\/dunya-nufusunun-iktisat-tarihi\/","title":{"rendered":"D\u00fcnya N\u00fcfusunun \u0130ktisat Tarihi"},"content":{"rendered":"<p>\u0130ktisat Tarihini D\u00fcnya ve \u00fclkelerin n\u00fcfuslar\u0131yla alakaland\u0131rarak tahlil eden, orijinal tezler ileri s\u00fcren kayda de\u011fer bir eser. \u0130ktisad\u00ee te\u015fkilatlanman\u0131n \u00fc\u00e7 merhalesi olarak kabul etti\u011fi avc\u0131l\u0131k, ziraat ve sanayi d\u00f6nemlerinin kendi i\u00e7lerindeki n\u00fcfus-iktisat ili\u015fkilerini ve bir merhaleden di\u011ferine ge\u00e7i\u015f s\u0131ras\u0131nda ortaya \u00e7\u0131kan de\u011fi\u015fmeleri inceler. D\u00fcnya g\u00fcnden g\u00fcne daha k\u00fc\u00e7\u00fck hale gelmekte, binlerce y\u0131ldan beri birbirine kapal\u0131 kalm\u0131\u015f toplumlar h\u0131zla birbiriyle ili\u015fki kurmakta hatta \u00e7at\u0131\u015fmaya girmektedir. Bu zaviyeden bak\u0131ld\u0131\u011f\u0131nda gelecekte bizleri n\u00fcfusla alakal\u0131 ciddi problemler beklemektedir. Kalk\u0131nma ile n\u00fcfus art\u0131\u015f\u0131 aras\u0131ndaki ba\u011flant\u0131dan ba\u015flayarak pek \u00e7ok konuda ufuk a\u00e7an, ge\u00e7mi\u015f, bug\u00fcn, gelecek eksenine oturtulmu\u015f bir eser&#8230;<\/p>\n","protected":false},"excerpt":{"rendered":"<p>\u0130ktisat Tarihini D\u00fcnya ve \u00fclkelerin n\u00fcfuslar\u0131yla alakaland\u0131rarak tahlil eden, orijinal tezler ileri s\u00fcren kayda de\u011fer bir eser. \u0130ktisad\u00ee te\u015fkilatlanman\u0131n \u00fc\u00e7 merhalesi olarak kabul etti\u011fi avc\u0131l\u0131k, ziraat<span class=\"excerpt-hellip\"> [\u2026]<\/span><\/p>\n","protected":false},"featured_media":0,"template":"","meta":{"_monsterinsights_skip_tracking":false,"_monsterinsights_sitenote_active":false,"_monsterinsights_sitenote_note":"","_monsterinsights_sitenote_category":0},"product_brand":[],"product_cat":[13044,13043],"product_tag":[],"class_list":{"0":"post-692622","1":"product","2":"type-product","3":"status-publish","5":"product_cat-dunya-ekonomisi","6":"product_cat-ekonomi","7":"pa_cilt-ciltsiz","8":"pa_tur-kitap","9":"pa_yayinevi-otuken-nesriyat","10":"pa_yazar-carlo-m-cipolla","12":"first","13":"instock","14":"sale","15":"shipping-taxable","16":"purchasable","17":"product-type-simple"},"_links":{"self":[{"href":"https:\/\/roveyayinevi.com.tr\/index.php\/wp-json\/wp\/v2\/product\/692622","targetHints":{"allow":["GET"]}}],"collection":[{"href":"https:\/\/roveyayinevi.com.tr\/index.php\/wp-json\/wp\/v2\/product"}],"about":[{"href":"https:\/\/roveyayinevi.com.tr\/index.php\/wp-json\/wp\/v2\/types\/product"}],"wp:attachment":[{"href":"https:\/\/roveyayinevi.com.tr\/index.php\/wp-json\/wp\/v2\/media?parent=692622"}],"wp:term":[{"taxonomy":"product_brand","embeddable":true,"href":"https:\/\/roveyayinevi.com.tr\/index.php\/wp-json\/wp\/v2\/product_brand?post=692622"},{"taxonomy":"product_cat","embeddable":true,"href":"https:\/\/roveyayinevi.com.tr\/index.php\/wp-json\/wp\/v2\/product_cat?post=692622"},{"taxonomy":"product_tag","embeddable":true,"href":"https:\/\/roveyayinevi.com.tr\/index.php\/wp-json\/wp\/v2\/product_tag?post=692622"}],"curies":[{"name":"wp","href":"https:\/\/api.w.org\/{rel}","templated":true}]}}