{"id":692621,"date":"2025-08-27T14:07:41","date_gmt":"2025-08-27T11:07:41","guid":{"rendered":"https:\/\/roveyayinevi.com.tr\/index.php\/urun\/galip-erdem\/"},"modified":"2026-04-16T02:02:36","modified_gmt":"2026-04-15T23:02:36","slug":"galip-erdem","status":"publish","type":"product","link":"https:\/\/roveyayinevi.com.tr\/index.php\/urun\/galip-erdem\/","title":{"rendered":"Galip Erdem"},"content":{"rendered":"<p>Geleneksel k\u00fclt\u00fcr\u00fcm\u00fczde, insan\u0131n ne yazd\u0131\u011f\u0131ndan \u00e7ok, ne yapt\u0131\u011f\u0131na bak\u0131l\u0131r, ona g\u00f6re de\u011ferlendirilirdi. E\u011fitimimiz de, bilgi edindirmekten \u00e7ok, ki\u015filik ve bir kimlik kazand\u0131rmaya y\u00f6nelikti. Bu e\u011fitimin en \u00f6nemli y\u00f6nlerinden biri tekke ve tarikatlard\u0131. Oralarda insanlar, kitaplardan okumaktan \u00e7ok, sohbetlerde bulunur ve m\u00fcr\u015fit ile aynile\u015fmeye dayal\u0131 bir kimlik e\u011fitimi almaya \u00e7al\u0131\u015f\u0131rlard\u0131. Burada m\u00fcr\u015fit \u00f6\u011fretmendir ve ki\u015filik e\u011fitiminin en sa\u011fl\u0131kl\u0131 yolu \u00f6rnek ki\u015filiklerle yani \u00f6\u011fretmenle \u00f6zde\u015fle\u015fmektir. \u0130\u015fte Galip Erdem, bu \u00e7izgide bir \u00f6\u011fretmendi. Yak\u0131n \u00e7evresinin kendisini  \u015feyhimiz  diye \u00e7a\u011f\u0131rmas\u0131, s\u0131cak bir yak\u0131nl\u0131\u011f\u0131n alt\u0131ndaki bu ger\u00e7e\u011fe dayan\u0131yordu. <\/p>\n","protected":false},"excerpt":{"rendered":"<p>Geleneksel k\u00fclt\u00fcr\u00fcm\u00fczde, insan\u0131n ne yazd\u0131\u011f\u0131ndan \u00e7ok, ne yapt\u0131\u011f\u0131na bak\u0131l\u0131r, ona g\u00f6re de\u011ferlendirilirdi. E\u011fitimimiz de, bilgi edindirmekten \u00e7ok, ki\u015filik ve bir kimlik kazand\u0131rmaya y\u00f6nelikti. Bu e\u011fitimin en<span class=\"excerpt-hellip\"> [\u2026]<\/span><\/p>\n","protected":false},"featured_media":0,"template":"","meta":{"_monsterinsights_skip_tracking":false,"_monsterinsights_sitenote_active":false,"_monsterinsights_sitenote_note":"","_monsterinsights_sitenote_category":0},"product_brand":[],"product_cat":[14009,12291],"product_tag":[],"class_list":{"0":"post-692621","1":"product","2":"type-product","3":"status-publish","5":"product_cat-biyografi-otobiyografi-edebiyat","6":"product_cat-edebiyat","7":"pa_cilt-ciltsiz","8":"pa_tur-kitap","9":"pa_yayinevi-otuken-nesriyat","10":"pa_yazar-nevzat-kosoglu","12":"first","13":"instock","14":"sale","15":"shipping-taxable","16":"purchasable","17":"product-type-simple"},"_links":{"self":[{"href":"https:\/\/roveyayinevi.com.tr\/index.php\/wp-json\/wp\/v2\/product\/692621","targetHints":{"allow":["GET"]}}],"collection":[{"href":"https:\/\/roveyayinevi.com.tr\/index.php\/wp-json\/wp\/v2\/product"}],"about":[{"href":"https:\/\/roveyayinevi.com.tr\/index.php\/wp-json\/wp\/v2\/types\/product"}],"wp:attachment":[{"href":"https:\/\/roveyayinevi.com.tr\/index.php\/wp-json\/wp\/v2\/media?parent=692621"}],"wp:term":[{"taxonomy":"product_brand","embeddable":true,"href":"https:\/\/roveyayinevi.com.tr\/index.php\/wp-json\/wp\/v2\/product_brand?post=692621"},{"taxonomy":"product_cat","embeddable":true,"href":"https:\/\/roveyayinevi.com.tr\/index.php\/wp-json\/wp\/v2\/product_cat?post=692621"},{"taxonomy":"product_tag","embeddable":true,"href":"https:\/\/roveyayinevi.com.tr\/index.php\/wp-json\/wp\/v2\/product_tag?post=692621"}],"curies":[{"name":"wp","href":"https:\/\/api.w.org\/{rel}","templated":true}]}}