{"id":692620,"date":"2025-08-27T14:07:40","date_gmt":"2025-08-27T11:07:40","guid":{"rendered":"https:\/\/roveyayinevi.com.tr\/index.php\/urun\/fair-play\/"},"modified":"2026-04-16T02:02:36","modified_gmt":"2026-04-15T23:02:36","slug":"fair-play","status":"publish","type":"product","link":"https:\/\/roveyayinevi.com.tr\/index.php\/urun\/fair-play\/","title":{"rendered":"Fair Play"},"content":{"rendered":"<p>Fair Play d\u00fcr\u00fcst oyun, d\u00fcr\u00fcst davran\u0131\u015f anlam\u0131n\u0131 ta\u015f\u0131r. Fair Play etik \u00fcst\u00fc bir davran\u0131\u015ft\u0131r. Sevgi, dostluk ve karde\u015flik anlay\u0131\u015f\u0131d\u0131r. K\u0131sa bir tan\u0131mla Fair Play  Tanr\u0131n\u0131n sesini duymak  demektir. Fair Play, ki\u015finin bir olay i\u00e7inde rakiplerine, \u00e7evredekilere, kendi hayat\u0131n\u0131, gelece\u011fini, ailesini ve \u00e7\u0131karlar\u0131n\u0131 d\u00fc\u015f\u00fcnmeden \u00f6zverili, benlik duygusundan uzak davran\u0131\u015f\u0131d\u0131r. Fair Play, eskilerin  Nefs-i emmare  dedikleri i\u00e7indeki \u015feytan\u0131 yenmesidir. Elinizdeki bu kitap T\u00fcrkiye\u2019de bas\u0131lm\u0131\u015f ilk Fair Play kitab\u0131 olma \u00f6zelli\u011fini ta\u015f\u0131yor. Kitap i\u00e7indeki Fair Play Kavram\u0131, Ho\u015fg\u00f6r\u00fc ve Fair Play, Fair Play\u2019in T\u00fcrkiye ve D\u00fcnyadaki yap\u0131lanmas\u0131, Fair Play ve Sorumluluklar, Fair Play Anlay\u0131\u015f\u0131na Ayk\u0131r\u0131 Hareketler, Fair Play ve E\u011fitim ile Sporun G\u00fcn\u00fcm\u00fczdeki De\u011feri ve Fair Play konular\u0131 ayr\u0131nt\u0131l\u0131 olarak incelenmi\u015ftir. Sevgili \u00fclkemiz halk\u0131n\u0131n sporcular\u0131n\u0131n s\u00f6zde de\u011fil, \u00f6zde Fair Play anlay\u0131\u015f\u0131na sahip olmalar\u0131 ve uygulamalar\u0131 dile\u011fiyle&#8230; <\/p>\n","protected":false},"excerpt":{"rendered":"<p>Fair Play d\u00fcr\u00fcst oyun, d\u00fcr\u00fcst davran\u0131\u015f anlam\u0131n\u0131 ta\u015f\u0131r. Fair Play etik \u00fcst\u00fc bir davran\u0131\u015ft\u0131r. Sevgi, dostluk ve karde\u015flik anlay\u0131\u015f\u0131d\u0131r. K\u0131sa bir tan\u0131mla Fair Play Tanr\u0131n\u0131n sesini<span class=\"excerpt-hellip\"> [\u2026]<\/span><\/p>\n","protected":false},"featured_media":0,"template":"","meta":{"_monsterinsights_skip_tracking":false,"_monsterinsights_sitenote_active":false,"_monsterinsights_sitenote_note":"","_monsterinsights_sitenote_category":0},"product_brand":[],"product_cat":[15563,15564],"product_tag":[],"class_list":{"0":"post-692620","1":"product","2":"type-product","3":"status-publish","5":"product_cat-hobi","6":"product_cat-spor","7":"pa_cilt-ciltsiz","8":"pa_tur-kitap","9":"pa_yayinevi-otuken-nesriyat","10":"pa_yazar-erdogan-aripinar-bilge-donuk","12":"first","13":"instock","14":"sale","15":"shipping-taxable","16":"purchasable","17":"product-type-simple"},"_links":{"self":[{"href":"https:\/\/roveyayinevi.com.tr\/index.php\/wp-json\/wp\/v2\/product\/692620","targetHints":{"allow":["GET"]}}],"collection":[{"href":"https:\/\/roveyayinevi.com.tr\/index.php\/wp-json\/wp\/v2\/product"}],"about":[{"href":"https:\/\/roveyayinevi.com.tr\/index.php\/wp-json\/wp\/v2\/types\/product"}],"wp:attachment":[{"href":"https:\/\/roveyayinevi.com.tr\/index.php\/wp-json\/wp\/v2\/media?parent=692620"}],"wp:term":[{"taxonomy":"product_brand","embeddable":true,"href":"https:\/\/roveyayinevi.com.tr\/index.php\/wp-json\/wp\/v2\/product_brand?post=692620"},{"taxonomy":"product_cat","embeddable":true,"href":"https:\/\/roveyayinevi.com.tr\/index.php\/wp-json\/wp\/v2\/product_cat?post=692620"},{"taxonomy":"product_tag","embeddable":true,"href":"https:\/\/roveyayinevi.com.tr\/index.php\/wp-json\/wp\/v2\/product_tag?post=692620"}],"curies":[{"name":"wp","href":"https:\/\/api.w.org\/{rel}","templated":true}]}}