{"id":692619,"date":"2025-08-27T14:07:40","date_gmt":"2025-08-27T11:07:40","guid":{"rendered":"https:\/\/roveyayinevi.com.tr\/index.php\/urun\/evliya-celebi-seyahatnamesinden-secmeler-3\/"},"modified":"2026-04-16T02:02:36","modified_gmt":"2026-04-15T23:02:36","slug":"evliya-celebi-seyahatnamesinden-secmeler-3","status":"publish","type":"product","link":"https:\/\/roveyayinevi.com.tr\/index.php\/urun\/evliya-celebi-seyahatnamesinden-secmeler-3\/","title":{"rendered":"Evliya \u00c7elebi Seyahatnamesi\u2019nden Se\u00e7meler"},"content":{"rendered":"<p>Evliya \u00c7elebi, Osmanl\u0131 tarihinde istisna\u00ee bir \u015fahsiyettir. O\u2019nun istisna\u00eeli\u011fi, hem u\u011fra\u015ft\u0131\u011f\u0131 sahan\u0131n Osmanl\u0131 tarihi bak\u0131m\u0131ndan orijinalli\u011fi hem de usta bir nesir yazar\u0131 olmas\u0131ndan gelir. Zira Osmanl\u0131\u2019da \u015fiir \u00e7ok geli\u015fmi\u015f olmas\u0131na ra\u011fmen, nesir pek geli\u015fmi\u015f bir t\u00fcr de\u011fildi. \u0130\u015fte Evliya \u00c7elebi, yazd\u0131\u011f\u0131 seyahatname ile hem nesirdeki ustal\u0131\u011f\u0131n\u0131 hem de gezip g\u00f6rme ve bilmedeki engin tecess\u00fcs\u00fcn\u00fc g\u00f6steren bir \u015fahsiyettir. O\u2019nun seyahatname yazarl\u0131\u011f\u0131ndaki b\u00fcy\u00fckl\u00fc\u011f\u00fcn\u00fc yerli tarih\u00e7ilerden ba\u015fka, yabanc\u0131 tarih\u00e7iler de teslim ederler.  Kendisi, basit bir seyyah de\u011fildir. Seyahatnamesi ile sadece co\u011fraf\u00ee, k\u00fclt\u00fcrel bilgiler vermez. Osmanl\u0131 \u0130mparatorlu\u011fu\u2019nun merkez ve ta\u015fra te\u015fkil\u00e2t\u0131 hakk\u0131nda da geni\u015f bir mal\u00fbmat sahibi oldu\u011fu, gene bu sahan\u0131n uzmanlar\u0131nca tasdik edilir. Ama her nedense, Evliya \u00c7elebi gerekti\u011fi \u015fekilde itibar g\u00f6rmemi\u015f bir insand\u0131r. O\u2019nu, \u0130lber Ortayl\u0131 d\u00e2hi olarak vas\u0131fland\u0131r\u0131r. Milyonlarca kilometrekarelik Osmanl\u0131 co\u011frafyas\u0131nda, Rumeli ve Anadolu\u2019yu gezdikten ba\u015fka, seyahatlerini M\u0131s\u0131r ve Suriye\u2019ye kadar da uzatm\u0131\u015f ve bazen m\u00fcbala\u011fa etse de \u00e7ok de\u011ferli bilgiler vermi\u015ftir.  Ve b\u00fct\u00fcn bu seyahatlerini tabi\u00ee ki at s\u0131rt\u0131nda yapm\u0131\u015ft\u0131r. <\/p>\n","protected":false},"excerpt":{"rendered":"<p>Evliya \u00c7elebi, Osmanl\u0131 tarihinde istisna\u00ee bir \u015fahsiyettir. O\u2019nun istisna\u00eeli\u011fi, hem u\u011fra\u015ft\u0131\u011f\u0131 sahan\u0131n Osmanl\u0131 tarihi bak\u0131m\u0131ndan orijinalli\u011fi hem de usta bir nesir yazar\u0131 olmas\u0131ndan gelir. Zira Osmanl\u0131\u2019da<span class=\"excerpt-hellip\"> [\u2026]<\/span><\/p>\n","protected":false},"featured_media":0,"template":"","meta":{"_monsterinsights_skip_tracking":false,"_monsterinsights_sitenote_active":false,"_monsterinsights_sitenote_note":"","_monsterinsights_sitenote_category":0},"product_brand":[],"product_cat":[12312,12304],"product_tag":[],"class_list":{"0":"post-692619","1":"product","2":"type-product","3":"status-publish","5":"product_cat-diger","6":"product_cat-tarih","7":"pa_cilt-ciltsiz","8":"pa_tur-kitap","9":"pa_yayinevi-otuken-nesriyat","10":"pa_yazar-huseyin-nihal-atsiz","12":"first","13":"instock","14":"sale","15":"shipping-taxable","16":"purchasable","17":"product-type-simple"},"_links":{"self":[{"href":"https:\/\/roveyayinevi.com.tr\/index.php\/wp-json\/wp\/v2\/product\/692619","targetHints":{"allow":["GET"]}}],"collection":[{"href":"https:\/\/roveyayinevi.com.tr\/index.php\/wp-json\/wp\/v2\/product"}],"about":[{"href":"https:\/\/roveyayinevi.com.tr\/index.php\/wp-json\/wp\/v2\/types\/product"}],"wp:attachment":[{"href":"https:\/\/roveyayinevi.com.tr\/index.php\/wp-json\/wp\/v2\/media?parent=692619"}],"wp:term":[{"taxonomy":"product_brand","embeddable":true,"href":"https:\/\/roveyayinevi.com.tr\/index.php\/wp-json\/wp\/v2\/product_brand?post=692619"},{"taxonomy":"product_cat","embeddable":true,"href":"https:\/\/roveyayinevi.com.tr\/index.php\/wp-json\/wp\/v2\/product_cat?post=692619"},{"taxonomy":"product_tag","embeddable":true,"href":"https:\/\/roveyayinevi.com.tr\/index.php\/wp-json\/wp\/v2\/product_tag?post=692619"}],"curies":[{"name":"wp","href":"https:\/\/api.w.org\/{rel}","templated":true}]}}