{"id":692617,"date":"2025-08-27T14:07:40","date_gmt":"2025-08-27T11:07:40","guid":{"rendered":"https:\/\/roveyayinevi.com.tr\/index.php\/urun\/egitim-muzigi-besteleme\/"},"modified":"2026-04-16T02:02:36","modified_gmt":"2026-04-15T23:02:36","slug":"egitim-muzigi-besteleme","status":"publish","type":"product","link":"https:\/\/roveyayinevi.com.tr\/index.php\/urun\/egitim-muzigi-besteleme\/","title":{"rendered":"E\u011fitim M\u00fczi\u011fi Besteleme"},"content":{"rendered":"<p>Bu kitap, e\u011fitim m\u00fczi\u011fi besteleme dersinin yan\u0131 s\u0131ra, m\u00fczik teorisi, m\u00fczik formlar\u0131, e\u011fitim m\u00fczi\u011fi repertuar\u0131 (da\u011far\u0131) gibi bir\u00e7ok derste kullan\u0131labilir bir \u00e7al\u0131\u015fmad\u0131r. Ayr\u0131ca, Avrupa (Bat\u0131) m\u00fczi\u011fi, T\u00fcrk m\u00fczi\u011fi, T\u00fcrk halk m\u00fczi\u011finin sentezinin yap\u0131ld\u0131\u011f\u0131 bir kitapt\u0131r. En yal\u0131n \u015fekliyle notan\u0131n tan\u0131m\u0131ndan, en karma\u015f\u0131k \u015fekliyle sesin do\u011fu\u015fkanlar\u0131na kadar \u00e7ok geni\u015f bir yelpazede haz\u0131rlanan bu kitap; ilk\u00f6\u011fretimdeki \u00f6\u011frenciden, \u00fcniversitedeki akademisyene kadar, geni\u015f bir alana hitap edecek kaynak ve ders kitab\u0131d\u0131r. <\/p>\n","protected":false},"excerpt":{"rendered":"<p>Bu kitap, e\u011fitim m\u00fczi\u011fi besteleme dersinin yan\u0131 s\u0131ra, m\u00fczik teorisi, m\u00fczik formlar\u0131, e\u011fitim m\u00fczi\u011fi repertuar\u0131 (da\u011far\u0131) gibi bir\u00e7ok derste kullan\u0131labilir bir \u00e7al\u0131\u015fmad\u0131r. Ayr\u0131ca, Avrupa (Bat\u0131) m\u00fczi\u011fi,<span class=\"excerpt-hellip\"> [\u2026]<\/span><\/p>\n","protected":false},"featured_media":0,"template":"","meta":{"_monsterinsights_skip_tracking":false,"_monsterinsights_sitenote_active":false,"_monsterinsights_sitenote_note":"","_monsterinsights_sitenote_category":0},"product_brand":[],"product_cat":[14556,20810],"product_tag":[],"class_list":{"0":"post-692617","1":"product","2":"type-product","3":"status-publish","5":"product_cat-muzik","6":"product_cat-ogrenim-kitaplari","7":"pa_tur-kitap","8":"pa_yayinevi-otuken-nesriyat","9":"pa_yazar-sener-demir","11":"first","12":"instock","13":"sale","14":"shipping-taxable","15":"purchasable","16":"product-type-simple"},"_links":{"self":[{"href":"https:\/\/roveyayinevi.com.tr\/index.php\/wp-json\/wp\/v2\/product\/692617","targetHints":{"allow":["GET"]}}],"collection":[{"href":"https:\/\/roveyayinevi.com.tr\/index.php\/wp-json\/wp\/v2\/product"}],"about":[{"href":"https:\/\/roveyayinevi.com.tr\/index.php\/wp-json\/wp\/v2\/types\/product"}],"wp:attachment":[{"href":"https:\/\/roveyayinevi.com.tr\/index.php\/wp-json\/wp\/v2\/media?parent=692617"}],"wp:term":[{"taxonomy":"product_brand","embeddable":true,"href":"https:\/\/roveyayinevi.com.tr\/index.php\/wp-json\/wp\/v2\/product_brand?post=692617"},{"taxonomy":"product_cat","embeddable":true,"href":"https:\/\/roveyayinevi.com.tr\/index.php\/wp-json\/wp\/v2\/product_cat?post=692617"},{"taxonomy":"product_tag","embeddable":true,"href":"https:\/\/roveyayinevi.com.tr\/index.php\/wp-json\/wp\/v2\/product_tag?post=692617"}],"curies":[{"name":"wp","href":"https:\/\/api.w.org\/{rel}","templated":true}]}}