{"id":692615,"date":"2025-08-27T14:07:39","date_gmt":"2025-08-27T11:07:39","guid":{"rendered":"https:\/\/roveyayinevi.com.tr\/index.php\/urun\/turk-sinema-tarihinden-fragmanlar-1896-1945\/"},"modified":"2026-04-16T02:02:36","modified_gmt":"2026-04-15T23:02:36","slug":"turk-sinema-tarihinden-fragmanlar-1896-1945","status":"publish","type":"product","link":"https:\/\/roveyayinevi.com.tr\/index.php\/urun\/turk-sinema-tarihinden-fragmanlar-1896-1945\/","title":{"rendered":"T\u00fcrk Sinema Tarihinden Fragmanlar (1896-1945)"},"content":{"rendered":"<p>1896- 1945 y\u0131llar\u0131 aras\u0131ndaki yar\u0131m as\u0131rl\u0131k s\u00fcre\u00e7 T\u00fcrk sinemas\u0131 i\u00e7in olduk\u00e7a ilgi \u00e7ekici bir d\u00f6nemdir. Bunun nedeni, o d\u00f6nemde ya\u015fanan yo\u011fun siyasi ve toplumsal olaylar ile t\u00fcm bunlar\u0131n aras\u0131nda adeta s\u0131k\u0131\u015fan sinema ve sinemac\u0131lar\u0131n verdi\u011fi ola\u011fan\u00fcst\u00fc varolu\u015f m\u00fccadelesidir. 26 makaleden olu\u015fan bu kitap i\u015fte bu yar\u0131m as\u0131rl\u0131k s\u00fcre\u00e7teki \u00f6nemli tarihi olaylar\u0131n sinemaya ve sineman\u0131n da bu olaylar \u00fczerindeki etkilerini konu ediniyor. <\/p>\n","protected":false},"excerpt":{"rendered":"<p>1896- 1945 y\u0131llar\u0131 aras\u0131ndaki yar\u0131m as\u0131rl\u0131k s\u00fcre\u00e7 T\u00fcrk sinemas\u0131 i\u00e7in olduk\u00e7a ilgi \u00e7ekici bir d\u00f6nemdir. Bunun nedeni, o d\u00f6nemde ya\u015fanan yo\u011fun siyasi ve toplumsal olaylar ile<span class=\"excerpt-hellip\"> [\u2026]<\/span><\/p>\n","protected":false},"featured_media":0,"template":"","meta":{"_monsterinsights_skip_tracking":false,"_monsterinsights_sitenote_active":false,"_monsterinsights_sitenote_note":"","_monsterinsights_sitenote_category":0},"product_brand":[],"product_cat":[12409,12408],"product_tag":[],"class_list":{"0":"post-692615","1":"product","2":"type-product","3":"status-publish","5":"product_cat-fotograf-sinema-tiyatro","6":"product_cat-sanat","7":"pa_tur-kitap","8":"pa_yayinevi-phoenix-yayinevi","9":"pa_yazar-ali-ozuyar","11":"first","12":"instock","13":"sale","14":"shipping-taxable","15":"purchasable","16":"product-type-simple"},"_links":{"self":[{"href":"https:\/\/roveyayinevi.com.tr\/index.php\/wp-json\/wp\/v2\/product\/692615","targetHints":{"allow":["GET"]}}],"collection":[{"href":"https:\/\/roveyayinevi.com.tr\/index.php\/wp-json\/wp\/v2\/product"}],"about":[{"href":"https:\/\/roveyayinevi.com.tr\/index.php\/wp-json\/wp\/v2\/types\/product"}],"wp:attachment":[{"href":"https:\/\/roveyayinevi.com.tr\/index.php\/wp-json\/wp\/v2\/media?parent=692615"}],"wp:term":[{"taxonomy":"product_brand","embeddable":true,"href":"https:\/\/roveyayinevi.com.tr\/index.php\/wp-json\/wp\/v2\/product_brand?post=692615"},{"taxonomy":"product_cat","embeddable":true,"href":"https:\/\/roveyayinevi.com.tr\/index.php\/wp-json\/wp\/v2\/product_cat?post=692615"},{"taxonomy":"product_tag","embeddable":true,"href":"https:\/\/roveyayinevi.com.tr\/index.php\/wp-json\/wp\/v2\/product_tag?post=692615"}],"curies":[{"name":"wp","href":"https:\/\/api.w.org\/{rel}","templated":true}]}}