{"id":692614,"date":"2025-08-27T14:07:39","date_gmt":"2025-08-27T11:07:39","guid":{"rendered":"https:\/\/roveyayinevi.com.tr\/index.php\/urun\/disi-kurdun-ruyalari\/"},"modified":"2026-04-16T02:02:36","modified_gmt":"2026-04-15T23:02:36","slug":"disi-kurdun-ruyalari","status":"publish","type":"product","link":"https:\/\/roveyayinevi.com.tr\/index.php\/urun\/disi-kurdun-ruyalari\/","title":{"rendered":"Di\u015fi Kurdun R\u00fcyalar\u0131"},"content":{"rendered":"<p>Y\u00fczy\u0131l\u0131m\u0131z\u0131n \u00f6nde gelen yazarlar\u0131ndan Cengiz Aytmatov&#8217;un b\u00fcy\u00fck yank\u0131lar uyand\u0131ran Di\u015fi Kurdun R\u00fcyalar\u0131 roman\u0131nda iyi-k\u00f6t\u00fc, ilahi adalet ve kader gibi \u00e7etin konular sorgulanmaktad\u0131r. \u0130nsan\u0131n bu ezeli ve ebedi sorular\u0131, bir papaz okulu \u00f6\u011frencisinin d\u00fc\u015f\u00fcncelerinde, esrar ka\u00e7ak\u00e7\u0131lar\u0131n\u0131n, K\u0131rg\u0131z \u00e7obanlar\u0131n\u0131n ve kurtlar\u0131n hayat hikayelerinde, i\u00e7 i\u00e7e ge\u00e7mi\u015f olaylar \u00e7er\u00e7evesinde irdelenmektedir.Aytmatov, ilahi kudretin varl\u0131\u011f\u0131n\u0131 s\u00fcrekli vurgulayan, ama sorumlulu\u011fu insanda ve insanlar\u0131n ortak sorumlulu\u011funda g\u00f6steren \u00e7ok \u00e7arp\u0131c\u0131 bir kurgu sunmaktad\u0131r. Di\u015fi Kurdun R\u00fcyalar\u0131 ayn\u0131 zamanda \u00e7ok etkileyici bir &#8220;\u00e7evre roman\u0131&#8221; olarak, kirletilen K\u0131rg\u0131z bozk\u0131rlar\u0131 ve bozulan tabiat dengesi kar\u015f\u0131s\u0131nda insanlar\u0131 teyakkuza ge\u00e7iren adeta bir hayk\u0131r\u0131\u015f\u0131d\u0131r.<\/p>\n","protected":false},"excerpt":{"rendered":"<p>Y\u00fczy\u0131l\u0131m\u0131z\u0131n \u00f6nde gelen yazarlar\u0131ndan Cengiz Aytmatov&#8217;un b\u00fcy\u00fck yank\u0131lar uyand\u0131ran Di\u015fi Kurdun R\u00fcyalar\u0131 roman\u0131nda iyi-k\u00f6t\u00fc, ilahi adalet ve kader gibi \u00e7etin konular sorgulanmaktad\u0131r. \u0130nsan\u0131n bu ezeli ve<span class=\"excerpt-hellip\"> [\u2026]<\/span><\/p>\n","protected":false},"featured_media":0,"template":"","meta":{"_monsterinsights_skip_tracking":false,"_monsterinsights_sitenote_active":false,"_monsterinsights_sitenote_note":"","_monsterinsights_sitenote_category":0},"product_brand":[],"product_cat":[12291,13570],"product_tag":[],"class_list":{"0":"post-692614","1":"product","2":"type-product","3":"status-publish","5":"product_cat-edebiyat","6":"product_cat-rus-edebiyati","7":"pa_cilt-ciltsiz","8":"pa_tur-kitap","9":"pa_yayinevi-otuken-nesriyat","10":"pa_yazar-cengiz-aytmatov","12":"first","13":"instock","14":"sale","15":"shipping-taxable","16":"purchasable","17":"product-type-simple"},"_links":{"self":[{"href":"https:\/\/roveyayinevi.com.tr\/index.php\/wp-json\/wp\/v2\/product\/692614","targetHints":{"allow":["GET"]}}],"collection":[{"href":"https:\/\/roveyayinevi.com.tr\/index.php\/wp-json\/wp\/v2\/product"}],"about":[{"href":"https:\/\/roveyayinevi.com.tr\/index.php\/wp-json\/wp\/v2\/types\/product"}],"wp:attachment":[{"href":"https:\/\/roveyayinevi.com.tr\/index.php\/wp-json\/wp\/v2\/media?parent=692614"}],"wp:term":[{"taxonomy":"product_brand","embeddable":true,"href":"https:\/\/roveyayinevi.com.tr\/index.php\/wp-json\/wp\/v2\/product_brand?post=692614"},{"taxonomy":"product_cat","embeddable":true,"href":"https:\/\/roveyayinevi.com.tr\/index.php\/wp-json\/wp\/v2\/product_cat?post=692614"},{"taxonomy":"product_tag","embeddable":true,"href":"https:\/\/roveyayinevi.com.tr\/index.php\/wp-json\/wp\/v2\/product_tag?post=692614"}],"curies":[{"name":"wp","href":"https:\/\/api.w.org\/{rel}","templated":true}]}}