{"id":692613,"date":"2025-08-27T14:07:39","date_gmt":"2025-08-27T11:07:39","guid":{"rendered":"https:\/\/roveyayinevi.com.tr\/index.php\/urun\/kizim-olmadan-asla\/"},"modified":"2026-04-16T02:02:36","modified_gmt":"2026-04-15T23:02:36","slug":"kizim-olmadan-asla","status":"publish","type":"product","link":"https:\/\/roveyayinevi.com.tr\/index.php\/urun\/kizim-olmadan-asla\/","title":{"rendered":"K\u0131z\u0131m Olmadan Asla"},"content":{"rendered":"<p>Amerika\u2019da ve Avrupa \u00fclkelerinde haftalarca \u00e7oksatanlar listesinde bir numarada kald\u0131! Sadece Fransa\u2019da 2 milyonun \u00fcst\u00fcnde okundu! T\u00fcm d\u00fcnya bu kitab\u0131 konu\u015ftu! Filmi baz\u0131 M\u00fcsl\u00fcman \u00fclkelerde yasakland\u0131! Betty Mahmud\u00ee\u2019nin hayat\u0131, kocas\u0131 ve k\u0131z\u0131yla \u0130ran\u2019a yapt\u0131klar\u0131 aile ziyareti ile k\u00e2busa d\u00f6nd\u00fc\u2026 Art\u0131k \u00f6n\u00fcnde iki se\u00e7enek vard\u0131: Ya k\u0131z\u0131n\u0131 b\u0131rak\u0131p kendi \u00fclkesine d\u00f6necek ya da k\u0131z\u0131 i\u00e7in \u00f6l\u00fcm\u00fc g\u00f6ze alacak! <\/p>\n","protected":false},"excerpt":{"rendered":"<p>Amerika\u2019da ve Avrupa \u00fclkelerinde haftalarca \u00e7oksatanlar listesinde bir numarada kald\u0131! Sadece Fransa\u2019da 2 milyonun \u00fcst\u00fcnde okundu! T\u00fcm d\u00fcnya bu kitab\u0131 konu\u015ftu! Filmi baz\u0131 M\u00fcsl\u00fcman \u00fclkelerde yasakland\u0131!<span class=\"excerpt-hellip\"> [\u2026]<\/span><\/p>\n","protected":false},"featured_media":0,"template":"","meta":{"_monsterinsights_skip_tracking":false,"_monsterinsights_sitenote_active":false,"_monsterinsights_sitenote_note":"","_monsterinsights_sitenote_category":0},"product_brand":[],"product_cat":[12291,12711],"product_tag":[],"class_list":{"0":"post-692613","1":"product","2":"type-product","3":"status-publish","5":"product_cat-edebiyat","6":"product_cat-roman-oyku","7":"pa_cilt-ciltsiz","8":"pa_tur-kitap","9":"pa_yayinevi-sonsuz-kitap-yayinlari","10":"pa_yazar-betty-mahmudi","12":"first","13":"instock","14":"sale","15":"shipping-taxable","16":"purchasable","17":"product-type-simple"},"_links":{"self":[{"href":"https:\/\/roveyayinevi.com.tr\/index.php\/wp-json\/wp\/v2\/product\/692613","targetHints":{"allow":["GET"]}}],"collection":[{"href":"https:\/\/roveyayinevi.com.tr\/index.php\/wp-json\/wp\/v2\/product"}],"about":[{"href":"https:\/\/roveyayinevi.com.tr\/index.php\/wp-json\/wp\/v2\/types\/product"}],"wp:attachment":[{"href":"https:\/\/roveyayinevi.com.tr\/index.php\/wp-json\/wp\/v2\/media?parent=692613"}],"wp:term":[{"taxonomy":"product_brand","embeddable":true,"href":"https:\/\/roveyayinevi.com.tr\/index.php\/wp-json\/wp\/v2\/product_brand?post=692613"},{"taxonomy":"product_cat","embeddable":true,"href":"https:\/\/roveyayinevi.com.tr\/index.php\/wp-json\/wp\/v2\/product_cat?post=692613"},{"taxonomy":"product_tag","embeddable":true,"href":"https:\/\/roveyayinevi.com.tr\/index.php\/wp-json\/wp\/v2\/product_tag?post=692613"}],"curies":[{"name":"wp","href":"https:\/\/api.w.org\/{rel}","templated":true}]}}