{"id":692611,"date":"2025-08-27T14:07:39","date_gmt":"2025-08-27T11:07:39","guid":{"rendered":"https:\/\/roveyayinevi.com.tr\/index.php\/urun\/dogu-anadolu-turk-devletleri-tarihi\/"},"modified":"2026-04-16T02:02:36","modified_gmt":"2026-04-15T23:02:36","slug":"dogu-anadolu-turk-devletleri-tarihi","status":"publish","type":"product","link":"https:\/\/roveyayinevi.com.tr\/index.php\/urun\/dogu-anadolu-turk-devletleri-tarihi\/","title":{"rendered":"Do\u011fu Anadolu T\u00fcrk Devletleri Tarihi"},"content":{"rendered":"<p>Do\u011fu Anadolu T\u00fcrk Devletleri Tarihi Anadolu\u2019nun T\u00fcrk vatan\u0131 olarak kurulu\u015funun tarihidir. Prof. Dr. Osman Turan, bu eserinde kurulu\u015f devrinin tarihini, burada kurulan k\u00fc\u00e7\u00fck devlet ve beyliklerin siyas\u00ee mevkilerini, meden\u00ee faaliyetlerini ele almaktad\u0131r. Kaynaklar\u0131n kif\u00e2yetsizli\u011fine ra\u011fmen Do\u011fu Anadolu\u2019da ne derece ileri ve mamur bir \u00fclke meydana getirildi\u011fini ortaya koyan bu eser, Orta\u00e7a\u011f T\u00fcrkiyesi\u2019nin y\u00fcksek k\u00fclt\u00fcrel ve iktisad\u00ee tarihinin de habercisidir.<\/p>\n","protected":false},"excerpt":{"rendered":"<p>Do\u011fu Anadolu T\u00fcrk Devletleri Tarihi Anadolu\u2019nun T\u00fcrk vatan\u0131 olarak kurulu\u015funun tarihidir. Prof. Dr. Osman Turan, bu eserinde kurulu\u015f devrinin tarihini, burada kurulan k\u00fc\u00e7\u00fck devlet ve beyliklerin<span class=\"excerpt-hellip\"> [\u2026]<\/span><\/p>\n","protected":false},"featured_media":0,"template":"","meta":{"_monsterinsights_skip_tracking":false,"_monsterinsights_sitenote_active":false,"_monsterinsights_sitenote_note":"","_monsterinsights_sitenote_category":0},"product_brand":[],"product_cat":[12312,12304],"product_tag":[],"class_list":{"0":"post-692611","1":"product","2":"type-product","3":"status-publish","5":"product_cat-diger","6":"product_cat-tarih","7":"pa_cilt-ciltsiz","8":"pa_tur-kitap","9":"pa_yayinevi-otuken-nesriyat","10":"pa_yazar-osman-turan","12":"first","13":"instock","14":"sale","15":"shipping-taxable","16":"purchasable","17":"product-type-simple"},"_links":{"self":[{"href":"https:\/\/roveyayinevi.com.tr\/index.php\/wp-json\/wp\/v2\/product\/692611","targetHints":{"allow":["GET"]}}],"collection":[{"href":"https:\/\/roveyayinevi.com.tr\/index.php\/wp-json\/wp\/v2\/product"}],"about":[{"href":"https:\/\/roveyayinevi.com.tr\/index.php\/wp-json\/wp\/v2\/types\/product"}],"wp:attachment":[{"href":"https:\/\/roveyayinevi.com.tr\/index.php\/wp-json\/wp\/v2\/media?parent=692611"}],"wp:term":[{"taxonomy":"product_brand","embeddable":true,"href":"https:\/\/roveyayinevi.com.tr\/index.php\/wp-json\/wp\/v2\/product_brand?post=692611"},{"taxonomy":"product_cat","embeddable":true,"href":"https:\/\/roveyayinevi.com.tr\/index.php\/wp-json\/wp\/v2\/product_cat?post=692611"},{"taxonomy":"product_tag","embeddable":true,"href":"https:\/\/roveyayinevi.com.tr\/index.php\/wp-json\/wp\/v2\/product_tag?post=692611"}],"curies":[{"name":"wp","href":"https:\/\/api.w.org\/{rel}","templated":true}]}}