{"id":692607,"date":"2025-08-27T14:07:38","date_gmt":"2025-08-27T11:07:38","guid":{"rendered":"https:\/\/roveyayinevi.com.tr\/index.php\/urun\/metromarksizm\/"},"modified":"2026-04-16T02:02:36","modified_gmt":"2026-04-15T23:02:36","slug":"metromarksizm","status":"publish","type":"product","link":"https:\/\/roveyayinevi.com.tr\/index.php\/urun\/metromarksizm\/","title":{"rendered":"Metromarksizm"},"content":{"rendered":"<p>Metromarksizm, \u015fehrin sadece kapitalizm i\u00e7in de\u011fil, Marksizm i\u00e7in de nas\u0131l bir i\u015flevsel rol\u00fc oldu\u011funa bakarak, \u015fehirdeki Marksizm\u2019in ve kapitalist metropollerin diyalektik do\u011fas\u0131n\u0131 a\u00e7\u0131klamay\u0131 meram ediniyor. Siyasi olarak anlaml\u0131 olmak kadar pedagojik olarak \u00f6\u011fretici olmay\u0131 da arzulayan Metromarksizm, Marksizm ve kentsel mek\u00e2n aras\u0131ndaki dip ak\u0131nt\u0131lar\u0131n\u0131n izini s\u00fcr\u00fcp, bug\u00fcn ya\u015fad\u0131\u011f\u0131m\u0131z mek\u00e2nlara ne t\u00fcrden devrimci m\u00fcdahalelerde bulunulabilece\u011finin ipu\u00e7lar\u0131n\u0131, Marx ve Engels ba\u015fta olmak \u00fczere, Walter Benjamin, Henri Lefebvre, Guy Debord, Manuel Castells, David Harvey ve Marshall Berman\u2019\u0131n kuramlar\u0131 ve biyografileriyle siyasal ve keyifli bir diyalo\u011fa girerek ar\u0131yor. Marksist d\u00fc\u015f\u00fcncelerin neden di\u011fer herhangi bir disiplinden daha \u00e7ok co\u011frafya \u00fczerine etkide bulundu\u011funu ve bug\u00fcn\u00fcn Marksist co\u011frafyas\u0131n\u0131n neden akademinin d\u00f6rt bir yan\u0131ndaki Marksist d\u00fc\u015f\u00fcnce \u00fczerinde muazzam bir entelekt\u00fcel n\u00fcfuza sahip oldu\u011funu bilmek ister misiniz? Andy Merrifield\u2019\u0131n Kent Marksizmi\u2019ni bu denli \u00e7arp\u0131c\u0131 hale getiren \u00fcstatlara ili\u015fkin hem \u015f\u0131k hem de bilgece portreleri bize bu sorular\u0131n yan\u0131t\u0131n\u0131 veriyor. \u015eiddetle \u00f6neriyorum! -Bertell Ollman- \ufffcTan\u0131t\u0131m Metni<\/p>\n","protected":false},"excerpt":{"rendered":"<p>Metromarksizm, \u015fehrin sadece kapitalizm i\u00e7in de\u011fil, Marksizm i\u00e7in de nas\u0131l bir i\u015flevsel rol\u00fc oldu\u011funa bakarak, \u015fehirdeki Marksizm\u2019in ve kapitalist metropollerin diyalektik do\u011fas\u0131n\u0131 a\u00e7\u0131klamay\u0131 meram ediniyor. Siyasi<span class=\"excerpt-hellip\"> [\u2026]<\/span><\/p>\n","protected":false},"featured_media":0,"template":"","meta":{"_monsterinsights_skip_tracking":false,"_monsterinsights_sitenote_active":false,"_monsterinsights_sitenote_note":"","_monsterinsights_sitenote_category":0},"product_brand":[],"product_cat":[12388,15309],"product_tag":[],"class_list":{"0":"post-692607","1":"product","2":"type-product","3":"status-publish","5":"product_cat-felsefe","6":"product_cat-felsefi-akimlar","7":"pa_tur-kitap","8":"pa_yayinevi-phoenix-yayinevi","9":"pa_yazar-andy-merrifield","11":"first","12":"instock","13":"sale","14":"shipping-taxable","15":"purchasable","16":"product-type-simple"},"_links":{"self":[{"href":"https:\/\/roveyayinevi.com.tr\/index.php\/wp-json\/wp\/v2\/product\/692607","targetHints":{"allow":["GET"]}}],"collection":[{"href":"https:\/\/roveyayinevi.com.tr\/index.php\/wp-json\/wp\/v2\/product"}],"about":[{"href":"https:\/\/roveyayinevi.com.tr\/index.php\/wp-json\/wp\/v2\/types\/product"}],"wp:attachment":[{"href":"https:\/\/roveyayinevi.com.tr\/index.php\/wp-json\/wp\/v2\/media?parent=692607"}],"wp:term":[{"taxonomy":"product_brand","embeddable":true,"href":"https:\/\/roveyayinevi.com.tr\/index.php\/wp-json\/wp\/v2\/product_brand?post=692607"},{"taxonomy":"product_cat","embeddable":true,"href":"https:\/\/roveyayinevi.com.tr\/index.php\/wp-json\/wp\/v2\/product_cat?post=692607"},{"taxonomy":"product_tag","embeddable":true,"href":"https:\/\/roveyayinevi.com.tr\/index.php\/wp-json\/wp\/v2\/product_tag?post=692607"}],"curies":[{"name":"wp","href":"https:\/\/api.w.org\/{rel}","templated":true}]}}