{"id":692604,"date":"2025-08-27T14:07:37","date_gmt":"2025-08-27T11:07:37","guid":{"rendered":"https:\/\/roveyayinevi.com.tr\/index.php\/urun\/mutlulugun-mimarisi\/"},"modified":"2026-04-16T02:02:35","modified_gmt":"2026-04-15T23:02:35","slug":"mutlulugun-mimarisi","status":"publish","type":"product","link":"https:\/\/roveyayinevi.com.tr\/index.php\/urun\/mutlulugun-mimarisi\/","title":{"rendered":"Mutlulu\u011fun Mimarisi"},"content":{"rendered":"<p>Mutlulu\u011fun Mimarisi, Kuzey Avrupa mimarisinden Japon ve \u0130slam mimarisine kadar d\u00fcnyan\u0131n farkl\u0131 yerlerinde ortaya \u00e7\u0131km\u0131\u015f ve kabul g\u00f6rm\u00fc\u015f mimari \u00fcsluplar\u0131 daha yak\u0131ndan tan\u0131man\u0131z\u0131, mimari ile felsefe, psikoloji politika gibi alanlar aras\u0131nda daha \u00f6nce hi\u00e7 akl\u0131n\u0131za gelmeyen ba\u011flant\u0131lar kurman\u0131z\u0131 sa\u011flayacak. Bu kitab\u0131 okuduktan sonra evinizle, soka\u011f\u0131n\u0131zla, en \u00f6nemlisi de kendinizle ilgili d\u00fc\u015f\u00fcnceleriniz tamamen de\u011fi\u015fecek.&#8221;Alain de Botton her kitab\u0131nda oldu\u011fu gibi bu kitab\u0131nda da bizi nas\u0131l ya\u015fad\u0131\u011f\u0131m\u0131z, hayat\u0131m\u0131zda neleri de\u011fi\u015ftirebilece\u011fimiz \u00fczerine d\u00fc\u015f\u00fcnmeye y\u00f6neltiyor.&#8221;The Times&#8221;Mimari \u00fczerine yaz\u0131lm\u0131\u015f ba\u015fka kitaplar kadar ciddi ama onlardan \u00e7ok farkl\u0131, \u00e7ok daha e\u011flenceli, d\u00fc\u015f\u00fcnd\u00fcr\u00fcc\u00fc.&#8221;GQ<\/p>\n","protected":false},"excerpt":{"rendered":"<p>Mutlulu\u011fun Mimarisi, Kuzey Avrupa mimarisinden Japon ve \u0130slam mimarisine kadar d\u00fcnyan\u0131n farkl\u0131 yerlerinde ortaya \u00e7\u0131km\u0131\u015f ve kabul g\u00f6rm\u00fc\u015f mimari \u00fcsluplar\u0131 daha yak\u0131ndan tan\u0131man\u0131z\u0131, mimari ile felsefe,<span class=\"excerpt-hellip\"> [\u2026]<\/span><\/p>\n","protected":false},"featured_media":0,"template":"","meta":{"_monsterinsights_skip_tracking":false,"_monsterinsights_sitenote_active":false,"_monsterinsights_sitenote_note":"","_monsterinsights_sitenote_category":0},"product_brand":[],"product_cat":[12777,12291],"product_tag":[],"class_list":{"0":"post-692604","1":"product","2":"type-product","3":"status-publish","5":"product_cat-deneme","6":"product_cat-edebiyat","7":"pa_cilt-ciltsiz","8":"pa_tur-kitap","9":"pa_yayinevi-sel-yayincilik","10":"pa_yazar-alain-de-botton","12":"first","13":"instock","14":"sale","15":"shipping-taxable","16":"purchasable","17":"product-type-simple"},"_links":{"self":[{"href":"https:\/\/roveyayinevi.com.tr\/index.php\/wp-json\/wp\/v2\/product\/692604","targetHints":{"allow":["GET"]}}],"collection":[{"href":"https:\/\/roveyayinevi.com.tr\/index.php\/wp-json\/wp\/v2\/product"}],"about":[{"href":"https:\/\/roveyayinevi.com.tr\/index.php\/wp-json\/wp\/v2\/types\/product"}],"wp:attachment":[{"href":"https:\/\/roveyayinevi.com.tr\/index.php\/wp-json\/wp\/v2\/media?parent=692604"}],"wp:term":[{"taxonomy":"product_brand","embeddable":true,"href":"https:\/\/roveyayinevi.com.tr\/index.php\/wp-json\/wp\/v2\/product_brand?post=692604"},{"taxonomy":"product_cat","embeddable":true,"href":"https:\/\/roveyayinevi.com.tr\/index.php\/wp-json\/wp\/v2\/product_cat?post=692604"},{"taxonomy":"product_tag","embeddable":true,"href":"https:\/\/roveyayinevi.com.tr\/index.php\/wp-json\/wp\/v2\/product_tag?post=692604"}],"curies":[{"name":"wp","href":"https:\/\/api.w.org\/{rel}","templated":true}]}}