{"id":692601,"date":"2025-08-27T14:07:36","date_gmt":"2025-08-27T11:07:36","guid":{"rendered":"https:\/\/roveyayinevi.com.tr\/index.php\/urun\/kultur-ve-materyalizm\/"},"modified":"2026-04-16T02:02:35","modified_gmt":"2026-04-15T23:02:35","slug":"kultur-ve-materyalizm","status":"publish","type":"product","link":"https:\/\/roveyayinevi.com.tr\/index.php\/urun\/kultur-ve-materyalizm\/","title":{"rendered":"K\u00fclt\u00fcr ve Materyalizm"},"content":{"rendered":"<p>Dil, tarih, politika ve edebiyat gibi konularda sundu\u011fu \u00f6nemli yakla\u015f\u0131mlar\u0131yla k\u00fclt\u00fcrel \u00e7al\u0131\u015fmalar alan\u0131n\u0131n \u00f6nde gelen isimlerinden Raymond Williams, k\u00fclt\u00fcrel materyalizm kavram\u0131n\u0131 geli\u015ftirdi\u011fi bu makalelerde, yoruma a\u00e7\u0131k ve esnek bir metod benimseyerek, k\u00fclt\u00fcr ve toplum aras\u0131ndaki ili\u015fkinin do\u011fas\u0131 \u00fczerine kapsaml\u0131 bir bak\u0131\u015f a\u00e7\u0131s\u0131 ortaya koyuyor. <\/p>\n","protected":false},"excerpt":{"rendered":"<p>Dil, tarih, politika ve edebiyat gibi konularda sundu\u011fu \u00f6nemli yakla\u015f\u0131mlar\u0131yla k\u00fclt\u00fcrel \u00e7al\u0131\u015fmalar alan\u0131n\u0131n \u00f6nde gelen isimlerinden Raymond Williams, k\u00fclt\u00fcrel materyalizm kavram\u0131n\u0131 geli\u015ftirdi\u011fi bu makalelerde, yoruma a\u00e7\u0131k<span class=\"excerpt-hellip\"> [\u2026]<\/span><\/p>\n","protected":false},"featured_media":0,"template":"","meta":{"_monsterinsights_skip_tracking":false,"_monsterinsights_sitenote_active":false,"_monsterinsights_sitenote_note":"","_monsterinsights_sitenote_category":0},"product_brand":[],"product_cat":[13633,12324],"product_tag":[],"class_list":{"0":"post-692601","1":"product","2":"type-product","3":"status-publish","5":"product_cat-kultur-ve-bilim","6":"product_cat-sosyoloji","7":"pa_tur-kitap","8":"pa_yayinevi-sel-yayincilik","9":"pa_yazar-raymond-williams","11":"first","12":"instock","13":"sale","14":"shipping-taxable","15":"purchasable","16":"product-type-simple"},"_links":{"self":[{"href":"https:\/\/roveyayinevi.com.tr\/index.php\/wp-json\/wp\/v2\/product\/692601","targetHints":{"allow":["GET"]}}],"collection":[{"href":"https:\/\/roveyayinevi.com.tr\/index.php\/wp-json\/wp\/v2\/product"}],"about":[{"href":"https:\/\/roveyayinevi.com.tr\/index.php\/wp-json\/wp\/v2\/types\/product"}],"wp:attachment":[{"href":"https:\/\/roveyayinevi.com.tr\/index.php\/wp-json\/wp\/v2\/media?parent=692601"}],"wp:term":[{"taxonomy":"product_brand","embeddable":true,"href":"https:\/\/roveyayinevi.com.tr\/index.php\/wp-json\/wp\/v2\/product_brand?post=692601"},{"taxonomy":"product_cat","embeddable":true,"href":"https:\/\/roveyayinevi.com.tr\/index.php\/wp-json\/wp\/v2\/product_cat?post=692601"},{"taxonomy":"product_tag","embeddable":true,"href":"https:\/\/roveyayinevi.com.tr\/index.php\/wp-json\/wp\/v2\/product_tag?post=692601"}],"curies":[{"name":"wp","href":"https:\/\/api.w.org\/{rel}","templated":true}]}}