{"id":692597,"date":"2025-08-27T14:07:36","date_gmt":"2025-08-27T11:07:36","guid":{"rendered":"https:\/\/roveyayinevi.com.tr\/index.php\/urun\/olympos-tanrilari\/"},"modified":"2026-04-16T02:02:35","modified_gmt":"2026-04-15T23:02:35","slug":"olympos-tanrilari","status":"publish","type":"product","link":"https:\/\/roveyayinevi.com.tr\/index.php\/urun\/olympos-tanrilari\/","title":{"rendered":"Olympos Tanr\u0131lar\u0131"},"content":{"rendered":"<p>D\u00fcnyan\u0131n Belle\u011fi Koleksiyonu Tanr\u0131lar, Kahramalar ve Canavarlar&#8230; Kronos \u00e7ocuklar\u0131n\u0131 neden yutar? Hades, kendisine e\u015f olarak se\u00e7ti\u011fi Persephone\u2019yi nas\u0131l ka\u00e7\u0131r\u0131r? \u0130ason alt\u0131n post\u2019u nas\u0131l ele ge\u00e7irir? Hayal g\u00fcc\u00fcn\u00fcz\u00fc sarsacak ve uzun s\u00fcre etkisinden \u00e7\u0131kamayaca\u011f\u0131n\u0131z muhte\u015fem g\u00fczellikte ve inan\u0131lmaz ser\u00fcvenler&#8230; <\/p>\n","protected":false},"excerpt":{"rendered":"<p>D\u00fcnyan\u0131n Belle\u011fi Koleksiyonu Tanr\u0131lar, Kahramalar ve Canavarlar&#8230; Kronos \u00e7ocuklar\u0131n\u0131 neden yutar? Hades, kendisine e\u015f olarak se\u00e7ti\u011fi Persephone\u2019yi nas\u0131l ka\u00e7\u0131r\u0131r? \u0130ason alt\u0131n post\u2019u nas\u0131l ele ge\u00e7irir? Hayal<span class=\"excerpt-hellip\"> [\u2026]<\/span><\/p>\n","protected":false},"featured_media":0,"template":"","meta":{"_monsterinsights_skip_tracking":false,"_monsterinsights_sitenote_active":false,"_monsterinsights_sitenote_note":"","_monsterinsights_sitenote_category":0},"product_brand":[],"product_cat":[12718,12858],"product_tag":[],"class_list":{"0":"post-692597","1":"product","2":"type-product","3":"status-publish","5":"product_cat-din","6":"product_cat-mitolojiler","7":"pa_cilt-ciltsiz","8":"pa_tur-kitap","9":"pa_yayinevi-say-cocuk","10":"pa_yazar-claude-pouzadoux","12":"first","13":"instock","14":"sale","15":"shipping-taxable","16":"purchasable","17":"product-type-simple"},"_links":{"self":[{"href":"https:\/\/roveyayinevi.com.tr\/index.php\/wp-json\/wp\/v2\/product\/692597","targetHints":{"allow":["GET"]}}],"collection":[{"href":"https:\/\/roveyayinevi.com.tr\/index.php\/wp-json\/wp\/v2\/product"}],"about":[{"href":"https:\/\/roveyayinevi.com.tr\/index.php\/wp-json\/wp\/v2\/types\/product"}],"wp:attachment":[{"href":"https:\/\/roveyayinevi.com.tr\/index.php\/wp-json\/wp\/v2\/media?parent=692597"}],"wp:term":[{"taxonomy":"product_brand","embeddable":true,"href":"https:\/\/roveyayinevi.com.tr\/index.php\/wp-json\/wp\/v2\/product_brand?post=692597"},{"taxonomy":"product_cat","embeddable":true,"href":"https:\/\/roveyayinevi.com.tr\/index.php\/wp-json\/wp\/v2\/product_cat?post=692597"},{"taxonomy":"product_tag","embeddable":true,"href":"https:\/\/roveyayinevi.com.tr\/index.php\/wp-json\/wp\/v2\/product_tag?post=692597"}],"curies":[{"name":"wp","href":"https:\/\/api.w.org\/{rel}","templated":true}]}}