{"id":692595,"date":"2025-08-27T14:07:35","date_gmt":"2025-08-27T11:07:35","guid":{"rendered":"https:\/\/roveyayinevi.com.tr\/index.php\/urun\/hancer-disli-kaplanlar\/"},"modified":"2026-04-16T02:02:35","modified_gmt":"2026-04-15T23:02:35","slug":"hancer-disli-kaplanlar","status":"publish","type":"product","link":"https:\/\/roveyayinevi.com.tr\/index.php\/urun\/hancer-disli-kaplanlar\/","title":{"rendered":"Han\u00e7er Di\u015fli Kaplanlar"},"content":{"rendered":"<p>En az dinozorlar kadar eski d\u00f6nemde ya\u015fam\u0131\u015f, pen\u00e7eleri keskin, di\u015fleri han\u00e7er gibi olan bu hayvanlar\u0131n bilgisayar \u00e7a\u011f\u0131nda i\u015fleri ne? Haritada yerini dahi bulman\u0131n zor oldu\u011fu bir \u00fclkede ara\u015ft\u0131rma yapan arkeologlar, bir \u00fclkenin kaderini de\u011fi\u015ftirebilir mi? <\/p>\n","protected":false},"excerpt":{"rendered":"<p>En az dinozorlar kadar eski d\u00f6nemde ya\u015fam\u0131\u015f, pen\u00e7eleri keskin, di\u015fleri han\u00e7er gibi olan bu hayvanlar\u0131n bilgisayar \u00e7a\u011f\u0131nda i\u015fleri ne? Haritada yerini dahi bulman\u0131n zor oldu\u011fu bir<span class=\"excerpt-hellip\"> [\u2026]<\/span><\/p>\n","protected":false},"featured_media":0,"template":"","meta":{"_monsterinsights_skip_tracking":false,"_monsterinsights_sitenote_active":false,"_monsterinsights_sitenote_note":"","_monsterinsights_sitenote_category":0},"product_brand":[],"product_cat":[12274,12284],"product_tag":[],"class_list":{"0":"post-692595","1":"product","2":"type-product","3":"status-publish","5":"product_cat-cocuk-ve-genclik-kitaplari","6":"product_cat-hikayeler","7":"pa_cilt-ciltsiz","8":"pa_tur-kitap","9":"pa_yayinevi-say-cocuk","10":"pa_yazar-thomas-brezina","12":"first","13":"instock","14":"sale","15":"shipping-taxable","16":"purchasable","17":"product-type-simple"},"_links":{"self":[{"href":"https:\/\/roveyayinevi.com.tr\/index.php\/wp-json\/wp\/v2\/product\/692595","targetHints":{"allow":["GET"]}}],"collection":[{"href":"https:\/\/roveyayinevi.com.tr\/index.php\/wp-json\/wp\/v2\/product"}],"about":[{"href":"https:\/\/roveyayinevi.com.tr\/index.php\/wp-json\/wp\/v2\/types\/product"}],"wp:attachment":[{"href":"https:\/\/roveyayinevi.com.tr\/index.php\/wp-json\/wp\/v2\/media?parent=692595"}],"wp:term":[{"taxonomy":"product_brand","embeddable":true,"href":"https:\/\/roveyayinevi.com.tr\/index.php\/wp-json\/wp\/v2\/product_brand?post=692595"},{"taxonomy":"product_cat","embeddable":true,"href":"https:\/\/roveyayinevi.com.tr\/index.php\/wp-json\/wp\/v2\/product_cat?post=692595"},{"taxonomy":"product_tag","embeddable":true,"href":"https:\/\/roveyayinevi.com.tr\/index.php\/wp-json\/wp\/v2\/product_tag?post=692595"}],"curies":[{"name":"wp","href":"https:\/\/api.w.org\/{rel}","templated":true}]}}