{"id":692593,"date":"2025-08-27T14:07:35","date_gmt":"2025-08-27T11:07:35","guid":{"rendered":"https:\/\/roveyayinevi.com.tr\/index.php\/urun\/evdeki-altinlar\/"},"modified":"2026-04-16T02:02:35","modified_gmt":"2026-04-15T23:02:35","slug":"evdeki-altinlar","status":"publish","type":"product","link":"https:\/\/roveyayinevi.com.tr\/index.php\/urun\/evdeki-altinlar\/","title":{"rendered":"Evdeki Alt\u0131nlar"},"content":{"rendered":"<p>Fatma, yerdeki tahtan\u0131n aral\u0131\u011f\u0131ndan bakt\u0131. O da ne? A\u015fa\u011f\u0131da sar\u0131 bir \u015fey parl\u0131yordu. Oh, buldu! diye ba\u011f\u0131rd\u0131. \u015eimdi b\u00fct\u00fcn i\u015f, alt\u0131nlar\u0131 oradan \u00e7\u0131karmaktayd\u0131. Acaba bunu nas\u0131l yapabilirdi? Evdeki Alt\u0131nlar, kitap okumay\u0131 \u00e7ok seven ve okuduklar\u0131ndan etkilenen Fatma\u2019n\u0131n \u00f6yk\u00fcs\u00fcn\u00fc anlat\u0131yor. Bakal\u0131m, \u00f6yk\u00fcy\u00fc okuyunca siz ne d\u00fc\u015f\u00fcneceksiniz? \ufffcTan\u0131t\u0131m Metni<\/p>\n","protected":false},"excerpt":{"rendered":"<p>Fatma, yerdeki tahtan\u0131n aral\u0131\u011f\u0131ndan bakt\u0131. O da ne? A\u015fa\u011f\u0131da sar\u0131 bir \u015fey parl\u0131yordu. Oh, buldu! diye ba\u011f\u0131rd\u0131. \u015eimdi b\u00fct\u00fcn i\u015f, alt\u0131nlar\u0131 oradan \u00e7\u0131karmaktayd\u0131. Acaba bunu nas\u0131l<span class=\"excerpt-hellip\"> [\u2026]<\/span><\/p>\n","protected":false},"featured_media":0,"template":"","meta":{"_monsterinsights_skip_tracking":false,"_monsterinsights_sitenote_active":false,"_monsterinsights_sitenote_note":"","_monsterinsights_sitenote_category":0},"product_brand":[],"product_cat":[12274,12284],"product_tag":[],"class_list":{"0":"post-692593","1":"product","2":"type-product","3":"status-publish","5":"product_cat-cocuk-ve-genclik-kitaplari","6":"product_cat-hikayeler","7":"pa_cilt-ciltsiz","8":"pa_tur-kitap","9":"pa_yayinevi-say-cocuk","10":"pa_yazar-gulsum-cengiz","12":"first","13":"instock","14":"sale","15":"shipping-taxable","16":"purchasable","17":"product-type-simple"},"_links":{"self":[{"href":"https:\/\/roveyayinevi.com.tr\/index.php\/wp-json\/wp\/v2\/product\/692593","targetHints":{"allow":["GET"]}}],"collection":[{"href":"https:\/\/roveyayinevi.com.tr\/index.php\/wp-json\/wp\/v2\/product"}],"about":[{"href":"https:\/\/roveyayinevi.com.tr\/index.php\/wp-json\/wp\/v2\/types\/product"}],"wp:attachment":[{"href":"https:\/\/roveyayinevi.com.tr\/index.php\/wp-json\/wp\/v2\/media?parent=692593"}],"wp:term":[{"taxonomy":"product_brand","embeddable":true,"href":"https:\/\/roveyayinevi.com.tr\/index.php\/wp-json\/wp\/v2\/product_brand?post=692593"},{"taxonomy":"product_cat","embeddable":true,"href":"https:\/\/roveyayinevi.com.tr\/index.php\/wp-json\/wp\/v2\/product_cat?post=692593"},{"taxonomy":"product_tag","embeddable":true,"href":"https:\/\/roveyayinevi.com.tr\/index.php\/wp-json\/wp\/v2\/product_tag?post=692593"}],"curies":[{"name":"wp","href":"https:\/\/api.w.org\/{rel}","templated":true}]}}