{"id":692586,"date":"2025-08-27T14:07:33","date_gmt":"2025-08-27T11:07:33","guid":{"rendered":"https:\/\/roveyayinevi.com.tr\/index.php\/urun\/kursunkalem-portreler\/"},"modified":"2026-04-16T02:02:35","modified_gmt":"2026-04-15T23:02:35","slug":"kursunkalem-portreler","status":"publish","type":"product","link":"https:\/\/roveyayinevi.com.tr\/index.php\/urun\/kursunkalem-portreler\/","title":{"rendered":"Kur\u015funkalem Portreler"},"content":{"rendered":"<p>Enis Batur,   \u00f6zel ansiklopedi  sinin ilk \u00fcr\u00fcnlerini gazete ve dergilerde yay\u0131mlamaya 1984\u2019te ba\u015flad\u0131; o d\u00f6nemde kulland\u0131\u011f\u0131 genel \u00fcst-ba\u015fl\u0131k,   \u0130nsanlar, Sokaklar ve \u015eeyler  , bir bak\u0131ma tasar\u0131s\u0131n\u0131n, giri\u015fiminin ana odaklar\u0131n\u0131 g\u00f6steren bir anahtar olma niteli\u011fi ta\u015f\u0131yordu. Kitaptan kitaba hem geni\u015fleyen, hem de netle\u015fen bu haritada mekanlara ve e\u015fyaya dikkat kesilmeyi s\u00fcrd\u00fcren yazar, insan\u0131, yaratt\u0131\u011f\u0131 adan\u0131n n\u00fcfus say\u0131m\u0131nda farkl\u0131 \u00f6zellikleriyle ku\u015fatmaya y\u00f6neldi. <\/p>\n","protected":false},"excerpt":{"rendered":"<p>Enis Batur, \u00f6zel ansiklopedi sinin ilk \u00fcr\u00fcnlerini gazete ve dergilerde yay\u0131mlamaya 1984\u2019te ba\u015flad\u0131; o d\u00f6nemde kulland\u0131\u011f\u0131 genel \u00fcst-ba\u015fl\u0131k, \u0130nsanlar, Sokaklar ve \u015eeyler , bir bak\u0131ma tasar\u0131s\u0131n\u0131n,<span class=\"excerpt-hellip\"> [\u2026]<\/span><\/p>\n","protected":false},"featured_media":0,"template":"","meta":{"_monsterinsights_skip_tracking":false,"_monsterinsights_sitenote_active":false,"_monsterinsights_sitenote_note":"","_monsterinsights_sitenote_category":0},"product_brand":[],"product_cat":[12365,12364],"product_tag":[],"class_list":{"0":"post-692586","1":"product","2":"type-product","3":"status-publish","5":"product_cat-diger-genel-konular","6":"product_cat-genel-konular","7":"pa_tur-kitap","8":"pa_yayinevi-sel-yayincilik","9":"pa_yazar-enis-batur","11":"first","12":"instock","13":"sale","14":"shipping-taxable","15":"purchasable","16":"product-type-simple"},"_links":{"self":[{"href":"https:\/\/roveyayinevi.com.tr\/index.php\/wp-json\/wp\/v2\/product\/692586","targetHints":{"allow":["GET"]}}],"collection":[{"href":"https:\/\/roveyayinevi.com.tr\/index.php\/wp-json\/wp\/v2\/product"}],"about":[{"href":"https:\/\/roveyayinevi.com.tr\/index.php\/wp-json\/wp\/v2\/types\/product"}],"wp:attachment":[{"href":"https:\/\/roveyayinevi.com.tr\/index.php\/wp-json\/wp\/v2\/media?parent=692586"}],"wp:term":[{"taxonomy":"product_brand","embeddable":true,"href":"https:\/\/roveyayinevi.com.tr\/index.php\/wp-json\/wp\/v2\/product_brand?post=692586"},{"taxonomy":"product_cat","embeddable":true,"href":"https:\/\/roveyayinevi.com.tr\/index.php\/wp-json\/wp\/v2\/product_cat?post=692586"},{"taxonomy":"product_tag","embeddable":true,"href":"https:\/\/roveyayinevi.com.tr\/index.php\/wp-json\/wp\/v2\/product_tag?post=692586"}],"curies":[{"name":"wp","href":"https:\/\/api.w.org\/{rel}","templated":true}]}}