{"id":692584,"date":"2025-08-27T14:07:33","date_gmt":"2025-08-27T11:07:33","guid":{"rendered":"https:\/\/roveyayinevi.com.tr\/index.php\/urun\/kitaplar-ve-sigaralar\/"},"modified":"2026-04-16T02:02:35","modified_gmt":"2026-04-15T23:02:35","slug":"kitaplar-ve-sigaralar","status":"publish","type":"product","link":"https:\/\/roveyayinevi.com.tr\/index.php\/urun\/kitaplar-ve-sigaralar\/","title":{"rendered":"Kitaplar ve Sigaralar"},"content":{"rendered":"<p>Kitaplar, ger\u00e7ekten de okuyucular\u0131n yak\u0131nmalar\u0131na neden olacak kadar pahal\u0131 m\u0131d\u0131r? S\u0131k\u00e7a sorulan bu sorunun cevab\u0131n\u0131 bu kez George Orwell ar\u0131yor. \u0130\u015fe elindeki kitaplar\u0131n envanterini \u00e7\u0131kararak ba\u015fl\u0131yor ve sigaraya harcanan parayla kitaba harcanan para aras\u0131nda bir k\u0131yas yap\u0131yor. Cevap sizce ne? Kitaplar ve Sigaralar, ele\u015ftirmenlik ve sahafl\u0131k da yapm\u0131\u015f olan Orwell\u2019\u0131n sans\u00fcrden ba\u015flay\u0131p ele\u015ftirmenli\u011fin \u00e7eli\u015fkilerine uzanan geni\u015f bir yelpazede edebiyat camias\u0131na ili\u015fkin g\u00f6zlemlerinden olu\u015fan makalelerini bir araya getiriyor. Edebiyat d\u00fcnyas\u0131na ve bu d\u00fcnyadaki ili\u015fkileri y\u00f6neten ve y\u00f6nlendiren eti\u011fe ili\u015fkin \u00f6zg\u00fcn bir bak\u0131\u015f a\u00e7\u0131s\u0131 sunan Orwell, yazar, ele\u015ftirmen ve okurlar\u0131n panoramas\u0131n\u0131 d\u00f6nemin politik atmosferi e\u015fli\u011finde de\u011ferlendiriyor. Sahafta \u00e7al\u0131\u015f\u0131rken -e\u011fer sahafta \u00e7al\u0131\u015fm\u0131yorsan\u0131z bu mekan\u0131 kafan\u0131zda \u00e7ekici ya\u015fl\u0131 beyefendilerin u\u00e7suz bucaks\u0131z deri ciltli kitap sayfalar\u0131n\u0131n aras\u0131nda gezindi\u011fi bir t\u00fcr cennet olarak canland\u0131rman\u0131z ne kadar da kolay- beni en \u00e7ok etkileyen \u015fey ger\u00e7ek kitapseverlerin az bulunurlu\u011fu olmu\u015ftu. \u0130lk bask\u0131 z\u00fcppeleri, edebiyat sevdal\u0131lar\u0131ndan daha fazlayd\u0131; ucuz ders kitaplar\u0131 i\u00e7in pazarl\u0131k yapan do\u011fulu \u00f6\u011frenciler onlardan da \u00e7oktu; ama en \u00e7ok ye\u011fenleri i\u00e7in do\u011fum g\u00fcn\u00fc hediyesi arayan kafas\u0131 kar\u0131\u015f\u0131k kad\u0131nlar geliyordu. \u00d6rne\u011fin 1897\u2019de \u00e7ok ho\u015f bir kitap okumu\u015f olan, kendisi i\u00e7in o kitab\u0131n bir n\u00fcshas\u0131n\u0131 bulup bulamayaca\u011f\u0131n\u0131z\u0131 soran sevgili ya\u015fl\u0131 han\u0131mefendi. Ne yaz\u0131k ki kitab\u0131n ad\u0131n\u0131 ya da yazar\u0131n\u0131 hat\u0131rlam\u0131yor, t\u0131pk\u0131 hangi konuyla ilgili oldu\u011funu da hat\u0131rlamad\u0131\u011f\u0131 gibi; fakat k\u0131rm\u0131z\u0131 bir kapa\u011f\u0131n\u0131n oldu\u011funu unutmam\u0131\u015f.<\/p>\n","protected":false},"excerpt":{"rendered":"<p>Kitaplar, ger\u00e7ekten de okuyucular\u0131n yak\u0131nmalar\u0131na neden olacak kadar pahal\u0131 m\u0131d\u0131r? S\u0131k\u00e7a sorulan bu sorunun cevab\u0131n\u0131 bu kez George Orwell ar\u0131yor. \u0130\u015fe elindeki kitaplar\u0131n envanterini \u00e7\u0131kararak ba\u015fl\u0131yor<span class=\"excerpt-hellip\"> [\u2026]<\/span><\/p>\n","protected":false},"featured_media":0,"template":"","meta":{"_monsterinsights_skip_tracking":false,"_monsterinsights_sitenote_active":false,"_monsterinsights_sitenote_note":"","_monsterinsights_sitenote_category":0},"product_brand":[],"product_cat":[12777,12291],"product_tag":[],"class_list":{"0":"post-692584","1":"product","2":"type-product","3":"status-publish","5":"product_cat-deneme","6":"product_cat-edebiyat","7":"pa_cilt-ciltsiz","8":"pa_tur-kitap","9":"pa_yayinevi-sel-yayincilik","10":"pa_yazar-george-orwell","12":"first","13":"instock","14":"sale","15":"shipping-taxable","16":"purchasable","17":"product-type-simple"},"_links":{"self":[{"href":"https:\/\/roveyayinevi.com.tr\/index.php\/wp-json\/wp\/v2\/product\/692584","targetHints":{"allow":["GET"]}}],"collection":[{"href":"https:\/\/roveyayinevi.com.tr\/index.php\/wp-json\/wp\/v2\/product"}],"about":[{"href":"https:\/\/roveyayinevi.com.tr\/index.php\/wp-json\/wp\/v2\/types\/product"}],"wp:attachment":[{"href":"https:\/\/roveyayinevi.com.tr\/index.php\/wp-json\/wp\/v2\/media?parent=692584"}],"wp:term":[{"taxonomy":"product_brand","embeddable":true,"href":"https:\/\/roveyayinevi.com.tr\/index.php\/wp-json\/wp\/v2\/product_brand?post=692584"},{"taxonomy":"product_cat","embeddable":true,"href":"https:\/\/roveyayinevi.com.tr\/index.php\/wp-json\/wp\/v2\/product_cat?post=692584"},{"taxonomy":"product_tag","embeddable":true,"href":"https:\/\/roveyayinevi.com.tr\/index.php\/wp-json\/wp\/v2\/product_tag?post=692584"}],"curies":[{"name":"wp","href":"https:\/\/api.w.org\/{rel}","templated":true}]}}