{"id":692583,"date":"2025-08-27T14:07:33","date_gmt":"2025-08-27T11:07:33","guid":{"rendered":"https:\/\/roveyayinevi.com.tr\/index.php\/urun\/kapitali-sahnelemek\/"},"modified":"2026-04-16T02:02:35","modified_gmt":"2026-04-15T23:02:35","slug":"kapitali-sahnelemek","status":"publish","type":"product","link":"https:\/\/roveyayinevi.com.tr\/index.php\/urun\/kapitali-sahnelemek\/","title":{"rendered":"Kapital\u2019i Sahnelemek"},"content":{"rendered":"<p>Her kriz, k\u00fcresel kapitalizmin yap\u0131s\u0131n\u0131n, ona y\u00f6n verdi\u011fini iddia edenlerin de kavray\u0131\u015flar\u0131n\u0131 a\u015ft\u0131\u011f\u0131n\u0131 g\u00f6sterirken, Marx\u2019\u0131n Kapital\u2019ini yeniden g\u00fcndeme getiriyor. Kendi \u00e7eli\u015fkilerini ve krizlerini, ancak bunlar\u0131 geni\u015fletme yoluyla   a\u015fan   bu karma\u015f\u0131k varl\u0131\u011f\u0131 resmetmeye giri\u015fen Marx, eserini in\u015fa ederken inceledi\u011fi yap\u0131ya ayak uydurur: Sermayenin her \u00f6\u011fesinin kendi i\u00e7inde bir problem olarak ele al\u0131nd\u0131\u011f\u0131, ortaya \u00e7\u0131kart\u0131lan her karakteristik \u00f6zelli\u011fin \u00e7\u00f6z\u00fclmesi gereken ba\u015fka bir bulmacaya d\u00f6n\u00fc\u015ft\u00fcr\u00fcld\u00fc\u011f\u00fc, kavramlar\u0131n s\u00fcrekli hareket halinde oldu\u011fu bir metin ortaya koyar. \u00d6yle ki Ernst Mandel gibi g\u00fcn\u00fcm\u00fcz kapitalizminin   Kapital\u2019deki \u2018soyut\u2019 modele, Marx\u2019\u0131n Birinci Cildin d\u00fczeltmelerini bitirdi\u011fi 1867\u2019deki \u2018somut\u2019 kapitalizmden \u00e7ok daha yak\u0131n   oldu\u011funu iddia etmek m\u00fcmk\u00fcnd\u00fcr. <\/p>\n","protected":false},"excerpt":{"rendered":"<p>Her kriz, k\u00fcresel kapitalizmin yap\u0131s\u0131n\u0131n, ona y\u00f6n verdi\u011fini iddia edenlerin de kavray\u0131\u015flar\u0131n\u0131 a\u015ft\u0131\u011f\u0131n\u0131 g\u00f6sterirken, Marx\u2019\u0131n Kapital\u2019ini yeniden g\u00fcndeme getiriyor. Kendi \u00e7eli\u015fkilerini ve krizlerini, ancak bunlar\u0131 geni\u015fletme<span class=\"excerpt-hellip\"> [\u2026]<\/span><\/p>\n","protected":false},"featured_media":0,"template":"","meta":{"_monsterinsights_skip_tracking":false,"_monsterinsights_sitenote_active":false,"_monsterinsights_sitenote_note":"","_monsterinsights_sitenote_category":0},"product_brand":[],"product_cat":[12389,12388],"product_tag":[],"class_list":{"0":"post-692583","1":"product","2":"type-product","3":"status-publish","5":"product_cat-diger-felsefe","6":"product_cat-felsefe","7":"pa_tur-kitap","8":"pa_yayinevi-sel-yayincilik","9":"pa_yazar-fredric-jameson","11":"first","12":"instock","13":"sale","14":"shipping-taxable","15":"purchasable","16":"product-type-simple"},"_links":{"self":[{"href":"https:\/\/roveyayinevi.com.tr\/index.php\/wp-json\/wp\/v2\/product\/692583","targetHints":{"allow":["GET"]}}],"collection":[{"href":"https:\/\/roveyayinevi.com.tr\/index.php\/wp-json\/wp\/v2\/product"}],"about":[{"href":"https:\/\/roveyayinevi.com.tr\/index.php\/wp-json\/wp\/v2\/types\/product"}],"wp:attachment":[{"href":"https:\/\/roveyayinevi.com.tr\/index.php\/wp-json\/wp\/v2\/media?parent=692583"}],"wp:term":[{"taxonomy":"product_brand","embeddable":true,"href":"https:\/\/roveyayinevi.com.tr\/index.php\/wp-json\/wp\/v2\/product_brand?post=692583"},{"taxonomy":"product_cat","embeddable":true,"href":"https:\/\/roveyayinevi.com.tr\/index.php\/wp-json\/wp\/v2\/product_cat?post=692583"},{"taxonomy":"product_tag","embeddable":true,"href":"https:\/\/roveyayinevi.com.tr\/index.php\/wp-json\/wp\/v2\/product_tag?post=692583"}],"curies":[{"name":"wp","href":"https:\/\/api.w.org\/{rel}","templated":true}]}}