{"id":692582,"date":"2025-08-27T14:07:33","date_gmt":"2025-08-27T11:07:33","guid":{"rendered":"https:\/\/roveyayinevi.com.tr\/index.php\/urun\/karanlik-cagin-filizi-sezai-ekinci\/"},"modified":"2026-04-16T02:02:35","modified_gmt":"2026-04-15T23:02:35","slug":"karanlik-cagin-filizi-sezai-ekinci","status":"publish","type":"product","link":"https:\/\/roveyayinevi.com.tr\/index.php\/urun\/karanlik-cagin-filizi-sezai-ekinci\/","title":{"rendered":"Karanl\u0131k \u00c7a\u011f\u0131n Filizi: Sezai Ekinci"},"content":{"rendered":"<p>Baz\u0131 insanlar i\u00e7in   7\u2019sinde neyse 70\u2019inde de o   denir. Sezai Ekinci\u2019nin karakteristik \u00f6zellikleri de son nefesine kadar \u00f6z olarak hi\u00e7 de\u011fi\u015fmedi. 1975\u2019lerin gen\u00e7 devrimcisi Sezai nas\u0131l biriyse, 27 y\u0131l s\u00fcren kesintisiz bir m\u00fccadele s\u00fcrecinin ard\u0131ndan son nefesini veren kom\u00fcnist \u00f6nder Sezai\u2019si de ayn\u0131yd\u0131. Hep devrimin hamal\u0131&#8230; Hep emek\u00e7i&#8230; Hep ba\u011f\u0131rt\u0131s\u0131z \u00e7a\u011f\u0131rt\u0131s\u0131z&#8230; Hep teredd\u00fcts\u00fcz&#8230; Hep g\u00f6z\u00fckara&#8230; <\/p>\n","protected":false},"excerpt":{"rendered":"<p>Baz\u0131 insanlar i\u00e7in 7\u2019sinde neyse 70\u2019inde de o denir. Sezai Ekinci\u2019nin karakteristik \u00f6zellikleri de son nefesine kadar \u00f6z olarak hi\u00e7 de\u011fi\u015fmedi. 1975\u2019lerin gen\u00e7 devrimcisi Sezai nas\u0131l<span class=\"excerpt-hellip\"> [\u2026]<\/span><\/p>\n","protected":false},"featured_media":0,"template":"","meta":{"_monsterinsights_skip_tracking":false,"_monsterinsights_sitenote_active":false,"_monsterinsights_sitenote_note":"","_monsterinsights_sitenote_category":0},"product_brand":[],"product_cat":[12365,12364],"product_tag":[],"class_list":{"0":"post-692582","1":"product","2":"type-product","3":"status-publish","5":"product_cat-diger-genel-konular","6":"product_cat-genel-konular","7":"pa_tur-kitap","8":"pa_yayinevi-sel-yayincilik","9":"pa_yazar-esmahan-ekinci","11":"first","12":"instock","13":"sale","14":"shipping-taxable","15":"purchasable","16":"product-type-simple"},"_links":{"self":[{"href":"https:\/\/roveyayinevi.com.tr\/index.php\/wp-json\/wp\/v2\/product\/692582","targetHints":{"allow":["GET"]}}],"collection":[{"href":"https:\/\/roveyayinevi.com.tr\/index.php\/wp-json\/wp\/v2\/product"}],"about":[{"href":"https:\/\/roveyayinevi.com.tr\/index.php\/wp-json\/wp\/v2\/types\/product"}],"wp:attachment":[{"href":"https:\/\/roveyayinevi.com.tr\/index.php\/wp-json\/wp\/v2\/media?parent=692582"}],"wp:term":[{"taxonomy":"product_brand","embeddable":true,"href":"https:\/\/roveyayinevi.com.tr\/index.php\/wp-json\/wp\/v2\/product_brand?post=692582"},{"taxonomy":"product_cat","embeddable":true,"href":"https:\/\/roveyayinevi.com.tr\/index.php\/wp-json\/wp\/v2\/product_cat?post=692582"},{"taxonomy":"product_tag","embeddable":true,"href":"https:\/\/roveyayinevi.com.tr\/index.php\/wp-json\/wp\/v2\/product_tag?post=692582"}],"curies":[{"name":"wp","href":"https:\/\/api.w.org\/{rel}","templated":true}]}}