{"id":692581,"date":"2025-08-27T14:07:32","date_gmt":"2025-08-27T11:07:32","guid":{"rendered":"https:\/\/roveyayinevi.com.tr\/index.php\/urun\/kahveler-kitabi-salah-bey-tarihi-1\/"},"modified":"2026-04-16T02:02:35","modified_gmt":"2026-04-15T23:02:35","slug":"kahveler-kitabi-salah-bey-tarihi-1","status":"publish","type":"product","link":"https:\/\/roveyayinevi.com.tr\/index.php\/urun\/kahveler-kitabi-salah-bey-tarihi-1\/","title":{"rendered":"Kahveler Kitab\u0131 &#8211; Sal\u00e2h Bey Tarihi 1"},"content":{"rendered":"<p>Salah Bey Tarihi, T\u00fcrk Edebiyat\u0131n\u0131n anayaz\u0131&#8217;lar\u0131ndan birini getirdi\u011fi i\u00e7in \u00f6nemli, her \u015feyden \u00f6nce: Bizim deneme gelene\u011fimizde, modern d\u00f6nemin g\u00fc\u00e7l\u00fc, yola\u00e7\u0131c\u0131 \u00f6rne\u011fini Birsel kurmu\u015ftur. \u0130kinci bir \u00f6zelli\u011fi bu toplam\u0131n: \u00d6znel tarih yaz\u0131m\u0131n\u0131n en g\u00f6z\u00fcpek yakla\u015f\u0131mlar\u0131ndan birini getirmesi. Salah Bey Tarihi nin bask\u0131n \u00f6zelli\u011fini sona b\u0131rakt\u0131m, belki \u00f6ne \u00e7\u0131kar\u0131lmas\u0131 gerekeni odur: Okurda benzersiz bir damak tad\u0131 b\u0131rakan \u00fcslubu. B\u00fcy\u00fck bir okuma \u015f\u00f6leni getiriyor Kahveler Kitab\u0131. Vehbi Surname si ile Disneyland&#8217;\u0131 i\u00e7inde eriten bir bire\u015fim. <\/p>\n","protected":false},"excerpt":{"rendered":"<p>Salah Bey Tarihi, T\u00fcrk Edebiyat\u0131n\u0131n anayaz\u0131&#8217;lar\u0131ndan birini getirdi\u011fi i\u00e7in \u00f6nemli, her \u015feyden \u00f6nce: Bizim deneme gelene\u011fimizde, modern d\u00f6nemin g\u00fc\u00e7l\u00fc, yola\u00e7\u0131c\u0131 \u00f6rne\u011fini Birsel kurmu\u015ftur. \u0130kinci bir \u00f6zelli\u011fi<span class=\"excerpt-hellip\"> [\u2026]<\/span><\/p>\n","protected":false},"featured_media":0,"template":"","meta":{"_monsterinsights_skip_tracking":false,"_monsterinsights_sitenote_active":false,"_monsterinsights_sitenote_note":"","_monsterinsights_sitenote_category":0},"product_brand":[],"product_cat":[12777,12291],"product_tag":[],"class_list":{"0":"post-692581","1":"product","2":"type-product","3":"status-publish","5":"product_cat-deneme","6":"product_cat-edebiyat","7":"pa_cilt-ciltsiz","8":"pa_tur-kitap","9":"pa_yayinevi-sel-yayincilik","10":"pa_yazar-salah-birsel","12":"first","13":"instock","14":"sale","15":"shipping-taxable","16":"purchasable","17":"product-type-simple"},"_links":{"self":[{"href":"https:\/\/roveyayinevi.com.tr\/index.php\/wp-json\/wp\/v2\/product\/692581","targetHints":{"allow":["GET"]}}],"collection":[{"href":"https:\/\/roveyayinevi.com.tr\/index.php\/wp-json\/wp\/v2\/product"}],"about":[{"href":"https:\/\/roveyayinevi.com.tr\/index.php\/wp-json\/wp\/v2\/types\/product"}],"wp:attachment":[{"href":"https:\/\/roveyayinevi.com.tr\/index.php\/wp-json\/wp\/v2\/media?parent=692581"}],"wp:term":[{"taxonomy":"product_brand","embeddable":true,"href":"https:\/\/roveyayinevi.com.tr\/index.php\/wp-json\/wp\/v2\/product_brand?post=692581"},{"taxonomy":"product_cat","embeddable":true,"href":"https:\/\/roveyayinevi.com.tr\/index.php\/wp-json\/wp\/v2\/product_cat?post=692581"},{"taxonomy":"product_tag","embeddable":true,"href":"https:\/\/roveyayinevi.com.tr\/index.php\/wp-json\/wp\/v2\/product_tag?post=692581"}],"curies":[{"name":"wp","href":"https:\/\/api.w.org\/{rel}","templated":true}]}}