{"id":692580,"date":"2025-08-27T14:07:32","date_gmt":"2025-08-27T11:07:32","guid":{"rendered":"https:\/\/roveyayinevi.com.tr\/index.php\/urun\/cehennem-semenderi\/"},"modified":"2026-04-15T02:03:20","modified_gmt":"2026-04-14T23:03:20","slug":"cehennem-semenderi","status":"publish","type":"product","link":"https:\/\/roveyayinevi.com.tr\/index.php\/urun\/cehennem-semenderi\/","title":{"rendered":"Cehennem Semenderi"},"content":{"rendered":"<p>D\u00f6rt Kafadar, tatillerini Lilo\u2019nun ailesiyle, Karayib Adalar\u0131\u2019ndan birinde, esrarengiz, tuhaf olaylar\u0131n ya\u015fand\u0131\u011f\u0131 \u015fatoya benzeyen bir evde ge\u00e7irmektedirler. Evde sanki hayaletler, hortlaklar kol gezmektedir. Daha ilk gece k\u00f6t\u00fc bir ruh, evin alt\u0131n\u0131 \u00fcst\u00fcne getirir, sahilde hayalet bir korsan gemisi dalgalara bata \u00e7\u0131ka yol almaktad\u0131r. D\u00f6rt Kafadar, i\u015fin pe\u015fine d\u00fc\u015f\u00fcnce bir s\u00fcr\u00fc karanl\u0131k, esrarengiz insanla kar\u015f\u0131la\u015f\u0131rlar. Sanki herkes bir \u015feyler saklamaktad\u0131r. \u0130yi de; saklad\u0131klar\u0131 s\u0131r nedir? <\/p>\n","protected":false},"excerpt":{"rendered":"<p>D\u00f6rt Kafadar, tatillerini Lilo\u2019nun ailesiyle, Karayib Adalar\u0131\u2019ndan birinde, esrarengiz, tuhaf olaylar\u0131n ya\u015fand\u0131\u011f\u0131 \u015fatoya benzeyen bir evde ge\u00e7irmektedirler. Evde sanki hayaletler, hortlaklar kol gezmektedir. Daha ilk gece<span class=\"excerpt-hellip\"> [\u2026]<\/span><\/p>\n","protected":false},"featured_media":0,"template":"","meta":{"_monsterinsights_skip_tracking":false,"_monsterinsights_sitenote_active":false,"_monsterinsights_sitenote_note":"","_monsterinsights_sitenote_category":0},"product_brand":[],"product_cat":[12274,12284],"product_tag":[],"class_list":{"0":"post-692580","1":"product","2":"type-product","3":"status-publish","5":"product_cat-cocuk-ve-genclik-kitaplari","6":"product_cat-hikayeler","7":"pa_cilt-ciltsiz","8":"pa_tur-kitap","9":"pa_yayinevi-say-cocuk","10":"pa_yazar-thomas-brezina","12":"first","13":"instock","14":"sale","15":"shipping-taxable","16":"purchasable","17":"product-type-simple"},"_links":{"self":[{"href":"https:\/\/roveyayinevi.com.tr\/index.php\/wp-json\/wp\/v2\/product\/692580","targetHints":{"allow":["GET"]}}],"collection":[{"href":"https:\/\/roveyayinevi.com.tr\/index.php\/wp-json\/wp\/v2\/product"}],"about":[{"href":"https:\/\/roveyayinevi.com.tr\/index.php\/wp-json\/wp\/v2\/types\/product"}],"wp:attachment":[{"href":"https:\/\/roveyayinevi.com.tr\/index.php\/wp-json\/wp\/v2\/media?parent=692580"}],"wp:term":[{"taxonomy":"product_brand","embeddable":true,"href":"https:\/\/roveyayinevi.com.tr\/index.php\/wp-json\/wp\/v2\/product_brand?post=692580"},{"taxonomy":"product_cat","embeddable":true,"href":"https:\/\/roveyayinevi.com.tr\/index.php\/wp-json\/wp\/v2\/product_cat?post=692580"},{"taxonomy":"product_tag","embeddable":true,"href":"https:\/\/roveyayinevi.com.tr\/index.php\/wp-json\/wp\/v2\/product_tag?post=692580"}],"curies":[{"name":"wp","href":"https:\/\/api.w.org\/{rel}","templated":true}]}}