{"id":692579,"date":"2025-08-27T14:07:32","date_gmt":"2025-08-27T11:07:32","guid":{"rendered":"https:\/\/roveyayinevi.com.tr\/index.php\/urun\/bilmece-bildirmece-resim-yapar-gunduz-gece\/"},"modified":"2026-04-16T02:02:35","modified_gmt":"2026-04-15T23:02:35","slug":"bilmece-bildirmece-resim-yapar-gunduz-gece","status":"publish","type":"product","link":"https:\/\/roveyayinevi.com.tr\/index.php\/urun\/bilmece-bildirmece-resim-yapar-gunduz-gece\/","title":{"rendered":"Bilmece Bildirmece Resim Yapar G\u00fcnd\u00fcz Gece"},"content":{"rendered":"<p>Bilmece &#8211; bulmacadan kim ho\u015flanmaz? \u015eiirsel bir dille yaz\u0131lm\u0131\u015f iki, \u00fc\u00e7 ya da d\u00f6rt dizelik sorulard\u0131r bunlar&#8230; Biz bu kitapta, bilmeceleri art arda s\u0131ralamak yerine, de\u011fi\u015fik \u015fekilde vermek istedik size. Bakal\u0131m Bilmece &#8211; Bulmaza Oyunu\u2019nu sevecek misiniz? Siz d s\u0131n\u0131fta ya da evde, arkada\u015flar\u0131n\u0131zla oynaya bilirsiniz. Ayr\u0131ca, Yemi\u015f Taba\u011f\u0131 ve Hayvanat Bah\u00e7esi adl\u0131 b\u00f6l\u00fcmde de bu ba\u015fl\u0131klara uygun bilmeceleri bulacaks\u0131n\u0131z. Haydi iyi e\u011flenceler. \ufffcTan\u0131t\u0131m Metni<\/p>\n","protected":false},"excerpt":{"rendered":"<p>Bilmece &#8211; bulmacadan kim ho\u015flanmaz? \u015eiirsel bir dille yaz\u0131lm\u0131\u015f iki, \u00fc\u00e7 ya da d\u00f6rt dizelik sorulard\u0131r bunlar&#8230; Biz bu kitapta, bilmeceleri art arda s\u0131ralamak yerine, de\u011fi\u015fik<span class=\"excerpt-hellip\"> [\u2026]<\/span><\/p>\n","protected":false},"featured_media":0,"template":"","meta":{"_monsterinsights_skip_tracking":false,"_monsterinsights_sitenote_active":false,"_monsterinsights_sitenote_note":"","_monsterinsights_sitenote_category":0},"product_brand":[],"product_cat":[12492,12274],"product_tag":[],"class_list":{"0":"post-692579","1":"product","2":"type-product","3":"status-publish","5":"product_cat-bilmece-bulmaca","6":"product_cat-cocuk-ve-genclik-kitaplari","7":"pa_cilt-ciltsiz","8":"pa_tur-kitap","9":"pa_yayinevi-say-cocuk","10":"pa_yazar-gulsum-cengiz","12":"first","13":"instock","14":"sale","15":"shipping-taxable","16":"purchasable","17":"product-type-simple"},"_links":{"self":[{"href":"https:\/\/roveyayinevi.com.tr\/index.php\/wp-json\/wp\/v2\/product\/692579","targetHints":{"allow":["GET"]}}],"collection":[{"href":"https:\/\/roveyayinevi.com.tr\/index.php\/wp-json\/wp\/v2\/product"}],"about":[{"href":"https:\/\/roveyayinevi.com.tr\/index.php\/wp-json\/wp\/v2\/types\/product"}],"wp:attachment":[{"href":"https:\/\/roveyayinevi.com.tr\/index.php\/wp-json\/wp\/v2\/media?parent=692579"}],"wp:term":[{"taxonomy":"product_brand","embeddable":true,"href":"https:\/\/roveyayinevi.com.tr\/index.php\/wp-json\/wp\/v2\/product_brand?post=692579"},{"taxonomy":"product_cat","embeddable":true,"href":"https:\/\/roveyayinevi.com.tr\/index.php\/wp-json\/wp\/v2\/product_cat?post=692579"},{"taxonomy":"product_tag","embeddable":true,"href":"https:\/\/roveyayinevi.com.tr\/index.php\/wp-json\/wp\/v2\/product_tag?post=692579"}],"curies":[{"name":"wp","href":"https:\/\/api.w.org\/{rel}","templated":true}]}}