{"id":692578,"date":"2025-08-27T14:07:32","date_gmt":"2025-08-27T11:07:32","guid":{"rendered":"https:\/\/roveyayinevi.com.tr\/index.php\/urun\/bilgisayar-cini\/"},"modified":"2026-04-16T02:02:35","modified_gmt":"2026-04-15T23:02:35","slug":"bilgisayar-cini","status":"publish","type":"product","link":"https:\/\/roveyayinevi.com.tr\/index.php\/urun\/bilgisayar-cini\/","title":{"rendered":"Bilgisayar Cini"},"content":{"rendered":"<p>Sanki bir anda her \u015fey de\u011fi\u015fti. D\u00f6rt Kafadarlar Tak\u0131m\u0131 hi\u00e7 bu kadar aciz duruma d\u00fc\u015fmemi\u015fti. Deh\u015fet verici bir bilmece bekliyordu onlar\u0131. Acaba \u015fu Bilgisayar Cini denilen \u015fey neydi yahut kimdi? Onlardan ne istiyordu? Bir bilgisayar\u0131n g\u00fcc\u00fc neye, ne kadar yeterdi? Hepsi ve daha fazlas\u0131 bu kitapta&#8230; <\/p>\n","protected":false},"excerpt":{"rendered":"<p>Sanki bir anda her \u015fey de\u011fi\u015fti. D\u00f6rt Kafadarlar Tak\u0131m\u0131 hi\u00e7 bu kadar aciz duruma d\u00fc\u015fmemi\u015fti. Deh\u015fet verici bir bilmece bekliyordu onlar\u0131. Acaba \u015fu Bilgisayar Cini denilen<span class=\"excerpt-hellip\"> [\u2026]<\/span><\/p>\n","protected":false},"featured_media":0,"template":"","meta":{"_monsterinsights_skip_tracking":false,"_monsterinsights_sitenote_active":false,"_monsterinsights_sitenote_note":"","_monsterinsights_sitenote_category":0},"product_brand":[],"product_cat":[12291,15117],"product_tag":[],"class_list":{"0":"post-692578","1":"product","2":"type-product","3":"status-publish","5":"product_cat-edebiyat","6":"product_cat-genclik-edebiyati","7":"pa_cilt-ciltsiz","8":"pa_tur-kitap","9":"pa_yayinevi-say-cocuk","10":"pa_yazar-thomas-brezina","12":"first","13":"instock","14":"sale","15":"shipping-taxable","16":"purchasable","17":"product-type-simple"},"_links":{"self":[{"href":"https:\/\/roveyayinevi.com.tr\/index.php\/wp-json\/wp\/v2\/product\/692578","targetHints":{"allow":["GET"]}}],"collection":[{"href":"https:\/\/roveyayinevi.com.tr\/index.php\/wp-json\/wp\/v2\/product"}],"about":[{"href":"https:\/\/roveyayinevi.com.tr\/index.php\/wp-json\/wp\/v2\/types\/product"}],"wp:attachment":[{"href":"https:\/\/roveyayinevi.com.tr\/index.php\/wp-json\/wp\/v2\/media?parent=692578"}],"wp:term":[{"taxonomy":"product_brand","embeddable":true,"href":"https:\/\/roveyayinevi.com.tr\/index.php\/wp-json\/wp\/v2\/product_brand?post=692578"},{"taxonomy":"product_cat","embeddable":true,"href":"https:\/\/roveyayinevi.com.tr\/index.php\/wp-json\/wp\/v2\/product_cat?post=692578"},{"taxonomy":"product_tag","embeddable":true,"href":"https:\/\/roveyayinevi.com.tr\/index.php\/wp-json\/wp\/v2\/product_tag?post=692578"}],"curies":[{"name":"wp","href":"https:\/\/api.w.org\/{rel}","templated":true}]}}