{"id":692576,"date":"2025-08-27T14:07:31","date_gmt":"2025-08-27T11:07:31","guid":{"rendered":"https:\/\/roveyayinevi.com.tr\/index.php\/urun\/gol-korsanlari\/"},"modified":"2026-04-16T02:02:35","modified_gmt":"2026-04-15T23:02:35","slug":"gol-korsanlari","status":"publish","type":"product","link":"https:\/\/roveyayinevi.com.tr\/index.php\/urun\/gol-korsanlari\/","title":{"rendered":"G\u00f6l Korsanlar\u0131"},"content":{"rendered":"<p>Nas\u0131l olur da g\u00fcn\u00fcm\u00fczde, i\u00e7inde yatlar\u0131n, kotralar\u0131n dola\u015ft\u0131\u011f\u0131 bir g\u00f6lde, eski zaman korsanlar\u0131 bask\u0131nlar yapabilirler? Ya trende kayboluveren k\u0131z? D\u00f6rt Kafadarlar bu ser\u00fcvende hem \u00e7ok kurnaz, hem \u00e7ok tehlikeli bir \u00e7eteyle kar\u015f\u0131 kar\u015f\u0131ya gelecekler. Ba\u015far\u0131ya ula\u015fabilecekler mi acaba? <\/p>\n","protected":false},"excerpt":{"rendered":"<p>Nas\u0131l olur da g\u00fcn\u00fcm\u00fczde, i\u00e7inde yatlar\u0131n, kotralar\u0131n dola\u015ft\u0131\u011f\u0131 bir g\u00f6lde, eski zaman korsanlar\u0131 bask\u0131nlar yapabilirler? Ya trende kayboluveren k\u0131z? D\u00f6rt Kafadarlar bu ser\u00fcvende hem \u00e7ok kurnaz,<span class=\"excerpt-hellip\"> [\u2026]<\/span><\/p>\n","protected":false},"featured_media":0,"template":"","meta":{"_monsterinsights_skip_tracking":false,"_monsterinsights_sitenote_active":false,"_monsterinsights_sitenote_note":"","_monsterinsights_sitenote_category":0},"product_brand":[],"product_cat":[12274,12284],"product_tag":[],"class_list":{"0":"post-692576","1":"product","2":"type-product","3":"status-publish","5":"product_cat-cocuk-ve-genclik-kitaplari","6":"product_cat-hikayeler","7":"pa_cilt-ciltsiz","8":"pa_tur-kitap","9":"pa_yayinevi-say-cocuk","10":"pa_yazar-thomas-brezina","12":"first","13":"instock","14":"sale","15":"shipping-taxable","16":"purchasable","17":"product-type-simple"},"_links":{"self":[{"href":"https:\/\/roveyayinevi.com.tr\/index.php\/wp-json\/wp\/v2\/product\/692576","targetHints":{"allow":["GET"]}}],"collection":[{"href":"https:\/\/roveyayinevi.com.tr\/index.php\/wp-json\/wp\/v2\/product"}],"about":[{"href":"https:\/\/roveyayinevi.com.tr\/index.php\/wp-json\/wp\/v2\/types\/product"}],"wp:attachment":[{"href":"https:\/\/roveyayinevi.com.tr\/index.php\/wp-json\/wp\/v2\/media?parent=692576"}],"wp:term":[{"taxonomy":"product_brand","embeddable":true,"href":"https:\/\/roveyayinevi.com.tr\/index.php\/wp-json\/wp\/v2\/product_brand?post=692576"},{"taxonomy":"product_cat","embeddable":true,"href":"https:\/\/roveyayinevi.com.tr\/index.php\/wp-json\/wp\/v2\/product_cat?post=692576"},{"taxonomy":"product_tag","embeddable":true,"href":"https:\/\/roveyayinevi.com.tr\/index.php\/wp-json\/wp\/v2\/product_tag?post=692576"}],"curies":[{"name":"wp","href":"https:\/\/api.w.org\/{rel}","templated":true}]}}