{"id":692574,"date":"2025-08-27T14:07:31","date_gmt":"2025-08-27T11:07:31","guid":{"rendered":"https:\/\/roveyayinevi.com.tr\/index.php\/urun\/esrarli-kulube-dort-kafadarlar-takimi-8-junnior\/"},"modified":"2026-04-16T02:02:35","modified_gmt":"2026-04-15T23:02:35","slug":"esrarli-kulube-dort-kafadarlar-takimi-8-junnior","status":"publish","type":"product","link":"https:\/\/roveyayinevi.com.tr\/index.php\/urun\/esrarli-kulube-dort-kafadarlar-takimi-8-junnior\/","title":{"rendered":"Esrarl\u0131 Kul\u00fcbe &#8211;  D\u00f6rt Kafadarlar Tak\u0131m\u0131 8 Junnior"},"content":{"rendered":"<p>Sahiden ate\u015f p\u00fcsk\u00fcren ejderhalar var m\u0131? Tino Amca ve Daffi, arabayla ak\u015fam\u00fczeri ormanda gezerken yollar\u0131n\u0131 kaybederler. Karanl\u0131\u011f\u0131n da etkisiyle \u00fczerinde kul\u00fcbe bulunan bir a\u011faca \u00e7arparlar. Esrarl\u0131 kul\u00fcbe, ate\u015f p\u00fcsk\u00fcren ejderhay\u0131 and\u0131rmaktad\u0131r. Bu da gen\u00e7 detektifler i\u00e7in yeni bir ser\u00fcven demektir&#8230; <\/p>\n","protected":false},"excerpt":{"rendered":"<p>Sahiden ate\u015f p\u00fcsk\u00fcren ejderhalar var m\u0131? Tino Amca ve Daffi, arabayla ak\u015fam\u00fczeri ormanda gezerken yollar\u0131n\u0131 kaybederler. Karanl\u0131\u011f\u0131n da etkisiyle \u00fczerinde kul\u00fcbe bulunan bir a\u011faca \u00e7arparlar. Esrarl\u0131<span class=\"excerpt-hellip\"> [\u2026]<\/span><\/p>\n","protected":false},"featured_media":0,"template":"","meta":{"_monsterinsights_skip_tracking":false,"_monsterinsights_sitenote_active":false,"_monsterinsights_sitenote_note":"","_monsterinsights_sitenote_category":0},"product_brand":[],"product_cat":[12274,12284],"product_tag":[],"class_list":{"0":"post-692574","1":"product","2":"type-product","3":"status-publish","5":"product_cat-cocuk-ve-genclik-kitaplari","6":"product_cat-hikayeler","7":"pa_cilt-ciltsiz","8":"pa_tur-kitap","9":"pa_yayinevi-say-cocuk","10":"pa_yazar-thomas-brezina","12":"first","13":"instock","14":"sale","15":"shipping-taxable","16":"purchasable","17":"product-type-simple"},"_links":{"self":[{"href":"https:\/\/roveyayinevi.com.tr\/index.php\/wp-json\/wp\/v2\/product\/692574","targetHints":{"allow":["GET"]}}],"collection":[{"href":"https:\/\/roveyayinevi.com.tr\/index.php\/wp-json\/wp\/v2\/product"}],"about":[{"href":"https:\/\/roveyayinevi.com.tr\/index.php\/wp-json\/wp\/v2\/types\/product"}],"wp:attachment":[{"href":"https:\/\/roveyayinevi.com.tr\/index.php\/wp-json\/wp\/v2\/media?parent=692574"}],"wp:term":[{"taxonomy":"product_brand","embeddable":true,"href":"https:\/\/roveyayinevi.com.tr\/index.php\/wp-json\/wp\/v2\/product_brand?post=692574"},{"taxonomy":"product_cat","embeddable":true,"href":"https:\/\/roveyayinevi.com.tr\/index.php\/wp-json\/wp\/v2\/product_cat?post=692574"},{"taxonomy":"product_tag","embeddable":true,"href":"https:\/\/roveyayinevi.com.tr\/index.php\/wp-json\/wp\/v2\/product_tag?post=692574"}],"curies":[{"name":"wp","href":"https:\/\/api.w.org\/{rel}","templated":true}]}}