{"id":692572,"date":"2025-08-27T14:07:31","date_gmt":"2025-08-27T11:07:31","guid":{"rendered":"https:\/\/roveyayinevi.com.tr\/index.php\/urun\/edi-ile-budu\/"},"modified":"2026-04-16T02:02:35","modified_gmt":"2026-04-15T23:02:35","slug":"edi-ile-budu","status":"publish","type":"product","link":"https:\/\/roveyayinevi.com.tr\/index.php\/urun\/edi-ile-budu\/","title":{"rendered":"Edi ile B\u00fcd\u00fc"},"content":{"rendered":"<p>Azeri as\u0131ll\u0131 \u0130ranl\u0131 yazar Samed Behrengi (1939-1967), k\u0131sa s\u00fcren ya\u015fam\u0131 boyunca k\u00f6y \u00f6\u011fretmenli\u011fi yapm\u0131\u015f, halk masallar\u0131n\u0131 ve efsaneleri derlemi\u015f, yeniden yorumlam\u0131\u015ft\u0131r. Yazd\u0131\u011f\u0131 \u00e7ocuk hik\u00e2yeleriyle ise ba\u015fka bir d\u00fcnyan\u0131n m\u00fcmk\u00fcn oldu\u011funa i\u015faret etmi\u015f, bu y\u00f6n\u00fcyle \u00e7ocuk edebiyat\u0131n\u0131n niteli\u011fini art\u0131rarak hem \u00e7ocuklar\u0131n hem b\u00fcy\u00fcklerin g\u00f6nl\u00fcnde taht kurmu\u015ftur. <\/p>\n","protected":false},"excerpt":{"rendered":"<p>Azeri as\u0131ll\u0131 \u0130ranl\u0131 yazar Samed Behrengi (1939-1967), k\u0131sa s\u00fcren ya\u015fam\u0131 boyunca k\u00f6y \u00f6\u011fretmenli\u011fi yapm\u0131\u015f, halk masallar\u0131n\u0131 ve efsaneleri derlemi\u015f, yeniden yorumlam\u0131\u015ft\u0131r. Yazd\u0131\u011f\u0131 \u00e7ocuk hik\u00e2yeleriyle ise ba\u015fka<span class=\"excerpt-hellip\"> [\u2026]<\/span><\/p>\n","protected":false},"featured_media":0,"template":"","meta":{"_monsterinsights_skip_tracking":false,"_monsterinsights_sitenote_active":false,"_monsterinsights_sitenote_note":"","_monsterinsights_sitenote_category":0},"product_brand":[],"product_cat":[12274,12284],"product_tag":[],"class_list":{"0":"post-692572","1":"product","2":"type-product","3":"status-publish","5":"product_cat-cocuk-ve-genclik-kitaplari","6":"product_cat-hikayeler","7":"pa_cilt-ciltsiz","8":"pa_tur-kitap","9":"pa_yayinevi-say-cocuk","10":"pa_yazar-samed-behrengi","12":"first","13":"instock","14":"sale","15":"shipping-taxable","16":"purchasable","17":"product-type-simple"},"_links":{"self":[{"href":"https:\/\/roveyayinevi.com.tr\/index.php\/wp-json\/wp\/v2\/product\/692572","targetHints":{"allow":["GET"]}}],"collection":[{"href":"https:\/\/roveyayinevi.com.tr\/index.php\/wp-json\/wp\/v2\/product"}],"about":[{"href":"https:\/\/roveyayinevi.com.tr\/index.php\/wp-json\/wp\/v2\/types\/product"}],"wp:attachment":[{"href":"https:\/\/roveyayinevi.com.tr\/index.php\/wp-json\/wp\/v2\/media?parent=692572"}],"wp:term":[{"taxonomy":"product_brand","embeddable":true,"href":"https:\/\/roveyayinevi.com.tr\/index.php\/wp-json\/wp\/v2\/product_brand?post=692572"},{"taxonomy":"product_cat","embeddable":true,"href":"https:\/\/roveyayinevi.com.tr\/index.php\/wp-json\/wp\/v2\/product_cat?post=692572"},{"taxonomy":"product_tag","embeddable":true,"href":"https:\/\/roveyayinevi.com.tr\/index.php\/wp-json\/wp\/v2\/product_tag?post=692572"}],"curies":[{"name":"wp","href":"https:\/\/api.w.org\/{rel}","templated":true}]}}