{"id":692571,"date":"2025-08-27T14:07:30","date_gmt":"2025-08-27T11:07:30","guid":{"rendered":"https:\/\/roveyayinevi.com.tr\/index.php\/urun\/gorunmez-oyuncu\/"},"modified":"2026-04-16T02:02:35","modified_gmt":"2026-04-15T23:02:35","slug":"gorunmez-oyuncu","status":"publish","type":"product","link":"https:\/\/roveyayinevi.com.tr\/index.php\/urun\/gorunmez-oyuncu\/","title":{"rendered":"G\u00f6r\u00fcnmez Oyuncu"},"content":{"rendered":"<p>Axel, FC Kaiser Futbol Kul\u00fcb\u00fc\u2019n\u00fcn gen\u00e7 tak\u0131m\u0131na se\u00e7ilir. Varg\u00fcc\u00fcyle \u00e7al\u0131\u015fmakta, hi\u00e7bir antrenman\u0131 ka\u00e7\u0131rmamaktad\u0131r. Ancak bir g\u00fcn arkada\u015flar\u0131ndan birini yaralamakla su\u00e7lan\u0131r. Oysa bu ger\u00e7ek de\u011fildir. Yoksa Axel\u2019in rakibi g\u00f6r\u00fcnmez bir oyuncu mudur? <\/p>\n","protected":false},"excerpt":{"rendered":"<p>Axel, FC Kaiser Futbol Kul\u00fcb\u00fc\u2019n\u00fcn gen\u00e7 tak\u0131m\u0131na se\u00e7ilir. Varg\u00fcc\u00fcyle \u00e7al\u0131\u015fmakta, hi\u00e7bir antrenman\u0131 ka\u00e7\u0131rmamaktad\u0131r. Ancak bir g\u00fcn arkada\u015flar\u0131ndan birini yaralamakla su\u00e7lan\u0131r. Oysa bu ger\u00e7ek de\u011fildir. Yoksa Axel\u2019in<span class=\"excerpt-hellip\"> [\u2026]<\/span><\/p>\n","protected":false},"featured_media":0,"template":"","meta":{"_monsterinsights_skip_tracking":false,"_monsterinsights_sitenote_active":false,"_monsterinsights_sitenote_note":"","_monsterinsights_sitenote_category":0},"product_brand":[],"product_cat":[12274,12284],"product_tag":[],"class_list":{"0":"post-692571","1":"product","2":"type-product","3":"status-publish","5":"product_cat-cocuk-ve-genclik-kitaplari","6":"product_cat-hikayeler","7":"pa_cilt-ciltsiz","8":"pa_tur-kitap","9":"pa_yayinevi-say-cocuk","10":"pa_yazar-thomas-brezina","12":"first","13":"instock","14":"sale","15":"shipping-taxable","16":"purchasable","17":"product-type-simple"},"_links":{"self":[{"href":"https:\/\/roveyayinevi.com.tr\/index.php\/wp-json\/wp\/v2\/product\/692571","targetHints":{"allow":["GET"]}}],"collection":[{"href":"https:\/\/roveyayinevi.com.tr\/index.php\/wp-json\/wp\/v2\/product"}],"about":[{"href":"https:\/\/roveyayinevi.com.tr\/index.php\/wp-json\/wp\/v2\/types\/product"}],"wp:attachment":[{"href":"https:\/\/roveyayinevi.com.tr\/index.php\/wp-json\/wp\/v2\/media?parent=692571"}],"wp:term":[{"taxonomy":"product_brand","embeddable":true,"href":"https:\/\/roveyayinevi.com.tr\/index.php\/wp-json\/wp\/v2\/product_brand?post=692571"},{"taxonomy":"product_cat","embeddable":true,"href":"https:\/\/roveyayinevi.com.tr\/index.php\/wp-json\/wp\/v2\/product_cat?post=692571"},{"taxonomy":"product_tag","embeddable":true,"href":"https:\/\/roveyayinevi.com.tr\/index.php\/wp-json\/wp\/v2\/product_tag?post=692571"}],"curies":[{"name":"wp","href":"https:\/\/api.w.org\/{rel}","templated":true}]}}