{"id":692570,"date":"2025-08-27T14:07:30","date_gmt":"2025-08-27T11:07:30","guid":{"rendered":"https:\/\/roveyayinevi.com.tr\/index.php\/urun\/anne-kedi-ve-yavrulari-renkli-resimli-buyuk-boy\/"},"modified":"2026-04-16T02:02:35","modified_gmt":"2026-04-15T23:02:35","slug":"anne-kedi-ve-yavrulari-renkli-resimli-buyuk-boy","status":"publish","type":"product","link":"https:\/\/roveyayinevi.com.tr\/index.php\/urun\/anne-kedi-ve-yavrulari-renkli-resimli-buyuk-boy\/","title":{"rendered":"Anne Kedi ve Yavrular\u0131  (Renkli Resimli B\u00fcy\u00fck Boy)"},"content":{"rendered":"<p>Ay\u015fe, anneannesinin yazl\u0131\u011f\u0131n\u0131n arka bah\u00e7esinde yavru kediler oldu\u011funu \u00f6\u011frenince \u00e7ok heyecanland\u0131. Sarman\u2019\u0131n d\u00f6rt \u015firin yavrusu vard\u0131. Ama anneanne kente d\u00f6n\u00fcnce yavrular ne yapacakt\u0131? Ay\u015fe, annesi ve anneannesi, Sarman ve yavrular\u0131na yard\u0131mc\u0131 olmak i\u00e7in i\u015fe giri\u015ftiler. <\/p>\n","protected":false},"excerpt":{"rendered":"<p>Ay\u015fe, anneannesinin yazl\u0131\u011f\u0131n\u0131n arka bah\u00e7esinde yavru kediler oldu\u011funu \u00f6\u011frenince \u00e7ok heyecanland\u0131. Sarman\u2019\u0131n d\u00f6rt \u015firin yavrusu vard\u0131. Ama anneanne kente d\u00f6n\u00fcnce yavrular ne yapacakt\u0131? Ay\u015fe, annesi ve<span class=\"excerpt-hellip\"> [\u2026]<\/span><\/p>\n","protected":false},"featured_media":0,"template":"","meta":{"_monsterinsights_skip_tracking":false,"_monsterinsights_sitenote_active":false,"_monsterinsights_sitenote_note":"","_monsterinsights_sitenote_category":0},"product_brand":[],"product_cat":[12274,12284],"product_tag":[],"class_list":{"0":"post-692570","1":"product","2":"type-product","3":"status-publish","5":"product_cat-cocuk-ve-genclik-kitaplari","6":"product_cat-hikayeler","7":"pa_cilt-ciltsiz","8":"pa_tur-kitap","9":"pa_yayinevi-say-cocuk","10":"pa_yazar-gulsum-cengiz","12":"first","13":"instock","14":"sale","15":"shipping-taxable","16":"purchasable","17":"product-type-simple"},"_links":{"self":[{"href":"https:\/\/roveyayinevi.com.tr\/index.php\/wp-json\/wp\/v2\/product\/692570","targetHints":{"allow":["GET"]}}],"collection":[{"href":"https:\/\/roveyayinevi.com.tr\/index.php\/wp-json\/wp\/v2\/product"}],"about":[{"href":"https:\/\/roveyayinevi.com.tr\/index.php\/wp-json\/wp\/v2\/types\/product"}],"wp:attachment":[{"href":"https:\/\/roveyayinevi.com.tr\/index.php\/wp-json\/wp\/v2\/media?parent=692570"}],"wp:term":[{"taxonomy":"product_brand","embeddable":true,"href":"https:\/\/roveyayinevi.com.tr\/index.php\/wp-json\/wp\/v2\/product_brand?post=692570"},{"taxonomy":"product_cat","embeddable":true,"href":"https:\/\/roveyayinevi.com.tr\/index.php\/wp-json\/wp\/v2\/product_cat?post=692570"},{"taxonomy":"product_tag","embeddable":true,"href":"https:\/\/roveyayinevi.com.tr\/index.php\/wp-json\/wp\/v2\/product_tag?post=692570"}],"curies":[{"name":"wp","href":"https:\/\/api.w.org\/{rel}","templated":true}]}}