{"id":692559,"date":"2025-08-27T14:07:28","date_gmt":"2025-08-27T11:07:28","guid":{"rendered":"https:\/\/roveyayinevi.com.tr\/index.php\/urun\/derinden-gelen-el\/"},"modified":"2026-04-16T02:02:34","modified_gmt":"2026-04-15T23:02:34","slug":"derinden-gelen-el","status":"publish","type":"product","link":"https:\/\/roveyayinevi.com.tr\/index.php\/urun\/derinden-gelen-el\/","title":{"rendered":"Derinden Gelen El"},"content":{"rendered":"<p>Axel iddiaya girmi\u015fti. Gecenin bir vakti, hakk\u0131nda hi\u00e7 iyi \u015feylerin s\u00f6ylenmedi\u011fi Karanl\u0131k Koy\u2019da denize girecekti. S\u00f6ylendi\u011fi gibi \u2018derinden gelen el\u2019 onu denizin esrarengiz derinli\u011fine \u00e7ekecek miydi? Inga, \u2018derinden gelen el\u2019in sa\u00e7t\u0131\u011f\u0131 tehlikeleri bildi\u011fi halde Axel\u2019in denize girmesine neden izin vermi\u015fti? Bu \u2018el\u2019 meselesi, son derece yerlerinde, yani denizin dibinde, yosunlar i\u00e7inde yatan \u00f6l\u00fc Vikingler\u2019in intikam\u0131 m\u0131yd\u0131 yoksa? <\/p>\n","protected":false},"excerpt":{"rendered":"<p>Axel iddiaya girmi\u015fti. Gecenin bir vakti, hakk\u0131nda hi\u00e7 iyi \u015feylerin s\u00f6ylenmedi\u011fi Karanl\u0131k Koy\u2019da denize girecekti. S\u00f6ylendi\u011fi gibi \u2018derinden gelen el\u2019 onu denizin esrarengiz derinli\u011fine \u00e7ekecek miydi?<span class=\"excerpt-hellip\"> [\u2026]<\/span><\/p>\n","protected":false},"featured_media":0,"template":"","meta":{"_monsterinsights_skip_tracking":false,"_monsterinsights_sitenote_active":false,"_monsterinsights_sitenote_note":"","_monsterinsights_sitenote_category":0},"product_brand":[],"product_cat":[12274,12284],"product_tag":[],"class_list":{"0":"post-692559","1":"product","2":"type-product","3":"status-publish","5":"product_cat-cocuk-ve-genclik-kitaplari","6":"product_cat-hikayeler","7":"pa_cilt-ciltsiz","8":"pa_tur-kitap","9":"pa_yayinevi-say-cocuk","10":"pa_yazar-thomas-brezina","12":"first","13":"instock","14":"sale","15":"shipping-taxable","16":"purchasable","17":"product-type-simple"},"_links":{"self":[{"href":"https:\/\/roveyayinevi.com.tr\/index.php\/wp-json\/wp\/v2\/product\/692559","targetHints":{"allow":["GET"]}}],"collection":[{"href":"https:\/\/roveyayinevi.com.tr\/index.php\/wp-json\/wp\/v2\/product"}],"about":[{"href":"https:\/\/roveyayinevi.com.tr\/index.php\/wp-json\/wp\/v2\/types\/product"}],"wp:attachment":[{"href":"https:\/\/roveyayinevi.com.tr\/index.php\/wp-json\/wp\/v2\/media?parent=692559"}],"wp:term":[{"taxonomy":"product_brand","embeddable":true,"href":"https:\/\/roveyayinevi.com.tr\/index.php\/wp-json\/wp\/v2\/product_brand?post=692559"},{"taxonomy":"product_cat","embeddable":true,"href":"https:\/\/roveyayinevi.com.tr\/index.php\/wp-json\/wp\/v2\/product_cat?post=692559"},{"taxonomy":"product_tag","embeddable":true,"href":"https:\/\/roveyayinevi.com.tr\/index.php\/wp-json\/wp\/v2\/product_tag?post=692559"}],"curies":[{"name":"wp","href":"https:\/\/api.w.org\/{rel}","templated":true}]}}