{"id":692558,"date":"2025-08-27T14:07:28","date_gmt":"2025-08-27T11:07:28","guid":{"rendered":"https:\/\/roveyayinevi.com.tr\/index.php\/urun\/yalana-ovgu\/"},"modified":"2026-04-16T02:02:34","modified_gmt":"2026-04-15T23:02:34","slug":"yalana-ovgu","status":"publish","type":"product","link":"https:\/\/roveyayinevi.com.tr\/index.php\/urun\/yalana-ovgu\/","title":{"rendered":"Yalana \u00d6vg\u00fc"},"content":{"rendered":"<p>Baz\u0131 Psikologlar\u0131n iddas\u0131na g\u00f6re her birimiz g\u00fcnde ortalama iki y\u00fcz defa yalan s\u00f6yl\u00fcyoruz. Baz\u0131lar\u0131 da on dakikal\u0131k bir sohbette yakla\u015f\u0131k iki kez yalana ba\u015fvurdu\u011fumuzu s\u00f6yl\u00fcyor. Tam rakam konusunda hala hummal\u0131 tart\u0131\u015fmalar yalanlar\u0131 bilimsel a\u00e7\u0131dan ara\u015ft\u0131ranlar bir tek konuda hemfikir. Hepimiz herg\u00fcn yalan s\u00f6yl\u00fcyoruz ve bunu tahmin etti\u011fimizden daha s\u0131k yap\u0131yoruz. <\/p>\n","protected":false},"excerpt":{"rendered":"<p>Baz\u0131 Psikologlar\u0131n iddas\u0131na g\u00f6re her birimiz g\u00fcnde ortalama iki y\u00fcz defa yalan s\u00f6yl\u00fcyoruz. Baz\u0131lar\u0131 da on dakikal\u0131k bir sohbette yakla\u015f\u0131k iki kez yalana ba\u015fvurdu\u011fumuzu s\u00f6yl\u00fcyor. Tam<span class=\"excerpt-hellip\"> [\u2026]<\/span><\/p>\n","protected":false},"featured_media":0,"template":"","meta":{"_monsterinsights_skip_tracking":false,"_monsterinsights_sitenote_active":false,"_monsterinsights_sitenote_note":"","_monsterinsights_sitenote_category":0},"product_brand":[],"product_cat":[12364,12376],"product_tag":[],"class_list":{"0":"post-692558","1":"product","2":"type-product","3":"status-publish","5":"product_cat-genel-konular","6":"product_cat-kisisel-gelisim","7":"pa_tur-kitap","8":"pa_yayinevi-phoenix-yayinevi","9":"pa_yazar-claudia-mayer","11":"first","12":"instock","13":"sale","14":"shipping-taxable","15":"purchasable","16":"product-type-simple"},"_links":{"self":[{"href":"https:\/\/roveyayinevi.com.tr\/index.php\/wp-json\/wp\/v2\/product\/692558","targetHints":{"allow":["GET"]}}],"collection":[{"href":"https:\/\/roveyayinevi.com.tr\/index.php\/wp-json\/wp\/v2\/product"}],"about":[{"href":"https:\/\/roveyayinevi.com.tr\/index.php\/wp-json\/wp\/v2\/types\/product"}],"wp:attachment":[{"href":"https:\/\/roveyayinevi.com.tr\/index.php\/wp-json\/wp\/v2\/media?parent=692558"}],"wp:term":[{"taxonomy":"product_brand","embeddable":true,"href":"https:\/\/roveyayinevi.com.tr\/index.php\/wp-json\/wp\/v2\/product_brand?post=692558"},{"taxonomy":"product_cat","embeddable":true,"href":"https:\/\/roveyayinevi.com.tr\/index.php\/wp-json\/wp\/v2\/product_cat?post=692558"},{"taxonomy":"product_tag","embeddable":true,"href":"https:\/\/roveyayinevi.com.tr\/index.php\/wp-json\/wp\/v2\/product_tag?post=692558"}],"curies":[{"name":"wp","href":"https:\/\/api.w.org\/{rel}","templated":true}]}}