{"id":692554,"date":"2025-08-27T14:07:27","date_gmt":"2025-08-27T11:07:27","guid":{"rendered":"https:\/\/roveyayinevi.com.tr\/index.php\/urun\/demokrasi-uzerine\/"},"modified":"2026-04-16T02:02:34","modified_gmt":"2026-04-15T23:02:34","slug":"demokrasi-uzerine","status":"publish","type":"product","link":"https:\/\/roveyayinevi.com.tr\/index.php\/urun\/demokrasi-uzerine\/","title":{"rendered":"Demokrasi \u00dczerine"},"content":{"rendered":"<p>Dahl, karma\u015f\u0131k bir konunun a\u00e7\u0131k ve \u00f6zl\u00fc bir sunumunu, genel okurun kolayl\u0131kla kavrayabilece\u011fi bir \u00fcslupla yap\u0131yor.                                                                                                                      Mark F. Platter, New York Times Book Review   Dahl\u2019\u0131n analitik d\u00fc\u015f\u00fcncesi ve etkileyici diliyle, herkesin \u00fcstesinden gelmesi gereken sorunlar ortaya konuyor. Demokrat olan herkes bu kitab\u0131 mutlaka okumal\u0131                                                                                                                                                             Virginia Quarterly Review   Dahl, en \u00e7ok ilgilendi\u011fi konuda m\u00fckemmel bir ba\u015fvuru kitab\u0131 yazm\u0131\u015f, genel okur i\u00e7in oldu\u011fu kadar politika uzmanlar\u0131 i\u00e7in de\u2026                                                                                                                                                                              The Economist   Demokrasi konusunda zarif bir bi\u00e7imde yaz\u0131lm\u0131\u015f bu el kitab\u0131, b\u00fcy\u00fck ilgiyle okunacak. Olgunlu\u011funun doru\u011funda Dahl.                                                                                                                                                                           Michael Walzer   Bu \u00fclkenin demokrasi teorisinin ve prati\u011finin en \u00f6nde gelen uzman\u0131ndan, demokratik d\u00fc\u015f\u00fcncenin b\u00fcy\u00fck sorunlar\u0131n\u0131n etkileyici ve \u00f6zl\u00fc bir \u00f6zeti.                                                                                                                                         G. John Ikenberry, Foreign Affairs <\/p>\n","protected":false},"excerpt":{"rendered":"<p>Dahl, karma\u015f\u0131k bir konunun a\u00e7\u0131k ve \u00f6zl\u00fc bir sunumunu, genel okurun kolayl\u0131kla kavrayabilece\u011fi bir \u00fcslupla yap\u0131yor. Mark F. Platter, New York Times Book Review Dahl\u2019\u0131n analitik<span class=\"excerpt-hellip\"> [\u2026]<\/span><\/p>\n","protected":false},"featured_media":0,"template":"","meta":{"_monsterinsights_skip_tracking":false,"_monsterinsights_sitenote_active":false,"_monsterinsights_sitenote_note":"","_monsterinsights_sitenote_category":0},"product_brand":[],"product_cat":[12337,14706],"product_tag":[],"class_list":{"0":"post-692554","1":"product","2":"type-product","3":"status-publish","5":"product_cat-politika-siyaset","6":"product_cat-siyaset-bilimi","7":"pa_cilt-ciltsiz","8":"pa_tur-kitap","9":"pa_yayinevi-phoenix-yayinevi","10":"pa_yazar-robert-a-dahl","12":"first","13":"instock","14":"sale","15":"shipping-taxable","16":"purchasable","17":"product-type-simple"},"_links":{"self":[{"href":"https:\/\/roveyayinevi.com.tr\/index.php\/wp-json\/wp\/v2\/product\/692554","targetHints":{"allow":["GET"]}}],"collection":[{"href":"https:\/\/roveyayinevi.com.tr\/index.php\/wp-json\/wp\/v2\/product"}],"about":[{"href":"https:\/\/roveyayinevi.com.tr\/index.php\/wp-json\/wp\/v2\/types\/product"}],"wp:attachment":[{"href":"https:\/\/roveyayinevi.com.tr\/index.php\/wp-json\/wp\/v2\/media?parent=692554"}],"wp:term":[{"taxonomy":"product_brand","embeddable":true,"href":"https:\/\/roveyayinevi.com.tr\/index.php\/wp-json\/wp\/v2\/product_brand?post=692554"},{"taxonomy":"product_cat","embeddable":true,"href":"https:\/\/roveyayinevi.com.tr\/index.php\/wp-json\/wp\/v2\/product_cat?post=692554"},{"taxonomy":"product_tag","embeddable":true,"href":"https:\/\/roveyayinevi.com.tr\/index.php\/wp-json\/wp\/v2\/product_tag?post=692554"}],"curies":[{"name":"wp","href":"https:\/\/api.w.org\/{rel}","templated":true}]}}