{"id":692553,"date":"2025-08-27T14:07:27","date_gmt":"2025-08-27T11:07:27","guid":{"rendered":"https:\/\/roveyayinevi.com.tr\/index.php\/urun\/mezopotamya-mitleri\/"},"modified":"2026-04-16T02:02:34","modified_gmt":"2026-04-15T23:02:34","slug":"mezopotamya-mitleri","status":"publish","type":"product","link":"https:\/\/roveyayinevi.com.tr\/index.php\/urun\/mezopotamya-mitleri\/","title":{"rendered":"Mezopotamya Mitleri"},"content":{"rendered":"<p>19. y\u00fczy\u0131lda uzmanlar, Mezopotamyal\u0131lar taraf\u0131ndan en az 5000 y\u0131l \u00f6nce kil tabletler \u00fczerine kaydedilen gizemli \u00e7iviyaz\u0131lar\u0131n\u0131 de\u015fifre ettiklerinde, zengin bir yaz\u0131l\u0131 miras\u0131 da g\u00fcn y\u00fcz\u00fcne \u00e7\u0131karm\u0131\u015flard\u0131. \u0130ncil\u2019de anlat\u0131lanlarla aras\u0131nda kayda de\u011fer benzerlikler olmas\u0131, Victoria d\u00f6neminin insan\u0131n\u0131, biricik hakikat olarak kabul edilen \u0130ncil\u2019i yeniden g\u00f6zden ge\u00e7irmeye itmi\u015fti. \u00d6l\u00fcms\u00fczl\u00fc\u011f\u00fcn s\u0131rr\u0131n\u0131 arayan G\u0131lgam\u0131\u015f\u2019\u0131n hik\u00e2yesi, Nuh\u2019un Gemisi hik\u00e2yesinde yer alan tufan efsanesinin \u00f6ncelidir. \u0130nsano\u011flunun k\u00f6keni konusunda Mezopotamya Yarat\u0131l\u0131\u015f Destan\u0131\u2019nda alternatif bir anlat\u0131 mevcut olmakla birlikte, Etana efsanesi de Yunanlar\u0131n Ganymede mitinin \u00f6ncelidir. Kitapta yer alan bu ve di\u011fer hik\u00e2yeler son \u00e7evirilere dayanmakta ve hem ele al\u0131nan d\u00f6nemden hem de bu antik karakterlerle hik\u00e2yelerin ke\u015ffiyle esinlenen sanat\u00e7\u0131lardan tasvirler i\u00e7ermektedir. <\/p>\n","protected":false},"excerpt":{"rendered":"<p>19. y\u00fczy\u0131lda uzmanlar, Mezopotamyal\u0131lar taraf\u0131ndan en az 5000 y\u0131l \u00f6nce kil tabletler \u00fczerine kaydedilen gizemli \u00e7iviyaz\u0131lar\u0131n\u0131 de\u015fifre ettiklerinde, zengin bir yaz\u0131l\u0131 miras\u0131 da g\u00fcn y\u00fcz\u00fcne \u00e7\u0131karm\u0131\u015flard\u0131.<span class=\"excerpt-hellip\"> [\u2026]<\/span><\/p>\n","protected":false},"featured_media":0,"template":"","meta":{"_monsterinsights_skip_tracking":false,"_monsterinsights_sitenote_active":false,"_monsterinsights_sitenote_note":"","_monsterinsights_sitenote_category":0},"product_brand":[],"product_cat":[12718,12858],"product_tag":[],"class_list":{"0":"post-692553","1":"product","2":"type-product","3":"status-publish","5":"product_cat-din","6":"product_cat-mitolojiler","7":"pa_tur-kitap","8":"pa_yayinevi-phoenix-yayinevi","9":"pa_yazar-henrietta-mccall","11":"first","12":"instock","13":"sale","14":"shipping-taxable","15":"purchasable","16":"product-type-simple"},"_links":{"self":[{"href":"https:\/\/roveyayinevi.com.tr\/index.php\/wp-json\/wp\/v2\/product\/692553","targetHints":{"allow":["GET"]}}],"collection":[{"href":"https:\/\/roveyayinevi.com.tr\/index.php\/wp-json\/wp\/v2\/product"}],"about":[{"href":"https:\/\/roveyayinevi.com.tr\/index.php\/wp-json\/wp\/v2\/types\/product"}],"wp:attachment":[{"href":"https:\/\/roveyayinevi.com.tr\/index.php\/wp-json\/wp\/v2\/media?parent=692553"}],"wp:term":[{"taxonomy":"product_brand","embeddable":true,"href":"https:\/\/roveyayinevi.com.tr\/index.php\/wp-json\/wp\/v2\/product_brand?post=692553"},{"taxonomy":"product_cat","embeddable":true,"href":"https:\/\/roveyayinevi.com.tr\/index.php\/wp-json\/wp\/v2\/product_cat?post=692553"},{"taxonomy":"product_tag","embeddable":true,"href":"https:\/\/roveyayinevi.com.tr\/index.php\/wp-json\/wp\/v2\/product_tag?post=692553"}],"curies":[{"name":"wp","href":"https:\/\/api.w.org\/{rel}","templated":true}]}}