{"id":692543,"date":"2025-08-27T14:07:25","date_gmt":"2025-08-27T11:07:25","guid":{"rendered":"https:\/\/roveyayinevi.com.tr\/index.php\/urun\/inka-mitleri\/"},"modified":"2026-04-16T02:02:34","modified_gmt":"2026-04-15T23:02:34","slug":"inka-mitleri","status":"publish","type":"product","link":"https:\/\/roveyayinevi.com.tr\/index.php\/urun\/inka-mitleri\/","title":{"rendered":"\u0130nka Mitleri"},"content":{"rendered":"<p>\u0130nka mitleri -\u0130nkalar\u0131n kendileri ve ya\u015fad\u0131klar\u0131 \u00e7evreye dair anlatt\u0131klar\u0131 \u00f6yk\u00fcler- sadece \u0130spanyol istilac\u0131lar ile vakan\u00fcvislerin tuttuklar\u0131 kay\u0131tlar arac\u0131l\u0131\u011f\u0131 ile g\u00fcn\u00fcm\u00fcze ula\u015fabilmi\u015ftir. Gary Urton, \u0130nka k\u00fclt\u00fcr\u00fc ile toplumunun bu anlat\u0131larda yer alan ana \u00f6\u011felerini ele al\u0131yor ve bu kadim uygarl\u0131\u011f\u0131n mitolojisinin temeli olan edebi kaynaklar\u0131 inceliyor. Arkeolojik bulgular\u0131n yan\u0131 s\u0131ra yay\u0131nlanm\u0131\u015f metinler ile yay\u0131nlanmam\u0131\u015f belgelerden de yararlanan Urton, kozmik k\u00f6ken, \u0130nka \u0130mparatorlu\u011fu\u2019nun kurulmas\u0131, belli ba\u015fl\u0131 imparator ile imparatori\u00e7elerinin ya\u015fay\u0131\u015flar\u0131 gibi konulara dair \u00e7e\u015fitli anlat\u0131lar sunuyor. Bunun yan\u0131 s\u0131ra Peru\u2019nun kuzey k\u0131y\u0131lar\u0131nda yerle\u015fmi\u015f olanlar gibi imparatorlu\u011fun etraf\u0131ndaki \u00e7e\u015fitli etnik topluluklar\u0131n geleneklerine, \u0130nkalar\u0131n istila sonras\u0131 s\u00f6m\u00fcrge alt\u0131na al\u0131nan torunlar\u0131n\u0131n kimi mitleri ile din\u00ee inan\u00e7lar\u0131na ve Andlar\u2019da ya\u015fayan halklar\u0131n mitolojik temalar\u0131na \u0131\u015f\u0131k tutuyor. <\/p>\n","protected":false},"excerpt":{"rendered":"<p>\u0130nka mitleri -\u0130nkalar\u0131n kendileri ve ya\u015fad\u0131klar\u0131 \u00e7evreye dair anlatt\u0131klar\u0131 \u00f6yk\u00fcler- sadece \u0130spanyol istilac\u0131lar ile vakan\u00fcvislerin tuttuklar\u0131 kay\u0131tlar arac\u0131l\u0131\u011f\u0131 ile g\u00fcn\u00fcm\u00fcze ula\u015fabilmi\u015ftir. Gary Urton, \u0130nka k\u00fclt\u00fcr\u00fc ile<span class=\"excerpt-hellip\"> [\u2026]<\/span><\/p>\n","protected":false},"featured_media":0,"template":"","meta":{"_monsterinsights_skip_tracking":false,"_monsterinsights_sitenote_active":false,"_monsterinsights_sitenote_note":"","_monsterinsights_sitenote_category":0},"product_brand":[],"product_cat":[12718,12858],"product_tag":[],"class_list":{"0":"post-692543","1":"product","2":"type-product","3":"status-publish","5":"product_cat-din","6":"product_cat-mitolojiler","7":"pa_cilt-ciltsiz","8":"pa_tur-kitap","9":"pa_yayinevi-phoenix-yayinevi","10":"pa_yazar-gary-urton","12":"first","13":"instock","14":"sale","15":"shipping-taxable","16":"purchasable","17":"product-type-simple"},"_links":{"self":[{"href":"https:\/\/roveyayinevi.com.tr\/index.php\/wp-json\/wp\/v2\/product\/692543","targetHints":{"allow":["GET"]}}],"collection":[{"href":"https:\/\/roveyayinevi.com.tr\/index.php\/wp-json\/wp\/v2\/product"}],"about":[{"href":"https:\/\/roveyayinevi.com.tr\/index.php\/wp-json\/wp\/v2\/types\/product"}],"wp:attachment":[{"href":"https:\/\/roveyayinevi.com.tr\/index.php\/wp-json\/wp\/v2\/media?parent=692543"}],"wp:term":[{"taxonomy":"product_brand","embeddable":true,"href":"https:\/\/roveyayinevi.com.tr\/index.php\/wp-json\/wp\/v2\/product_brand?post=692543"},{"taxonomy":"product_cat","embeddable":true,"href":"https:\/\/roveyayinevi.com.tr\/index.php\/wp-json\/wp\/v2\/product_cat?post=692543"},{"taxonomy":"product_tag","embeddable":true,"href":"https:\/\/roveyayinevi.com.tr\/index.php\/wp-json\/wp\/v2\/product_tag?post=692543"}],"curies":[{"name":"wp","href":"https:\/\/api.w.org\/{rel}","templated":true}]}}