{"id":692541,"date":"2025-08-27T14:07:24","date_gmt":"2025-08-27T11:07:24","guid":{"rendered":"https:\/\/roveyayinevi.com.tr\/index.php\/urun\/15-yasinda-bir-kaptan\/"},"modified":"2026-04-16T02:02:34","modified_gmt":"2026-04-15T23:02:34","slug":"15-yasinda-bir-kaptan","status":"publish","type":"product","link":"https:\/\/roveyayinevi.com.tr\/index.php\/urun\/15-yasinda-bir-kaptan\/","title":{"rendered":"15 Ya\u015f\u0131nda Bir Kaptan"},"content":{"rendered":"<p>\u0130ki direkli yelkenli bir gemi olan Pilgrim, 2 \u015eubat 1873&#8217;te, GreenWich meridyenine g\u00f6re 43\u00b057&#8242; g\u00fcney enlemiyle 165\u00b019&#8242; bat\u0131 boylam\u0131nda bulunuyordu. <\/p>\n","protected":false},"excerpt":{"rendered":"<p>\u0130ki direkli yelkenli bir gemi olan Pilgrim, 2 \u015eubat 1873&#8217;te, GreenWich meridyenine g\u00f6re 43\u00b057&#8242; g\u00fcney enlemiyle 165\u00b019&#8242; bat\u0131 boylam\u0131nda bulunuyordu.<\/p>\n","protected":false},"featured_media":0,"template":"","meta":{"_monsterinsights_skip_tracking":false,"_monsterinsights_sitenote_active":false,"_monsterinsights_sitenote_note":"","_monsterinsights_sitenote_category":0},"product_brand":[],"product_cat":[12274,12284],"product_tag":[],"class_list":{"0":"post-692541","1":"product","2":"type-product","3":"status-publish","5":"product_cat-cocuk-ve-genclik-kitaplari","6":"product_cat-hikayeler","7":"pa_tur-kitap","8":"pa_yayinevi-parilti-yayinlari","9":"pa_yazar-jules-verne","11":"first","12":"instock","13":"sale","14":"shipping-taxable","15":"purchasable","16":"product-type-simple"},"_links":{"self":[{"href":"https:\/\/roveyayinevi.com.tr\/index.php\/wp-json\/wp\/v2\/product\/692541","targetHints":{"allow":["GET"]}}],"collection":[{"href":"https:\/\/roveyayinevi.com.tr\/index.php\/wp-json\/wp\/v2\/product"}],"about":[{"href":"https:\/\/roveyayinevi.com.tr\/index.php\/wp-json\/wp\/v2\/types\/product"}],"wp:attachment":[{"href":"https:\/\/roveyayinevi.com.tr\/index.php\/wp-json\/wp\/v2\/media?parent=692541"}],"wp:term":[{"taxonomy":"product_brand","embeddable":true,"href":"https:\/\/roveyayinevi.com.tr\/index.php\/wp-json\/wp\/v2\/product_brand?post=692541"},{"taxonomy":"product_cat","embeddable":true,"href":"https:\/\/roveyayinevi.com.tr\/index.php\/wp-json\/wp\/v2\/product_cat?post=692541"},{"taxonomy":"product_tag","embeddable":true,"href":"https:\/\/roveyayinevi.com.tr\/index.php\/wp-json\/wp\/v2\/product_tag?post=692541"}],"curies":[{"name":"wp","href":"https:\/\/api.w.org\/{rel}","templated":true}]}}