{"id":692538,"date":"2025-08-27T14:07:24","date_gmt":"2025-08-27T11:07:24","guid":{"rendered":"https:\/\/roveyayinevi.com.tr\/index.php\/urun\/basakin-cevre-gunlugu\/"},"modified":"2026-04-16T02:02:34","modified_gmt":"2026-04-15T23:02:34","slug":"basakin-cevre-gunlugu","status":"publish","type":"product","link":"https:\/\/roveyayinevi.com.tr\/index.php\/urun\/basakin-cevre-gunlugu\/","title":{"rendered":"Ba\u015fak\u2019\u0131n \u00c7evre G\u00fcnl\u00fc\u011f\u00fc"},"content":{"rendered":"<p>Merhaba&#8230;Kitab\u0131m\u0131 eline ald\u0131\u011f\u0131nda g\u00f6zlerinin parlad\u0131\u011f\u0131n\u0131 g\u00f6rd\u00fcm. Yoksa sen de mi bir kitap kurdusun? Okumay\u0131 \u00e7ok mu seviyorsun? \u00d6yleyse, Tomurcuk Kitaplar\u2019la arkada\u015f ol&#8230; Her birinde, yeni \u015feyler \u00f6\u011frenecek, de\u011fi\u015fik bir ser\u00fcvenle kar\u015f\u0131la\u015facaks\u0131n. <\/p>\n","protected":false},"excerpt":{"rendered":"<p>Merhaba&#8230;Kitab\u0131m\u0131 eline ald\u0131\u011f\u0131nda g\u00f6zlerinin parlad\u0131\u011f\u0131n\u0131 g\u00f6rd\u00fcm. Yoksa sen de mi bir kitap kurdusun? Okumay\u0131 \u00e7ok mu seviyorsun? \u00d6yleyse, Tomurcuk Kitaplar\u2019la arkada\u015f ol&#8230; Her birinde, yeni \u015feyler<span class=\"excerpt-hellip\"> [\u2026]<\/span><\/p>\n","protected":false},"featured_media":0,"template":"","meta":{"_monsterinsights_skip_tracking":false,"_monsterinsights_sitenote_active":false,"_monsterinsights_sitenote_note":"","_monsterinsights_sitenote_category":0},"product_brand":[],"product_cat":[12274,12284],"product_tag":[],"class_list":{"0":"post-692538","1":"product","2":"type-product","3":"status-publish","5":"product_cat-cocuk-ve-genclik-kitaplari","6":"product_cat-hikayeler","7":"pa_cilt-ciltsiz","8":"pa_tur-kitap","9":"pa_yayinevi-say-cocuk","10":"pa_yazar-gulsum-cengiz","12":"first","13":"instock","14":"sale","15":"shipping-taxable","16":"purchasable","17":"product-type-simple"},"_links":{"self":[{"href":"https:\/\/roveyayinevi.com.tr\/index.php\/wp-json\/wp\/v2\/product\/692538","targetHints":{"allow":["GET"]}}],"collection":[{"href":"https:\/\/roveyayinevi.com.tr\/index.php\/wp-json\/wp\/v2\/product"}],"about":[{"href":"https:\/\/roveyayinevi.com.tr\/index.php\/wp-json\/wp\/v2\/types\/product"}],"wp:attachment":[{"href":"https:\/\/roveyayinevi.com.tr\/index.php\/wp-json\/wp\/v2\/media?parent=692538"}],"wp:term":[{"taxonomy":"product_brand","embeddable":true,"href":"https:\/\/roveyayinevi.com.tr\/index.php\/wp-json\/wp\/v2\/product_brand?post=692538"},{"taxonomy":"product_cat","embeddable":true,"href":"https:\/\/roveyayinevi.com.tr\/index.php\/wp-json\/wp\/v2\/product_cat?post=692538"},{"taxonomy":"product_tag","embeddable":true,"href":"https:\/\/roveyayinevi.com.tr\/index.php\/wp-json\/wp\/v2\/product_tag?post=692538"}],"curies":[{"name":"wp","href":"https:\/\/api.w.org\/{rel}","templated":true}]}}