{"id":692537,"date":"2025-08-27T14:07:23","date_gmt":"2025-08-27T11:07:23","guid":{"rendered":"https:\/\/roveyayinevi.com.tr\/index.php\/urun\/azeri-masallari\/"},"modified":"2026-04-16T02:02:34","modified_gmt":"2026-04-15T23:02:34","slug":"azeri-masallari","status":"publish","type":"product","link":"https:\/\/roveyayinevi.com.tr\/index.php\/urun\/azeri-masallari\/","title":{"rendered":"Azeri Masallar\u0131"},"content":{"rendered":"<p>Samed Behrengi taraf\u0131ndan derlenen Azerbaycan Masallar\u0131, yi\u011fitlerin a\u015fklar\u0131, y\u00fcreklilikleri ve m\u00fccadeleleri, romantik hik\u00e2yeler ve uzun k\u0131\u015f gecelerinde \u00e7ocuklar\u0131 e\u011flendirmek ve onlar\u0131n en g\u00fczel uykulara dalmas\u0131 i\u00e7in se\u00e7ilmi\u015f masallardan olu\u015fuyor. <\/p>\n","protected":false},"excerpt":{"rendered":"<p>Samed Behrengi taraf\u0131ndan derlenen Azerbaycan Masallar\u0131, yi\u011fitlerin a\u015fklar\u0131, y\u00fcreklilikleri ve m\u00fccadeleleri, romantik hik\u00e2yeler ve uzun k\u0131\u015f gecelerinde \u00e7ocuklar\u0131 e\u011flendirmek ve onlar\u0131n en g\u00fczel uykulara dalmas\u0131 i\u00e7in<span class=\"excerpt-hellip\"> [\u2026]<\/span><\/p>\n","protected":false},"featured_media":0,"template":"","meta":{"_monsterinsights_skip_tracking":false,"_monsterinsights_sitenote_active":false,"_monsterinsights_sitenote_note":"","_monsterinsights_sitenote_category":0},"product_brand":[],"product_cat":[12274,12284],"product_tag":[],"class_list":{"0":"post-692537","1":"product","2":"type-product","3":"status-publish","5":"product_cat-cocuk-ve-genclik-kitaplari","6":"product_cat-hikayeler","7":"pa_cilt-ciltsiz","8":"pa_tur-kitap","9":"pa_yayinevi-say-cocuk","10":"pa_yazar-samed-behrengi","12":"first","13":"instock","14":"sale","15":"shipping-taxable","16":"purchasable","17":"product-type-simple"},"_links":{"self":[{"href":"https:\/\/roveyayinevi.com.tr\/index.php\/wp-json\/wp\/v2\/product\/692537","targetHints":{"allow":["GET"]}}],"collection":[{"href":"https:\/\/roveyayinevi.com.tr\/index.php\/wp-json\/wp\/v2\/product"}],"about":[{"href":"https:\/\/roveyayinevi.com.tr\/index.php\/wp-json\/wp\/v2\/types\/product"}],"wp:attachment":[{"href":"https:\/\/roveyayinevi.com.tr\/index.php\/wp-json\/wp\/v2\/media?parent=692537"}],"wp:term":[{"taxonomy":"product_brand","embeddable":true,"href":"https:\/\/roveyayinevi.com.tr\/index.php\/wp-json\/wp\/v2\/product_brand?post=692537"},{"taxonomy":"product_cat","embeddable":true,"href":"https:\/\/roveyayinevi.com.tr\/index.php\/wp-json\/wp\/v2\/product_cat?post=692537"},{"taxonomy":"product_tag","embeddable":true,"href":"https:\/\/roveyayinevi.com.tr\/index.php\/wp-json\/wp\/v2\/product_tag?post=692537"}],"curies":[{"name":"wp","href":"https:\/\/api.w.org\/{rel}","templated":true}]}}