{"id":692527,"date":"2025-08-27T14:07:22","date_gmt":"2025-08-27T11:07:22","guid":{"rendered":"https:\/\/roveyayinevi.com.tr\/index.php\/urun\/vatan-yahut-silistre-3\/"},"modified":"2026-04-16T02:02:34","modified_gmt":"2026-04-15T23:02:34","slug":"vatan-yahut-silistre-3","status":"publish","type":"product","link":"https:\/\/roveyayinevi.com.tr\/index.php\/urun\/vatan-yahut-silistre-3\/","title":{"rendered":"Vatan Yahut Silistre"},"content":{"rendered":"<p>Nam\u0131k Kemal devlet kat\u0131nda \u00f6nemli g\u00f6revlerde bulunmu\u015f bir soydan geldi\u011fi i\u00e7in atalar\u0131 ve ya\u015fam\u0131 hakk\u0131nda ayr\u0131nt\u0131l\u0131 bilgilere sahibiz. S\u00fcleyman Nazif, bilinen ilk atas\u0131n\u0131n Konyal\u0131 Bekir A\u011fa oldu\u011funu s\u00f6yler. \u015eecere, kendisine kadar \u015f\u00f6yle devam eder: Topal Osman Pasa, Ahmet Ratip Fa\u015fa, \u015eemsettin Bey, Mustafa As\u0131m Bey, Nam\u0131k Kemal. <\/p>\n","protected":false},"excerpt":{"rendered":"<p>Nam\u0131k Kemal devlet kat\u0131nda \u00f6nemli g\u00f6revlerde bulunmu\u015f bir soydan geldi\u011fi i\u00e7in atalar\u0131 ve ya\u015fam\u0131 hakk\u0131nda ayr\u0131nt\u0131l\u0131 bilgilere sahibiz. S\u00fcleyman Nazif, bilinen ilk atas\u0131n\u0131n Konyal\u0131 Bekir A\u011fa<span class=\"excerpt-hellip\"> [\u2026]<\/span><\/p>\n","protected":false},"featured_media":0,"template":"","meta":{"_monsterinsights_skip_tracking":false,"_monsterinsights_sitenote_active":false,"_monsterinsights_sitenote_note":"","_monsterinsights_sitenote_category":0},"product_brand":[],"product_cat":[12291,12332],"product_tag":[],"class_list":{"0":"post-692527","1":"product","2":"type-product","3":"status-publish","5":"product_cat-edebiyat","6":"product_cat-senaryo","7":"pa_tur-kitap","8":"pa_yayinevi-parilti-yayinlari","9":"pa_yazar-namik-kemal","11":"first","12":"instock","13":"sale","14":"shipping-taxable","15":"purchasable","16":"product-type-simple"},"_links":{"self":[{"href":"https:\/\/roveyayinevi.com.tr\/index.php\/wp-json\/wp\/v2\/product\/692527","targetHints":{"allow":["GET"]}}],"collection":[{"href":"https:\/\/roveyayinevi.com.tr\/index.php\/wp-json\/wp\/v2\/product"}],"about":[{"href":"https:\/\/roveyayinevi.com.tr\/index.php\/wp-json\/wp\/v2\/types\/product"}],"wp:attachment":[{"href":"https:\/\/roveyayinevi.com.tr\/index.php\/wp-json\/wp\/v2\/media?parent=692527"}],"wp:term":[{"taxonomy":"product_brand","embeddable":true,"href":"https:\/\/roveyayinevi.com.tr\/index.php\/wp-json\/wp\/v2\/product_brand?post=692527"},{"taxonomy":"product_cat","embeddable":true,"href":"https:\/\/roveyayinevi.com.tr\/index.php\/wp-json\/wp\/v2\/product_cat?post=692527"},{"taxonomy":"product_tag","embeddable":true,"href":"https:\/\/roveyayinevi.com.tr\/index.php\/wp-json\/wp\/v2\/product_tag?post=692527"}],"curies":[{"name":"wp","href":"https:\/\/api.w.org\/{rel}","templated":true}]}}