{"id":692521,"date":"2025-08-27T14:07:20","date_gmt":"2025-08-27T11:07:20","guid":{"rendered":"https:\/\/roveyayinevi.com.tr\/index.php\/urun\/temel-okul-bilgiler-ansiklopedisi\/"},"modified":"2026-04-03T02:06:18","modified_gmt":"2026-04-02T23:06:18","slug":"temel-okul-bilgiler-ansiklopedisi","status":"publish","type":"product","link":"https:\/\/roveyayinevi.com.tr\/index.php\/urun\/temel-okul-bilgiler-ansiklopedisi\/","title":{"rendered":"Temel Okul (Bilgiler) Ansiklopedisi"},"content":{"rendered":"<p>\u0130lk \u00f6\u011fretim \u00e7a\u011f\u0131ndaki \u00f6\u011frencilerimizin ba\u015fucu olarak hep ellerinin alt\u0131nda bulundurabilecekleri kitap say\u0131s\u0131 maalesef <\/p>\n","protected":false},"excerpt":{"rendered":"<p>\u0130lk \u00f6\u011fretim \u00e7a\u011f\u0131ndaki \u00f6\u011frencilerimizin ba\u015fucu olarak hep ellerinin alt\u0131nda bulundurabilecekleri kitap say\u0131s\u0131 maalesef<\/p>\n","protected":false},"featured_media":0,"template":"","meta":{"_monsterinsights_skip_tracking":false,"_monsterinsights_sitenote_active":false,"_monsterinsights_sitenote_note":"","_monsterinsights_sitenote_category":0},"product_brand":[],"product_cat":[12567,12566],"product_tag":[],"class_list":{"0":"post-692521","1":"product","2":"type-product","3":"status-publish","5":"product_cat-diger-egitim","6":"product_cat-egitim","7":"pa_tur-kitap","8":"pa_yayinevi-parilti-yayinlari","9":"pa_yazar-komisyon","11":"first","12":"instock","13":"sale","14":"shipping-taxable","15":"purchasable","16":"product-type-simple"},"_links":{"self":[{"href":"https:\/\/roveyayinevi.com.tr\/index.php\/wp-json\/wp\/v2\/product\/692521","targetHints":{"allow":["GET"]}}],"collection":[{"href":"https:\/\/roveyayinevi.com.tr\/index.php\/wp-json\/wp\/v2\/product"}],"about":[{"href":"https:\/\/roveyayinevi.com.tr\/index.php\/wp-json\/wp\/v2\/types\/product"}],"wp:attachment":[{"href":"https:\/\/roveyayinevi.com.tr\/index.php\/wp-json\/wp\/v2\/media?parent=692521"}],"wp:term":[{"taxonomy":"product_brand","embeddable":true,"href":"https:\/\/roveyayinevi.com.tr\/index.php\/wp-json\/wp\/v2\/product_brand?post=692521"},{"taxonomy":"product_cat","embeddable":true,"href":"https:\/\/roveyayinevi.com.tr\/index.php\/wp-json\/wp\/v2\/product_cat?post=692521"},{"taxonomy":"product_tag","embeddable":true,"href":"https:\/\/roveyayinevi.com.tr\/index.php\/wp-json\/wp\/v2\/product_tag?post=692521"}],"curies":[{"name":"wp","href":"https:\/\/api.w.org\/{rel}","templated":true}]}}