{"id":692518,"date":"2025-08-27T14:07:20","date_gmt":"2025-08-27T11:07:20","guid":{"rendered":"https:\/\/roveyayinevi.com.tr\/index.php\/urun\/sirlar-kitabi\/"},"modified":"2026-04-16T02:02:33","modified_gmt":"2026-04-15T23:02:33","slug":"sirlar-kitabi","status":"publish","type":"product","link":"https:\/\/roveyayinevi.com.tr\/index.php\/urun\/sirlar-kitabi\/","title":{"rendered":"S\u0131rlar Kitab\u0131"},"content":{"rendered":"<p>Her ya\u015fam, a\u00e7\u0131lmay\u0131 bekleyen bir s\u0131rlar kitab\u0131d\u0131r. Bu kitapta, yaln\u0131z a\u015fk\u0131n de\u011fil, sa\u011fl\u0131kl\u0131 ya\u015fam\u0131n, hakikatin ve inanc\u0131n s\u0131rr\u0131 da sakl\u0131d\u0131r. Hatta kim oldu\u011fumuzun s\u0131rr\u0131 bile&#8230; Ki bu, s\u0131rlar\u0131n en bilinmezidir. Her insan, ya\u015fam\u0131na yeni bir anlam kazand\u0131racak bir at\u0131l\u0131m, bir d\u00f6n\u00fcm noktas\u0131, bir a\u00e7\u0131l\u0131m arar. S\u0131rlar Kitab\u0131, bu a\u00e7\u0131l\u0131m\u0131 sa\u011flayacak, sizi de\u011fi\u015fimden d\u00f6n\u00fc\u015f\u00fcme, oradan da ayd\u0131nlanman\u0131n tad\u0131na varabilece\u011finiz kutsal bir yere ta\u015f\u0131yabilecek paha bi\u00e7ilmez bir hazinedir. \u2018En b\u00fcy\u00fck a\u00e7l\u0131\u011f\u0131n\u0131z\u0131 gidermenin tek yolu i\u00e7inizdeki gizli boyutlar\u0131 ke\u015ffetmektir\u2019 diyen Chopra, ayd\u0131nlanma i\u00e7in 15 spirit\u00fcel s\u0131rr\u0131 payla\u015f\u0131yor okurlar\u0131yla. Publishers Weekly<\/p>\n","protected":false},"excerpt":{"rendered":"<p>Her ya\u015fam, a\u00e7\u0131lmay\u0131 bekleyen bir s\u0131rlar kitab\u0131d\u0131r. Bu kitapta, yaln\u0131z a\u015fk\u0131n de\u011fil, sa\u011fl\u0131kl\u0131 ya\u015fam\u0131n, hakikatin ve inanc\u0131n s\u0131rr\u0131 da sakl\u0131d\u0131r. Hatta kim oldu\u011fumuzun s\u0131rr\u0131 bile&#8230; Ki<span class=\"excerpt-hellip\"> [\u2026]<\/span><\/p>\n","protected":false},"featured_media":0,"template":"","meta":{"_monsterinsights_skip_tracking":false,"_monsterinsights_sitenote_active":false,"_monsterinsights_sitenote_note":"","_monsterinsights_sitenote_category":0},"product_brand":[],"product_cat":[12358,12357],"product_tag":[],"class_list":{"0":"post-692518","1":"product","2":"type-product","3":"status-publish","5":"product_cat-genel-psikoloji","6":"product_cat-psikoloji","7":"pa_cilt-ciltsiz","8":"pa_tur-kitap","9":"pa_yayinevi-omega","10":"pa_yazar-deepak-chopra","12":"first","13":"instock","14":"sale","15":"shipping-taxable","16":"purchasable","17":"product-type-simple"},"_links":{"self":[{"href":"https:\/\/roveyayinevi.com.tr\/index.php\/wp-json\/wp\/v2\/product\/692518","targetHints":{"allow":["GET"]}}],"collection":[{"href":"https:\/\/roveyayinevi.com.tr\/index.php\/wp-json\/wp\/v2\/product"}],"about":[{"href":"https:\/\/roveyayinevi.com.tr\/index.php\/wp-json\/wp\/v2\/types\/product"}],"wp:attachment":[{"href":"https:\/\/roveyayinevi.com.tr\/index.php\/wp-json\/wp\/v2\/media?parent=692518"}],"wp:term":[{"taxonomy":"product_brand","embeddable":true,"href":"https:\/\/roveyayinevi.com.tr\/index.php\/wp-json\/wp\/v2\/product_brand?post=692518"},{"taxonomy":"product_cat","embeddable":true,"href":"https:\/\/roveyayinevi.com.tr\/index.php\/wp-json\/wp\/v2\/product_cat?post=692518"},{"taxonomy":"product_tag","embeddable":true,"href":"https:\/\/roveyayinevi.com.tr\/index.php\/wp-json\/wp\/v2\/product_tag?post=692518"}],"curies":[{"name":"wp","href":"https:\/\/api.w.org\/{rel}","templated":true}]}}