{"id":692517,"date":"2025-08-27T14:07:20","date_gmt":"2025-08-27T11:07:20","guid":{"rendered":"https:\/\/roveyayinevi.com.tr\/index.php\/urun\/feminizm\/"},"modified":"2026-04-16T02:02:33","modified_gmt":"2026-04-15T23:02:33","slug":"feminizm","status":"publish","type":"product","link":"https:\/\/roveyayinevi.com.tr\/index.php\/urun\/feminizm\/","title":{"rendered":"Feminizm"},"content":{"rendered":"<p>Feminizm \u00e7ok y\u00f6nl\u00fc bir kavramd\u0131r. Pek \u00e7ok feminist ak\u0131m ve teori ge\u00e7mi\u015fte de vard\u0131, bug\u00fcn de var. Her bir bak\u0131\u015f a\u00e7\u0131s\u0131 kitapta verilmi\u015f olsa da, as\u0131l konu, temel olarak kapitalist-ataerkil d\u00fczlemde, ekonomi, k\u00fclt\u00fcr ve toplum ele\u015ftirisinin d\u00fc\u011f\u00fcmlendi\u011fi noktada yer al\u0131r. Ayr\u0131ca, e\u015fit haklar i\u00e7in ba\u015flat\u0131lan bu feminist hareket, kampanya ve eylemler ve tarihsel s\u00fcre\u00e7 i\u00e7inde i\u015flenir ve temellendirilir. Bir tarih ara\u015ft\u0131rmac\u0131s\u0131 ve toplumbilimci olan Gisela Notz, ge\u00e7mi\u015f y\u0131llardan g\u00fcn\u00fcm\u00fcze kadar kad\u0131n hareketini hem politik bir teori olarak ele al\u0131p hem de ekonomik izd\u00fc\u015f\u00fcm\u00fcn\u00fc okuyucuyla payla\u015farak, feminizm hakk\u0131nda olduk\u00e7a manal\u0131, etkili ve ilgin\u00e7 bir kayna\u011f\u0131 bize sunmaktad\u0131r. <\/p>\n","protected":false},"excerpt":{"rendered":"<p>Feminizm \u00e7ok y\u00f6nl\u00fc bir kavramd\u0131r. Pek \u00e7ok feminist ak\u0131m ve teori ge\u00e7mi\u015fte de vard\u0131, bug\u00fcn de var. Her bir bak\u0131\u015f a\u00e7\u0131s\u0131 kitapta verilmi\u015f olsa da, as\u0131l<span class=\"excerpt-hellip\"> [\u2026]<\/span><\/p>\n","protected":false},"featured_media":0,"template":"","meta":{"_monsterinsights_skip_tracking":false,"_monsterinsights_sitenote_active":false,"_monsterinsights_sitenote_note":"","_monsterinsights_sitenote_category":0},"product_brand":[],"product_cat":[14741,13488],"product_tag":[],"class_list":{"0":"post-692517","1":"product","2":"type-product","3":"status-publish","5":"product_cat-kadin-sorunlari-feminizm","6":"product_cat-toplum-ve-insan","7":"pa_cilt-ciltsiz","8":"pa_tur-kitap","9":"pa_yayinevi-phoenix-yayinevi","10":"pa_yazar-gisela-notz","12":"first","13":"instock","14":"sale","15":"shipping-taxable","16":"purchasable","17":"product-type-simple"},"_links":{"self":[{"href":"https:\/\/roveyayinevi.com.tr\/index.php\/wp-json\/wp\/v2\/product\/692517","targetHints":{"allow":["GET"]}}],"collection":[{"href":"https:\/\/roveyayinevi.com.tr\/index.php\/wp-json\/wp\/v2\/product"}],"about":[{"href":"https:\/\/roveyayinevi.com.tr\/index.php\/wp-json\/wp\/v2\/types\/product"}],"wp:attachment":[{"href":"https:\/\/roveyayinevi.com.tr\/index.php\/wp-json\/wp\/v2\/media?parent=692517"}],"wp:term":[{"taxonomy":"product_brand","embeddable":true,"href":"https:\/\/roveyayinevi.com.tr\/index.php\/wp-json\/wp\/v2\/product_brand?post=692517"},{"taxonomy":"product_cat","embeddable":true,"href":"https:\/\/roveyayinevi.com.tr\/index.php\/wp-json\/wp\/v2\/product_cat?post=692517"},{"taxonomy":"product_tag","embeddable":true,"href":"https:\/\/roveyayinevi.com.tr\/index.php\/wp-json\/wp\/v2\/product_tag?post=692517"}],"curies":[{"name":"wp","href":"https:\/\/api.w.org\/{rel}","templated":true}]}}