{"id":692514,"date":"2025-08-27T14:07:19","date_gmt":"2025-08-27T11:07:19","guid":{"rendered":"https:\/\/roveyayinevi.com.tr\/index.php\/urun\/intihar-dukkani\/"},"modified":"2026-04-16T02:02:33","modified_gmt":"2026-04-15T23:02:33","slug":"intihar-dukkani","status":"publish","type":"product","link":"https:\/\/roveyayinevi.com.tr\/index.php\/urun\/intihar-dukkani\/","title":{"rendered":"\u0130ntihar D\u00fckkan\u0131"},"content":{"rendered":"<p>Karanl\u0131\u011f\u0131n i\u00e7inde tabelas\u0131 par\u0131ld\u0131yor: \u0130ntihar D\u00fckk\u00e2n\u0131. Hayat\u0131n y\u00fck\u00fcne dayanamayanlar son al\u0131\u015fveri\u015flerini yap\u0131yorlar.  Zehirler, ipler, t\u0131ra\u015f b\u0131\u00e7aklar\u0131 ya da daha ilgin\u00e7 intihar y\u00f6ntemi paketleri&#8230; Nesillerdir m\u00fc\u015fterilerinin son anlar\u0131nda kulland\u0131klar\u0131 malzemeleri temin eden bu aile \u015firketine, bir g\u00fcn sizin de yolunuz d\u00fc\u015febilir.  Tabii dengeleri de\u011fi\u015ftiren bir s\u00fcrpriz sizden \u00f6nce bu karanl\u0131\u011f\u0131 ayd\u0131nlatmazsa&#8230;<\/p>\n","protected":false},"excerpt":{"rendered":"<p>Karanl\u0131\u011f\u0131n i\u00e7inde tabelas\u0131 par\u0131ld\u0131yor: \u0130ntihar D\u00fckk\u00e2n\u0131. Hayat\u0131n y\u00fck\u00fcne dayanamayanlar son al\u0131\u015fveri\u015flerini yap\u0131yorlar. Zehirler, ipler, t\u0131ra\u015f b\u0131\u00e7aklar\u0131 ya da daha ilgin\u00e7 intihar y\u00f6ntemi paketleri&#8230; Nesillerdir m\u00fc\u015fterilerinin son<span class=\"excerpt-hellip\"> [\u2026]<\/span><\/p>\n","protected":false},"featured_media":0,"template":"","meta":{"_monsterinsights_skip_tracking":false,"_monsterinsights_sitenote_active":false,"_monsterinsights_sitenote_note":"","_monsterinsights_sitenote_category":0},"product_brand":[],"product_cat":[12291,13376],"product_tag":[],"class_list":{"0":"post-692514","1":"product","2":"type-product","3":"status-publish","5":"product_cat-edebiyat","6":"product_cat-fransiz-edebiyati","7":"pa_cilt-ciltsiz","8":"pa_tur-kitap","9":"pa_yayinevi-sel-yayincilik","10":"pa_yazar-jean-teule","12":"first","13":"instock","14":"sale","15":"shipping-taxable","16":"purchasable","17":"product-type-simple"},"_links":{"self":[{"href":"https:\/\/roveyayinevi.com.tr\/index.php\/wp-json\/wp\/v2\/product\/692514","targetHints":{"allow":["GET"]}}],"collection":[{"href":"https:\/\/roveyayinevi.com.tr\/index.php\/wp-json\/wp\/v2\/product"}],"about":[{"href":"https:\/\/roveyayinevi.com.tr\/index.php\/wp-json\/wp\/v2\/types\/product"}],"wp:attachment":[{"href":"https:\/\/roveyayinevi.com.tr\/index.php\/wp-json\/wp\/v2\/media?parent=692514"}],"wp:term":[{"taxonomy":"product_brand","embeddable":true,"href":"https:\/\/roveyayinevi.com.tr\/index.php\/wp-json\/wp\/v2\/product_brand?post=692514"},{"taxonomy":"product_cat","embeddable":true,"href":"https:\/\/roveyayinevi.com.tr\/index.php\/wp-json\/wp\/v2\/product_cat?post=692514"},{"taxonomy":"product_tag","embeddable":true,"href":"https:\/\/roveyayinevi.com.tr\/index.php\/wp-json\/wp\/v2\/product_tag?post=692514"}],"curies":[{"name":"wp","href":"https:\/\/api.w.org\/{rel}","templated":true}]}}