{"id":692512,"date":"2025-08-27T14:07:19","date_gmt":"2025-08-27T11:07:19","guid":{"rendered":"https:\/\/roveyayinevi.com.tr\/index.php\/urun\/halkidonadan-kadikoye\/"},"modified":"2026-04-16T02:02:33","modified_gmt":"2026-04-15T23:02:33","slug":"halkidonadan-kadikoye","status":"publish","type":"product","link":"https:\/\/roveyayinevi.com.tr\/index.php\/urun\/halkidonadan-kadikoye\/","title":{"rendered":"Halkidona\u2019dan Kad\u0131k\u00f6y\u2019e"},"content":{"rendered":"<p>Kad\u0131k\u00f6y derken akla bug\u00fcn nereden ba\u015flay\u0131p nerede bitti\u011fi belli olmayan, \u00e7evresindeki sayfiyeleri, k\u00f6yleri ve tepeleri yutarak devle\u015fen ve n\u00fcfusu art\u0131k milyonlarla ifade edilen, \u0130stanbul&#8217;un Asya yakas\u0131 gelmemeli. Bu kitab\u0131n konu edildi\u011fi tarihlerde Kad\u0131k\u00f6y \u0130skele, Yelde\u011firmeni, Haydarpa\u015fa, Bahariye, Moda, biraz da K\u0131z\u0131ltoprak ve Kalam\u0131\u015f&#8217;la s\u0131n\u0131rl\u0131yd\u0131. Erenk\u00f6y ve Bostanc\u0131 k\u0131\u015f aylar\u0131nda insana rastlanmayan k\u00f6ylerdi. 1964 y\u0131l\u0131nda K\u0131br\u0131s&#8217;ta patlak veren &#8220;Kanl\u0131 Noel&#8221; olaylar\u0131n\u0131 takiben, \u0130stanbul&#8217;da ya\u015fayan Yunan vatanda\u015flar\u0131n\u0131n s\u0131n\u0131rd\u0131\u015f\u0131 edilmesi, T\u00fcrk vatanda\u015f\u0131 olan \u0130stanbullu Rumlar\u0131n da pani\u011fe kap\u0131lmas\u0131na neden oldu. Art\u0131k kendileri i\u00e7in burada g\u00fcvenli bir gelecek kalmad\u0131\u011f\u0131n\u0131 d\u00fc\u015f\u00fcnen Rum ailelerin Yunanistan&#8217;a g\u00f6\u00e7 etmeye ba\u015flamas\u0131yla Kad\u0131k\u00f6y&#8217;\u00fcn yerle\u015fik Rum n\u00fcfusu, birka\u00e7 y\u0131l i\u00e7inde b\u00fcy\u00fck \u00f6l\u00e7\u00fcde eriyerek yok olma s\u00fcrecine girdi. Bu tarihten itibaren Rumlar h\u0131zla ekonomik ve sosyal hayattan \u00e7ekilmeye ba\u015flad\u0131lar. Bu g\u00f6\u00e7 5-6 y\u0131l i\u00e7inde Kad\u0131k\u00f6y&#8217;\u00fcn sosyal, etnik ve dini yap\u0131s\u0131n\u0131 de\u011fi\u015ftirmekte gecikmedi. Eski Kad\u0131k\u00f6y&#8217;den ise geriye bu kitapta anlat\u0131lan sat\u0131rlar ve foto\u011fraflar kald\u0131. <\/p>\n","protected":false},"excerpt":{"rendered":"<p>Kad\u0131k\u00f6y derken akla bug\u00fcn nereden ba\u015flay\u0131p nerede bitti\u011fi belli olmayan, \u00e7evresindeki sayfiyeleri, k\u00f6yleri ve tepeleri yutarak devle\u015fen ve n\u00fcfusu art\u0131k milyonlarla ifade edilen, \u0130stanbul&#8217;un Asya yakas\u0131<span class=\"excerpt-hellip\"> [\u2026]<\/span><\/p>\n","protected":false},"featured_media":0,"template":"","meta":{"_monsterinsights_skip_tracking":false,"_monsterinsights_sitenote_active":false,"_monsterinsights_sitenote_note":"","_monsterinsights_sitenote_category":0},"product_brand":[],"product_cat":[13055,13054],"product_tag":[],"class_list":{"0":"post-692512","1":"product","2":"type-product","3":"status-publish","5":"product_cat-gezi-rehberi","6":"product_cat-gezi-ve-rehber-kitaplari","7":"pa_tur-kitap","8":"pa_yayinevi-sel-yayincilik","9":"pa_yazar-orhan-turker","11":"first","12":"instock","13":"sale","14":"shipping-taxable","15":"purchasable","16":"product-type-simple"},"_links":{"self":[{"href":"https:\/\/roveyayinevi.com.tr\/index.php\/wp-json\/wp\/v2\/product\/692512","targetHints":{"allow":["GET"]}}],"collection":[{"href":"https:\/\/roveyayinevi.com.tr\/index.php\/wp-json\/wp\/v2\/product"}],"about":[{"href":"https:\/\/roveyayinevi.com.tr\/index.php\/wp-json\/wp\/v2\/types\/product"}],"wp:attachment":[{"href":"https:\/\/roveyayinevi.com.tr\/index.php\/wp-json\/wp\/v2\/media?parent=692512"}],"wp:term":[{"taxonomy":"product_brand","embeddable":true,"href":"https:\/\/roveyayinevi.com.tr\/index.php\/wp-json\/wp\/v2\/product_brand?post=692512"},{"taxonomy":"product_cat","embeddable":true,"href":"https:\/\/roveyayinevi.com.tr\/index.php\/wp-json\/wp\/v2\/product_cat?post=692512"},{"taxonomy":"product_tag","embeddable":true,"href":"https:\/\/roveyayinevi.com.tr\/index.php\/wp-json\/wp\/v2\/product_tag?post=692512"}],"curies":[{"name":"wp","href":"https:\/\/api.w.org\/{rel}","templated":true}]}}