{"id":692506,"date":"2025-08-27T14:07:17","date_gmt":"2025-08-27T11:07:17","guid":{"rendered":"https:\/\/roveyayinevi.com.tr\/index.php\/urun\/felsefe-araciligiyla-dusunme\/"},"modified":"2026-04-03T02:06:18","modified_gmt":"2026-04-02T23:06:18","slug":"felsefe-araciligiyla-dusunme","status":"publish","type":"product","link":"https:\/\/roveyayinevi.com.tr\/index.php\/urun\/felsefe-araciligiyla-dusunme\/","title":{"rendered":"Felsefe Arac\u0131l\u0131\u011f\u0131yla D\u00fc\u015f\u00fcnme"},"content":{"rendered":"<p>Chris Horner ve Emrys Westacott\u2019un en temel iddias\u0131 felsefi d\u00fc\u015f\u00fcnmenin, san\u0131lan\u0131n aksine, herkes taraf\u0131ndan ger\u00e7ekle\u015ftirilebilecek bir u\u011fra\u015f oldu\u011fudur. Bu iki profes\u00f6r g\u00fcnl\u00fck hayatta kar\u015f\u0131m\u0131za \u00e7\u0131kabilecek durumlarla zenginle\u015ftirip, basit bir dille yazm\u0131\u015f olduklar\u0131 bu kitap hakk\u0131nda \u015funlar\u0131 s\u00f6ylemektedirler: Bu kitap, baz\u0131 felsefi problemler \u00fczerinde d\u00fc\u015f\u00fcnmeye ba\u015flamay\u0131 arzu eden insanlar i\u00e7in yaz\u0131lm\u0131\u015ft\u0131r. Bu kitab\u0131 okumak i\u00e7in felsefe hakk\u0131nda daha \u00f6nceden bilgi edinmi\u015f olup olmamak \u00f6nemli de\u011fildir. Bizim birincil amac\u0131m\u0131z felsefenin en b\u00fcy\u00fcleyici ve en \u00f6nemli problemlerinden baz\u0131lar\u0131yla okuyucunun tan\u0131\u015fmas\u0131na yard\u0131mc\u0131 olmakt\u0131r. Zaman zaman Bat\u0131 gelene\u011fine mensup b\u00fcy\u00fck d\u00fc\u015f\u00fcn\u00fcrlerin baz\u0131lar\u0131n\u0131n d\u00fc\u015f\u00fcnceleri tart\u0131\u015f\u0131lacak olsa da, bu kitap bir felsefe tarihi kitab\u0131 de\u011fildir. Soru\u015fturmam\u0131z boyunca baz\u0131 felsefi \u00f6\u011fretileri tan\u0131yacak, betimleyecek ve de\u011ferlendirecek olsak bile, bu kitap bir felsefi \u00f6\u011fretiler katalo\u011fu da de\u011fildir. Ba\u015fka her \u015feyden \u00e7ok yapmaya \u00e7al\u0131\u015ft\u0131\u011f\u0131m\u0131z \u015fey, felsefi olarak d\u00fc\u015f\u00fcnmenin ne anlama geldi\u011fini g\u00f6stermektir. Biz de sizi, \u0130ngilizce e\u011fitim yapan bir\u00e7ok \u00fcniversitede Felsefeye Giri\u015f derslerinde okutulan, on senede onlarca bask\u0131 yapan, otoriteler taraf\u0131ndan alan\u0131nda en anla\u015f\u0131l\u0131r ve en iyi kitap olarak de\u011ferlendirilen bu kitab\u0131 okumaya ve b\u00f6ylece felsefi d\u00fc\u015f\u00fcnme ser\u00fcvenine \u00e7\u0131kmaya davet ediyoruz&#8230; <\/p>\n","protected":false},"excerpt":{"rendered":"<p>Chris Horner ve Emrys Westacott\u2019un en temel iddias\u0131 felsefi d\u00fc\u015f\u00fcnmenin, san\u0131lan\u0131n aksine, herkes taraf\u0131ndan ger\u00e7ekle\u015ftirilebilecek bir u\u011fra\u015f oldu\u011fudur. Bu iki profes\u00f6r g\u00fcnl\u00fck hayatta kar\u015f\u0131m\u0131za \u00e7\u0131kabilecek durumlarla<span class=\"excerpt-hellip\"> [\u2026]<\/span><\/p>\n","protected":false},"featured_media":0,"template":"","meta":{"_monsterinsights_skip_tracking":false,"_monsterinsights_sitenote_active":false,"_monsterinsights_sitenote_note":"","_monsterinsights_sitenote_category":0},"product_brand":[],"product_cat":[12364,12376],"product_tag":[],"class_list":{"0":"post-692506","1":"product","2":"type-product","3":"status-publish","5":"product_cat-genel-konular","6":"product_cat-kisisel-gelisim","7":"pa_cilt-ciltsiz","8":"pa_tur-kitap","9":"pa_yayinevi-phoenix-yayinevi","10":"pa_yazar-emrys-westacott","12":"first","13":"instock","14":"sale","15":"shipping-taxable","16":"purchasable","17":"product-type-simple"},"_links":{"self":[{"href":"https:\/\/roveyayinevi.com.tr\/index.php\/wp-json\/wp\/v2\/product\/692506","targetHints":{"allow":["GET"]}}],"collection":[{"href":"https:\/\/roveyayinevi.com.tr\/index.php\/wp-json\/wp\/v2\/product"}],"about":[{"href":"https:\/\/roveyayinevi.com.tr\/index.php\/wp-json\/wp\/v2\/types\/product"}],"wp:attachment":[{"href":"https:\/\/roveyayinevi.com.tr\/index.php\/wp-json\/wp\/v2\/media?parent=692506"}],"wp:term":[{"taxonomy":"product_brand","embeddable":true,"href":"https:\/\/roveyayinevi.com.tr\/index.php\/wp-json\/wp\/v2\/product_brand?post=692506"},{"taxonomy":"product_cat","embeddable":true,"href":"https:\/\/roveyayinevi.com.tr\/index.php\/wp-json\/wp\/v2\/product_cat?post=692506"},{"taxonomy":"product_tag","embeddable":true,"href":"https:\/\/roveyayinevi.com.tr\/index.php\/wp-json\/wp\/v2\/product_tag?post=692506"}],"curies":[{"name":"wp","href":"https:\/\/api.w.org\/{rel}","templated":true}]}}