{"id":692483,"date":"2025-08-27T14:07:13","date_gmt":"2025-08-27T11:07:13","guid":{"rendered":"https:\/\/roveyayinevi.com.tr\/index.php\/urun\/demokrasi\/"},"modified":"2025-10-09T02:21:56","modified_gmt":"2025-10-08T23:21:56","slug":"demokrasi","status":"publish","type":"product","link":"https:\/\/roveyayinevi.com.tr\/index.php\/urun\/demokrasi\/","title":{"rendered":"Demokrasi"},"content":{"rendered":"<p>Demokrasi nedir? D\u00fcnyan\u0131n bir\u00e7ok b\u00f6lgesinde u\u011fruna milyonlarca insan\u0131n hayatlar\u0131n\u0131  feda  ettikleri bu  kutsal  kavram neyi ifade eder? Charles Tilly Demokrasi kitab\u0131nda, konuya, tarih, siyaset bilimi ve sosyolojinin  s\u0131n\u0131r lar\u0131n\u0131 yok sayarak, kar\u015f\u0131la\u015ft\u0131rmal\u0131-analitik bir yakla\u015f\u0131mla e\u011filiyor. Tilly, g\u00fcn\u00fcm\u00fczde daha iyi bir ya\u015fam s\u00fcrme m\u00fccadelesi veren halklar taraf\u0131ndan pek \u00e7ok de\u011fer atfedilen  demokrasi nin \u00f6n\u00fcndeki perdeleri aralamaya \u00e7al\u0131\u015f\u0131yor; yaln\u0131zca demokratikle\u015fme s\u00fcre\u00e7lerini de\u011fil, demokratikle\u015fmenin geri \u00e7evrildi\u011fi s\u00fcre\u00e7leri de inceliyor. Toplumsal kurumlar\u0131n demokratikle\u015fmenin ger\u00e7ekle\u015fip ger\u00e7ekle\u015fmeyece\u011fi ya da nas\u0131l ger\u00e7ekle\u015fece\u011fi konusundaki tayin edici rol\u00fcne vurgu yaparak kitab\u0131 hakk\u0131nda \u015funlar\u0131 s\u00f6yl\u00fcyor:  Demokrasiler nas\u0131l ve neden ortaya \u00e7\u0131karlar? Demokrasiler neden bazen yok olurlar? Daha genel olarak, t\u00fcm \u00fclkelerin demokratikle\u015fmesine ya da demokratikle\u015fmesinin geri \u00e7evrimine sebep olan nedir? Bu kitap, t\u00fcm d\u00fcnyay\u0131 ve insanl\u0131k tarihinin \u00e7ok b\u00fcy\u00fck bir b\u00f6l\u00fcm\u00fcn\u00fc kapsam\u0131 i\u00e7ine alarak demokratik rejimleri do\u011furan s\u00fcre\u00e7lerin sistematik bir analizini sunmaktad\u0131r. Demokrasinin kapsam\u0131ndaki ve karakterindeki \u00e7e\u015fitlenmeyi ve de de\u011fi\u015fimi insanl\u0131k deneyiminin geni\u015f y\u0131\u011f\u0131nlar\u0131 \u00fczerinden a\u00e7\u0131klamaya \u00e7al\u0131\u015fmaktad\u0131r. Demokrasinin kapsam\u0131n\u0131n ve karakterinin kamusal hayat\u0131n kalitesi \u00fczerinde yaratt\u0131\u011f\u0131 farkl\u0131l\u0131\u011f\u0131n ne oldu\u011funu sormaktad\u0131r. Bu kitap demokrasiyi ciddiye almaktad\u0131r. <\/p>\n","protected":false},"excerpt":{"rendered":"<p>Demokrasi nedir? D\u00fcnyan\u0131n bir\u00e7ok b\u00f6lgesinde u\u011fruna milyonlarca insan\u0131n hayatlar\u0131n\u0131 feda ettikleri bu kutsal kavram neyi ifade eder? Charles Tilly Demokrasi kitab\u0131nda, konuya, tarih, siyaset bilimi ve<span class=\"excerpt-hellip\"> [\u2026]<\/span><\/p>\n","protected":false},"featured_media":0,"template":"","meta":{"_monsterinsights_skip_tracking":false,"_monsterinsights_sitenote_active":false,"_monsterinsights_sitenote_note":"","_monsterinsights_sitenote_category":0},"product_brand":[],"product_cat":[13059,12337],"product_tag":[],"class_list":{"0":"post-692483","1":"product","2":"type-product","3":"status-publish","5":"product_cat-diger-politika-siyaset","6":"product_cat-politika-siyaset","7":"pa_tur-kitap","8":"pa_yayinevi-phoenix-yayinevi","9":"pa_yazar-charles-tilly","11":"first","12":"instock","13":"sale","14":"shipping-taxable","15":"purchasable","16":"product-type-simple"},"_links":{"self":[{"href":"https:\/\/roveyayinevi.com.tr\/index.php\/wp-json\/wp\/v2\/product\/692483","targetHints":{"allow":["GET"]}}],"collection":[{"href":"https:\/\/roveyayinevi.com.tr\/index.php\/wp-json\/wp\/v2\/product"}],"about":[{"href":"https:\/\/roveyayinevi.com.tr\/index.php\/wp-json\/wp\/v2\/types\/product"}],"wp:attachment":[{"href":"https:\/\/roveyayinevi.com.tr\/index.php\/wp-json\/wp\/v2\/media?parent=692483"}],"wp:term":[{"taxonomy":"product_brand","embeddable":true,"href":"https:\/\/roveyayinevi.com.tr\/index.php\/wp-json\/wp\/v2\/product_brand?post=692483"},{"taxonomy":"product_cat","embeddable":true,"href":"https:\/\/roveyayinevi.com.tr\/index.php\/wp-json\/wp\/v2\/product_cat?post=692483"},{"taxonomy":"product_tag","embeddable":true,"href":"https:\/\/roveyayinevi.com.tr\/index.php\/wp-json\/wp\/v2\/product_tag?post=692483"}],"curies":[{"name":"wp","href":"https:\/\/api.w.org\/{rel}","templated":true}]}}