{"id":692480,"date":"2025-08-27T14:07:12","date_gmt":"2025-08-27T11:07:12","guid":{"rendered":"https:\/\/roveyayinevi.com.tr\/index.php\/urun\/aztek-ve-maya-mitleri\/"},"modified":"2026-04-16T02:02:32","modified_gmt":"2026-04-15T23:02:32","slug":"aztek-ve-maya-mitleri","status":"publish","type":"product","link":"https:\/\/roveyayinevi.com.tr\/index.php\/urun\/aztek-ve-maya-mitleri\/","title":{"rendered":"Aztek ve Maya Mitleri"},"content":{"rendered":"<p>Antik Aztek ve Maya Uygarl\u0131klar\u0131\u2019na ait mitler, g\u00fcn\u00fcm\u00fczde halen Meksika ve Orta Amerika\u2019da varl\u0131\u011f\u0131n\u0131 s\u00fcrd\u00fcren ortak Mezoamerikan k\u00fclt\u00fcrel gelenekten kaynaklanmaktad\u0131r. Mayalar\u0131n varolu\u015f ve sel ile ilgili mitleri, \u0130spanyol s\u00f6m\u00fcrgecili\u011fi \u00f6ncesi d\u00f6nemde \u00e7e\u015fitli \u015fekillerde var olmu\u015ftur. Ancak Aztek <\/p>\n","protected":false},"excerpt":{"rendered":"<p>Antik Aztek ve Maya Uygarl\u0131klar\u0131\u2019na ait mitler, g\u00fcn\u00fcm\u00fczde halen Meksika ve Orta Amerika\u2019da varl\u0131\u011f\u0131n\u0131 s\u00fcrd\u00fcren ortak Mezoamerikan k\u00fclt\u00fcrel gelenekten kaynaklanmaktad\u0131r. Mayalar\u0131n varolu\u015f ve sel ile ilgili<span class=\"excerpt-hellip\"> [\u2026]<\/span><\/p>\n","protected":false},"featured_media":0,"template":"","meta":{"_monsterinsights_skip_tracking":false,"_monsterinsights_sitenote_active":false,"_monsterinsights_sitenote_note":"","_monsterinsights_sitenote_category":0},"product_brand":[],"product_cat":[12718,12858],"product_tag":[],"class_list":{"0":"post-692480","1":"product","2":"type-product","3":"status-publish","5":"product_cat-din","6":"product_cat-mitolojiler","7":"pa_tur-kitap","8":"pa_yayinevi-phoenix-yayinevi","9":"pa_yazar-karl-taube","11":"first","12":"instock","13":"sale","14":"shipping-taxable","15":"purchasable","16":"product-type-simple"},"_links":{"self":[{"href":"https:\/\/roveyayinevi.com.tr\/index.php\/wp-json\/wp\/v2\/product\/692480","targetHints":{"allow":["GET"]}}],"collection":[{"href":"https:\/\/roveyayinevi.com.tr\/index.php\/wp-json\/wp\/v2\/product"}],"about":[{"href":"https:\/\/roveyayinevi.com.tr\/index.php\/wp-json\/wp\/v2\/types\/product"}],"wp:attachment":[{"href":"https:\/\/roveyayinevi.com.tr\/index.php\/wp-json\/wp\/v2\/media?parent=692480"}],"wp:term":[{"taxonomy":"product_brand","embeddable":true,"href":"https:\/\/roveyayinevi.com.tr\/index.php\/wp-json\/wp\/v2\/product_brand?post=692480"},{"taxonomy":"product_cat","embeddable":true,"href":"https:\/\/roveyayinevi.com.tr\/index.php\/wp-json\/wp\/v2\/product_cat?post=692480"},{"taxonomy":"product_tag","embeddable":true,"href":"https:\/\/roveyayinevi.com.tr\/index.php\/wp-json\/wp\/v2\/product_tag?post=692480"}],"curies":[{"name":"wp","href":"https:\/\/api.w.org\/{rel}","templated":true}]}}