{"id":692476,"date":"2025-08-27T14:07:11","date_gmt":"2025-08-27T11:07:11","guid":{"rendered":"https:\/\/roveyayinevi.com.tr\/index.php\/urun\/huzura-ve-barisa-dogru\/"},"modified":"2026-04-08T02:03:29","modified_gmt":"2026-04-07T23:03:29","slug":"huzura-ve-barisa-dogru","status":"publish","type":"product","link":"https:\/\/roveyayinevi.com.tr\/index.php\/urun\/huzura-ve-barisa-dogru\/","title":{"rendered":"Huzura ve Bar\u0131\u015fa Do\u011fru"},"content":{"rendered":"<p>D\u00fc\u015f\u00fcnce \u00e7at\u0131\u015fman\u0131n k\u00f6kenidir. D\u00fc\u015f\u00fcnce, insanlar\u0131 uluslara, dinlere b\u00f6lerek d\u00fcnyadaki d\u00fczensizli\u011fi yaratm\u0131\u015ft\u0131r.D\u00fc\u015f\u00fcnce d\u00fcnyay\u0131 b\u00f6lm\u00fc\u015f ve kendisini, kendi ruhunun i\u00e7ine saklam\u0131\u015ft\u0131r. En muhte\u015fem katedralleri, en muhte\u015fem tap\u0131naklar\u0131, camileri, b\u00fcy\u00fck mimari yap\u0131lar\u0131 ayn\u0131 zamanda da b\u00fcy\u00fck y\u0131k\u0131m ara\u00e7lar\u0131n\u0131, atom bombas\u0131n\u0131 yaratm\u0131\u015ft\u0131r. Katedrallerdeki, tap\u0131naklardaki, camilerdeki, s\u00f6z\u00fcm ona ibadet yerlerindeki her \u015fey d\u00fc\u015f\u00fcncenin \u00fcr\u00fcn\u00fcd\u00fcr. T\u00fcm bunlar\u0131 d\u00fc\u015f\u00fcnce icat etmi\u015ftir. D\u00fc\u015f\u00fcnce olmadan var olamazd\u0131n\u0131z. G\u00f6r\u00fcnt\u00fcleri yaratm\u0131\u015f olan d\u00fc\u015f\u00fcnce, o g\u00f6r\u00fcnt\u00fclere tapar hale gelir. <\/p>\n","protected":false},"excerpt":{"rendered":"<p>D\u00fc\u015f\u00fcnce \u00e7at\u0131\u015fman\u0131n k\u00f6kenidir. D\u00fc\u015f\u00fcnce, insanlar\u0131 uluslara, dinlere b\u00f6lerek d\u00fcnyadaki d\u00fczensizli\u011fi yaratm\u0131\u015ft\u0131r.D\u00fc\u015f\u00fcnce d\u00fcnyay\u0131 b\u00f6lm\u00fc\u015f ve kendisini, kendi ruhunun i\u00e7ine saklam\u0131\u015ft\u0131r. En muhte\u015fem katedralleri, en muhte\u015fem tap\u0131naklar\u0131, camileri,<span class=\"excerpt-hellip\"> [\u2026]<\/span><\/p>\n","protected":false},"featured_media":0,"template":"","meta":{"_monsterinsights_skip_tracking":false,"_monsterinsights_sitenote_active":false,"_monsterinsights_sitenote_note":"","_monsterinsights_sitenote_category":0},"product_brand":[],"product_cat":[12364,12376],"product_tag":[],"class_list":{"0":"post-692476","1":"product","2":"type-product","3":"status-publish","5":"product_cat-genel-konular","6":"product_cat-kisisel-gelisim","7":"pa_cilt-ciltsiz","8":"pa_tur-kitap","9":"pa_yayinevi-omega","10":"pa_yazar-j-krishnamurti","12":"first","13":"instock","14":"sale","15":"shipping-taxable","16":"purchasable","17":"product-type-simple"},"_links":{"self":[{"href":"https:\/\/roveyayinevi.com.tr\/index.php\/wp-json\/wp\/v2\/product\/692476","targetHints":{"allow":["GET"]}}],"collection":[{"href":"https:\/\/roveyayinevi.com.tr\/index.php\/wp-json\/wp\/v2\/product"}],"about":[{"href":"https:\/\/roveyayinevi.com.tr\/index.php\/wp-json\/wp\/v2\/types\/product"}],"wp:attachment":[{"href":"https:\/\/roveyayinevi.com.tr\/index.php\/wp-json\/wp\/v2\/media?parent=692476"}],"wp:term":[{"taxonomy":"product_brand","embeddable":true,"href":"https:\/\/roveyayinevi.com.tr\/index.php\/wp-json\/wp\/v2\/product_brand?post=692476"},{"taxonomy":"product_cat","embeddable":true,"href":"https:\/\/roveyayinevi.com.tr\/index.php\/wp-json\/wp\/v2\/product_cat?post=692476"},{"taxonomy":"product_tag","embeddable":true,"href":"https:\/\/roveyayinevi.com.tr\/index.php\/wp-json\/wp\/v2\/product_tag?post=692476"}],"curies":[{"name":"wp","href":"https:\/\/api.w.org\/{rel}","templated":true}]}}